{"id":14281,"date":"2024-03-04T12:07:48","date_gmt":"2024-03-04T12:07:48","guid":{"rendered":"https:\/\/franjashop.com\/product\/las-palets-de-la-mere-poulard\/"},"modified":"2024-03-04T12:07:48","modified_gmt":"2024-03-04T12:07:48","slug":"las-palets-de-la-mere-poulard","status":"publish","type":"product","link":"https:\/\/franja.hr\/hr\/proizvod\/las-palets-de-la-mere-poulard\/","title":{"rendered":"Las Palets de la Mere Poulard"},"content":{"rendered":"<p>Ne propustite ovaj biskvit koji na \u010dudesan na\u010din spaja kiselost limuna i slatko\u0107u prhkog tijesta. Prona\u0111ite ga u ovoj kolekcionarskoj kutiji od 2 vre\u0107ice po 4 keksa.<\/p>\n<p><strong>Sastojci<\/strong><\/p>\n<p>P\u0161eni\u010dno bra\u0161no (Francuska), maslac (23%), \u0161e\u0107er, pasta od limuna (5%) (kora limuna, glukozno-fruktozni sirup, \u0161e\u0107er, regulator kiselosti: limunska kiselina), jaja (2,6%), \u017eumanjak u prahu (1,3%) ), prirodna aroma limuna (0,8%), sol.<\/p>\n","protected":false},"excerpt":{"rendered":"<p>Ne propustite ovaj biskvit koji na \u010dudesan na\u010din spaja kiselost limuna i slatko\u0107u prhkog tijesta. Prona\u0111ite ga u ovoj kolekcionarskoj<\/p>\n","protected":false},"featured_media":13440,"comment_status":"closed","ping_status":"closed","template":"","meta":[],"product_cat":[295],"product_tag":[],"yoast_head":"<!-- This site is optimized with the Yoast SEO Premium plugin v23.5 (Yoast SEO v23.5) - https:\/\/yoast.com\/wordpress\/plugins\/seo\/ -->\n<title>Las Palets de la Mere Poulard - Franja Coffe<\/title>\n<meta name=\"robots\" content=\"index, follow, max-snippet:-1, max-image-preview:large, max-video-preview:-1\" \/>\n<link rel=\"canonical\" href=\"https:\/\/franja.hr\/hr\/proizvod\/las-palets-de-la-mere-poulard\/\" \/>\n<meta property=\"og:locale\" content=\"hr_HR\" \/>\n<meta property=\"og:type\" content=\"article\" \/>\n<meta property=\"og:title\" content=\"Las Palets de la Mere Poulard\" \/>\n<meta property=\"og:description\" content=\"Ne propustite ovaj biskvit koji na \u010dudesan na\u010din spaja kiselost limuna i slatko\u0107u prhkog tijesta. Prona\u0111ite ga u ovoj kolekcionarskoj\" \/>\n<meta property=\"og:url\" content=\"https:\/\/franja.hr\/hr\/proizvod\/las-palets-de-la-mere-poulard\/\" \/>\n<meta property=\"og:site_name\" content=\"Franja Coffe\" \/>\n<meta property=\"article:publisher\" content=\"https:\/\/facebook.com\/franjakava\/\" \/>\n<meta property=\"og:image\" content=\"https:\/\/franja.hr\/wp-content\/uploads\/2024\/02\/franja2_0131.jpeg\" \/>\n\t<meta property=\"og:image:width\" content=\"731\" \/>\n\t<meta property=\"og:image:height\" content=\"731\" \/>\n\t<meta property=\"og:image:type\" content=\"image\/jpeg\" \/>\n<meta name=\"twitter:card\" content=\"summary_large_image\" \/>\n<meta name=\"twitter:label1\" content=\"Price\" \/>\n\t<meta name=\"twitter:data1\" content=\"3.70&nbsp;&euro; PDV uklj.\" \/>\n\t<meta name=\"twitter:label2\" content=\"Availability\" \/>\n\t<meta name=\"twitter:data2\" content=\"In stock\" \/>\n<script type=\"application\/ld+json\" class=\"yoast-schema-graph\">{\"@context\":\"https:\/\/schema.org\",\"@graph\":[{\"@type\":\"WebPage\",\"@id\":\"https:\/\/franja.hr\/hr\/proizvod\/las-palets-de-la-mere-poulard\/\",\"url\":\"https:\/\/franja.hr\/hr\/proizvod\/las-palets-de-la-mere-poulard\/\",\"name\":\"Las Palets de la Mere Poulard - Franja Coffe\",\"isPartOf\":{\"@id\":\"https:\/\/franja.hr\/#website\"},\"primaryImageOfPage\":{\"@id\":\"https:\/\/franja.hr\/hr\/proizvod\/las-palets-de-la-mere-poulard\/#primaryimage\"},\"image\":{\"@id\":\"https:\/\/franja.hr\/hr\/proizvod\/las-palets-de-la-mere-poulard\/#primaryimage\"},\"thumbnailUrl\":\"https:\/\/franja.hr\/wp-content\/uploads\/2024\/02\/franja2_0131.jpeg\",\"datePublished\":\"2024-03-04T12:07:48+00:00\",\"dateModified\":\"2024-03-04T12:07:48+00:00\",\"breadcrumb\":{\"@id\":\"https:\/\/franja.hr\/hr\/proizvod\/las-palets-de-la-mere-poulard\/#breadcrumb\"},\"inLanguage\":\"hr\",\"potentialAction\":[{\"@type\":\"ReadAction\",\"target\":[\"https:\/\/franja.hr\/hr\/proizvod\/las-palets-de-la-mere-poulard\/\"]}]},{\"@type\":\"ImageObject\",\"inLanguage\":\"hr\",\"@id\":\"https:\/\/franja.hr\/hr\/proizvod\/las-palets-de-la-mere-poulard\/#primaryimage\",\"url\":\"https:\/\/franja.hr\/wp-content\/uploads\/2024\/02\/franja2_0131.jpeg\",\"contentUrl\":\"https:\/\/franja.hr\/wp-content\/uploads\/2024\/02\/franja2_0131.jpeg\",\"width\":731,\"height\":731},{\"@type\":\"BreadcrumbList\",\"@id\":\"https:\/\/franja.hr\/hr\/proizvod\/las-palets-de-la-mere-poulard\/#breadcrumb\",\"itemListElement\":[{\"@type\":\"ListItem\",\"position\":1,\"name\":\"Home\",\"item\":\"https:\/\/franja.hr\/hr\/coffe-tea\/\"},{\"@type\":\"ListItem\",\"position\":2,\"name\":\"Trgovina\",\"item\":\"https:\/\/franja.hr\/hr\/shop-2\/\"},{\"@type\":\"ListItem\",\"position\":3,\"name\":\"Las Palets de la Mere Poulard\"}]},{\"@type\":\"WebSite\",\"@id\":\"https:\/\/franja.hr\/#website\",\"url\":\"https:\/\/franja.hr\/\",\"name\":\"Franja Coffe\",\"description\":\"Franja coffe &amp; teahouse\",\"publisher\":{\"@id\":\"https:\/\/franja.hr\/#organization\"},\"potentialAction\":[{\"@type\":\"SearchAction\",\"target\":{\"@type\":\"EntryPoint\",\"urlTemplate\":\"https:\/\/franja.hr\/?s={search_term_string}\"},\"query-input\":{\"@type\":\"PropertyValueSpecification\",\"valueRequired\":true,\"valueName\":\"search_term_string\"}}],\"inLanguage\":\"hr\"},{\"@type\":\"Organization\",\"@id\":\"https:\/\/franja.hr\/#organization\",\"name\":\"Franja Coffe\",\"url\":\"https:\/\/franja.hr\/\",\"logo\":{\"@type\":\"ImageObject\",\"inLanguage\":\"hr\",\"@id\":\"https:\/\/franja.hr\/#\/schema\/logo\/image\/\",\"url\":\"https:\/\/franja.hr\/wp-content\/uploads\/2024\/03\/logo-franja_box.png\",\"contentUrl\":\"https:\/\/franja.hr\/wp-content\/uploads\/2024\/03\/logo-franja_box.png\",\"width\":150,\"height\":60,\"caption\":\"Franja Coffe\"},\"image\":{\"@id\":\"https:\/\/franja.hr\/#\/schema\/logo\/image\/\"},\"sameAs\":[\"https:\/\/facebook.com\/franjakava\/\",\"https:\/\/www.instagram.com\/franjakava_caj\/\"]}]}<\/script>\n<meta property=\"product:price:amount\" content=\"3.70\" \/>\n<meta property=\"product:price:currency\" content=\"EUR\" \/>\n<meta property=\"og:availability\" content=\"instock\" \/>\n<meta property=\"product:availability\" content=\"instock\" \/>\n<meta property=\"product:retailer_item_id\" content=\"0418\" \/>\n<meta property=\"product:condition\" content=\"new\" \/>\n<!-- \/ Yoast SEO Premium plugin. -->","yoast_head_json":{"title":"Las Palets de la Mere Poulard - Franja Coffe","robots":{"index":"index","follow":"follow","max-snippet":"max-snippet:-1","max-image-preview":"max-image-preview:large","max-video-preview":"max-video-preview:-1"},"canonical":"https:\/\/franja.hr\/hr\/proizvod\/las-palets-de-la-mere-poulard\/","og_locale":"hr_HR","og_type":"article","og_title":"Las Palets de la Mere Poulard","og_description":"Ne propustite ovaj biskvit koji na \u010dudesan na\u010din spaja kiselost limuna i slatko\u0107u prhkog tijesta. Prona\u0111ite ga u ovoj kolekcionarskoj","og_url":"https:\/\/franja.hr\/hr\/proizvod\/las-palets-de-la-mere-poulard\/","og_site_name":"Franja Coffe","article_publisher":"https:\/\/facebook.com\/franjakava\/","og_image":[{"width":731,"height":731,"url":"https:\/\/franja.hr\/wp-content\/uploads\/2024\/02\/franja2_0131.jpeg","type":"image\/jpeg"}],"twitter_card":"summary_large_image","twitter_misc":{"Price":"3.70&nbsp;&euro; PDV uklj.","Availability":"In stock"},"schema":{"@context":"https:\/\/schema.org","@graph":[{"@type":"WebPage","@id":"https:\/\/franja.hr\/hr\/proizvod\/las-palets-de-la-mere-poulard\/","url":"https:\/\/franja.hr\/hr\/proizvod\/las-palets-de-la-mere-poulard\/","name":"Las Palets de la Mere Poulard - Franja Coffe","isPartOf":{"@id":"https:\/\/franja.hr\/#website"},"primaryImageOfPage":{"@id":"https:\/\/franja.hr\/hr\/proizvod\/las-palets-de-la-mere-poulard\/#primaryimage"},"image":{"@id":"https:\/\/franja.hr\/hr\/proizvod\/las-palets-de-la-mere-poulard\/#primaryimage"},"thumbnailUrl":"https:\/\/franja.hr\/wp-content\/uploads\/2024\/02\/franja2_0131.jpeg","datePublished":"2024-03-04T12:07:48+00:00","dateModified":"2024-03-04T12:07:48+00:00","breadcrumb":{"@id":"https:\/\/franja.hr\/hr\/proizvod\/las-palets-de-la-mere-poulard\/#breadcrumb"},"inLanguage":"hr","potentialAction":[{"@type":"ReadAction","target":["https:\/\/franja.hr\/hr\/proizvod\/las-palets-de-la-mere-poulard\/"]}]},{"@type":"ImageObject","inLanguage":"hr","@id":"https:\/\/franja.hr\/hr\/proizvod\/las-palets-de-la-mere-poulard\/#primaryimage","url":"https:\/\/franja.hr\/wp-content\/uploads\/2024\/02\/franja2_0131.jpeg","contentUrl":"https:\/\/franja.hr\/wp-content\/uploads\/2024\/02\/franja2_0131.jpeg","width":731,"height":731},{"@type":"BreadcrumbList","@id":"https:\/\/franja.hr\/hr\/proizvod\/las-palets-de-la-mere-poulard\/#breadcrumb","itemListElement":[{"@type":"ListItem","position":1,"name":"Home","item":"https:\/\/franja.hr\/hr\/coffe-tea\/"},{"@type":"ListItem","position":2,"name":"Trgovina","item":"https:\/\/franja.hr\/hr\/shop-2\/"},{"@type":"ListItem","position":3,"name":"Las Palets de la Mere Poulard"}]},{"@type":"WebSite","@id":"https:\/\/franja.hr\/#website","url":"https:\/\/franja.hr\/","name":"Franja Coffe","description":"Franja coffe &amp; teahouse","publisher":{"@id":"https:\/\/franja.hr\/#organization"},"potentialAction":[{"@type":"SearchAction","target":{"@type":"EntryPoint","urlTemplate":"https:\/\/franja.hr\/?s={search_term_string}"},"query-input":{"@type":"PropertyValueSpecification","valueRequired":true,"valueName":"search_term_string"}}],"inLanguage":"hr"},{"@type":"Organization","@id":"https:\/\/franja.hr\/#organization","name":"Franja Coffe","url":"https:\/\/franja.hr\/","logo":{"@type":"ImageObject","inLanguage":"hr","@id":"https:\/\/franja.hr\/#\/schema\/logo\/image\/","url":"https:\/\/franja.hr\/wp-content\/uploads\/2024\/03\/logo-franja_box.png","contentUrl":"https:\/\/franja.hr\/wp-content\/uploads\/2024\/03\/logo-franja_box.png","width":150,"height":60,"caption":"Franja Coffe"},"image":{"@id":"https:\/\/franja.hr\/#\/schema\/logo\/image\/"},"sameAs":["https:\/\/facebook.com\/franjakava\/","https:\/\/www.instagram.com\/franjakava_caj\/"]}]},"product_price_amount":"3.70","product_price_currency":"EUR","og_availability":"instock","product_availability":"instock","product_retailer_item_id":"0418","product_condition":"new"},"_links":{"self":[{"href":"https:\/\/franja.hr\/hr\/wp-json\/wp\/v2\/product\/14281"}],"collection":[{"href":"https:\/\/franja.hr\/hr\/wp-json\/wp\/v2\/product"}],"about":[{"href":"https:\/\/franja.hr\/hr\/wp-json\/wp\/v2\/types\/product"}],"replies":[{"embeddable":true,"href":"https:\/\/franja.hr\/hr\/wp-json\/wp\/v2\/comments?post=14281"}],"wp:featuredmedia":[{"embeddable":true,"href":"https:\/\/franja.hr\/hr\/wp-json\/wp\/v2\/media\/13440"}],"wp:attachment":[{"href":"https:\/\/franja.hr\/hr\/wp-json\/wp\/v2\/media?parent=14281"}],"wp:term":[{"taxonomy":"product_cat","embeddable":true,"href":"https:\/\/franja.hr\/hr\/wp-json\/wp\/v2\/product_cat?post=14281"},{"taxonomy":"product_tag","embeddable":true,"href":"https:\/\/franja.hr\/hr\/wp-json\/wp\/v2\/product_tag?post=14281"}],"curies":[{"name":"wp","href":"https:\/\/api.w.org\/{rel}","templated":true}]}}