{"id":14190,"date":"2024-03-04T10:56:03","date_gmt":"2024-03-04T10:56:03","guid":{"rendered":"https:\/\/franjashop.com\/product\/la-mere-poulard-2\/"},"modified":"2024-03-04T10:56:03","modified_gmt":"2024-03-04T10:56:03","slug":"la-mere-poulard-2","status":"publish","type":"product","link":"https:\/\/franja.hr\/hr\/proizvod\/la-mere-poulard-2\/","title":{"rendered":"La M\u00e8re Poulard"},"content":{"rendered":"<p>Okus Normandije za ovaj kola\u010di\u0107 iz Sjedinjenih Dr\u017eava, prona\u0111ite slatko\u0107u jabuke i karamele u ovom kola\u010di\u0107u. Ova kutija je idealna da obradujete svoje najdra\u017ee. Ova kutija sadr\u017ei 5 vre\u0107ica po 2 keksa.<\/p>\n<p><strong class=\"bilo productTab__wrapper__title\">Sastojci<\/strong><\/p>\n<p class=\"productTab__wrapper__desc\">P\u0161eni\u010dno bra\u0161no (Francuska), maslac (19%), sme\u0111i \u0161e\u0107er, \u010dips od jabuke (8%) (vo\u0107e (koncentrirana ka\u0161a od jabuke, koncentrirani sok od jabuke), fruktozni sirup, \u0161e\u0107er, ri\u017eino bra\u0161no, kakao maslac, sredstvo za \u017eeliranje: pektin, prirodni arome, zakiseljiva\u010d: limunska kiselina, citrusna vlakna), komadi\u0107i karamele od slanog maslaca (5%) (\u0161e\u0107er, glukozni sirup, Normandy cr\u00e8me fraiche, slani maslac (4,1%), obrano mlijeko u prahu, Gu\u00e9rande fleur de sel (1,6%), bojilo Sastav: obi\u010dna karamela), jaja (5%), pra\u0161ak za pecivo (difosfat, natrijev karbonat, p\u0161eni\u010dni \u0161krob), prirodna aroma jabuke (0,4%), sol, emulgator: suncokretov lecitin.\u200b<\/p>\n","protected":false},"excerpt":{"rendered":"<p>Okus Normandije za ovaj kola\u010di\u0107 iz Sjedinjenih Dr\u017eava, prona\u0111ite slatko\u0107u jabuke i karamele u ovom kola\u010di\u0107u. Ova kutija je idealna<\/p>\n","protected":false},"featured_media":13452,"comment_status":"closed","ping_status":"closed","template":"","meta":[],"product_cat":[295],"product_tag":[],"yoast_head":"<!-- This site is optimized with the Yoast SEO Premium plugin v23.5 (Yoast SEO v23.5) - https:\/\/yoast.com\/wordpress\/plugins\/seo\/ -->\n<title>La M\u00e8re Poulard - Franja Coffe<\/title>\n<meta name=\"robots\" content=\"index, follow, max-snippet:-1, max-image-preview:large, max-video-preview:-1\" \/>\n<link rel=\"canonical\" href=\"https:\/\/franja.hr\/hr\/proizvod\/la-mere-poulard-2\/\" \/>\n<meta property=\"og:locale\" content=\"hr_HR\" \/>\n<meta property=\"og:type\" content=\"article\" \/>\n<meta property=\"og:title\" content=\"La M\u00e8re Poulard\" \/>\n<meta property=\"og:description\" content=\"Okus Normandije za ovaj kola\u010di\u0107 iz Sjedinjenih Dr\u017eava, prona\u0111ite slatko\u0107u jabuke i karamele u ovom kola\u010di\u0107u. Ova kutija je idealna\" \/>\n<meta property=\"og:url\" content=\"https:\/\/franja.hr\/hr\/proizvod\/la-mere-poulard-2\/\" \/>\n<meta property=\"og:site_name\" content=\"Franja Coffe\" \/>\n<meta property=\"article:publisher\" content=\"https:\/\/facebook.com\/franjakava\/\" \/>\n<meta property=\"og:image\" content=\"https:\/\/franja.hr\/wp-content\/uploads\/2024\/02\/franja2_0137.jpeg\" \/>\n\t<meta property=\"og:image:width\" content=\"677\" \/>\n\t<meta property=\"og:image:height\" content=\"677\" \/>\n\t<meta property=\"og:image:type\" content=\"image\/jpeg\" \/>\n<meta name=\"twitter:card\" content=\"summary_large_image\" \/>\n<meta name=\"twitter:label1\" content=\"Price\" \/>\n\t<meta name=\"twitter:data1\" content=\"11.98&nbsp;&euro; PDV uklj.\" \/>\n\t<meta name=\"twitter:label2\" content=\"Availability\" \/>\n\t<meta name=\"twitter:data2\" content=\"In stock\" \/>\n<script type=\"application\/ld+json\" class=\"yoast-schema-graph\">{\"@context\":\"https:\/\/schema.org\",\"@graph\":[{\"@type\":\"WebPage\",\"@id\":\"https:\/\/franja.hr\/hr\/proizvod\/la-mere-poulard-2\/\",\"url\":\"https:\/\/franja.hr\/hr\/proizvod\/la-mere-poulard-2\/\",\"name\":\"La M\u00e8re Poulard - Franja Coffe\",\"isPartOf\":{\"@id\":\"https:\/\/franja.hr\/#website\"},\"primaryImageOfPage\":{\"@id\":\"https:\/\/franja.hr\/hr\/proizvod\/la-mere-poulard-2\/#primaryimage\"},\"image\":{\"@id\":\"https:\/\/franja.hr\/hr\/proizvod\/la-mere-poulard-2\/#primaryimage\"},\"thumbnailUrl\":\"https:\/\/franja.hr\/wp-content\/uploads\/2024\/02\/franja2_0137.jpeg\",\"datePublished\":\"2024-03-04T10:56:03+00:00\",\"dateModified\":\"2024-03-04T10:56:03+00:00\",\"breadcrumb\":{\"@id\":\"https:\/\/franja.hr\/hr\/proizvod\/la-mere-poulard-2\/#breadcrumb\"},\"inLanguage\":\"hr\",\"potentialAction\":[{\"@type\":\"ReadAction\",\"target\":[\"https:\/\/franja.hr\/hr\/proizvod\/la-mere-poulard-2\/\"]}]},{\"@type\":\"ImageObject\",\"inLanguage\":\"hr\",\"@id\":\"https:\/\/franja.hr\/hr\/proizvod\/la-mere-poulard-2\/#primaryimage\",\"url\":\"https:\/\/franja.hr\/wp-content\/uploads\/2024\/02\/franja2_0137.jpeg\",\"contentUrl\":\"https:\/\/franja.hr\/wp-content\/uploads\/2024\/02\/franja2_0137.jpeg\",\"width\":677,\"height\":677},{\"@type\":\"BreadcrumbList\",\"@id\":\"https:\/\/franja.hr\/hr\/proizvod\/la-mere-poulard-2\/#breadcrumb\",\"itemListElement\":[{\"@type\":\"ListItem\",\"position\":1,\"name\":\"Home\",\"item\":\"https:\/\/franja.hr\/hr\/coffe-tea\/\"},{\"@type\":\"ListItem\",\"position\":2,\"name\":\"Trgovina\",\"item\":\"https:\/\/franja.hr\/hr\/shop-2\/\"},{\"@type\":\"ListItem\",\"position\":3,\"name\":\"La M\u00e8re Poulard\"}]},{\"@type\":\"WebSite\",\"@id\":\"https:\/\/franja.hr\/#website\",\"url\":\"https:\/\/franja.hr\/\",\"name\":\"Franja Coffe\",\"description\":\"Franja coffe &amp; teahouse\",\"publisher\":{\"@id\":\"https:\/\/franja.hr\/#organization\"},\"potentialAction\":[{\"@type\":\"SearchAction\",\"target\":{\"@type\":\"EntryPoint\",\"urlTemplate\":\"https:\/\/franja.hr\/?s={search_term_string}\"},\"query-input\":{\"@type\":\"PropertyValueSpecification\",\"valueRequired\":true,\"valueName\":\"search_term_string\"}}],\"inLanguage\":\"hr\"},{\"@type\":\"Organization\",\"@id\":\"https:\/\/franja.hr\/#organization\",\"name\":\"Franja Coffe\",\"url\":\"https:\/\/franja.hr\/\",\"logo\":{\"@type\":\"ImageObject\",\"inLanguage\":\"hr\",\"@id\":\"https:\/\/franja.hr\/#\/schema\/logo\/image\/\",\"url\":\"https:\/\/franja.hr\/wp-content\/uploads\/2024\/03\/logo-franja_box.png\",\"contentUrl\":\"https:\/\/franja.hr\/wp-content\/uploads\/2024\/03\/logo-franja_box.png\",\"width\":150,\"height\":60,\"caption\":\"Franja Coffe\"},\"image\":{\"@id\":\"https:\/\/franja.hr\/#\/schema\/logo\/image\/\"},\"sameAs\":[\"https:\/\/facebook.com\/franjakava\/\",\"https:\/\/www.instagram.com\/franjakava_caj\/\"]}]}<\/script>\n<meta property=\"product:price:amount\" content=\"11.98\" \/>\n<meta property=\"product:price:currency\" content=\"EUR\" \/>\n<meta property=\"og:availability\" content=\"instock\" \/>\n<meta property=\"product:availability\" content=\"instock\" \/>\n<meta property=\"product:retailer_item_id\" content=\"0412\" \/>\n<meta property=\"product:condition\" content=\"new\" \/>\n<!-- \/ Yoast SEO Premium plugin. -->","yoast_head_json":{"title":"La M\u00e8re Poulard - Franja Coffe","robots":{"index":"index","follow":"follow","max-snippet":"max-snippet:-1","max-image-preview":"max-image-preview:large","max-video-preview":"max-video-preview:-1"},"canonical":"https:\/\/franja.hr\/hr\/proizvod\/la-mere-poulard-2\/","og_locale":"hr_HR","og_type":"article","og_title":"La M\u00e8re Poulard","og_description":"Okus Normandije za ovaj kola\u010di\u0107 iz Sjedinjenih Dr\u017eava, prona\u0111ite slatko\u0107u jabuke i karamele u ovom kola\u010di\u0107u. Ova kutija je idealna","og_url":"https:\/\/franja.hr\/hr\/proizvod\/la-mere-poulard-2\/","og_site_name":"Franja Coffe","article_publisher":"https:\/\/facebook.com\/franjakava\/","og_image":[{"width":677,"height":677,"url":"https:\/\/franja.hr\/wp-content\/uploads\/2024\/02\/franja2_0137.jpeg","type":"image\/jpeg"}],"twitter_card":"summary_large_image","twitter_misc":{"Price":"11.98&nbsp;&euro; PDV uklj.","Availability":"In stock"},"schema":{"@context":"https:\/\/schema.org","@graph":[{"@type":"WebPage","@id":"https:\/\/franja.hr\/hr\/proizvod\/la-mere-poulard-2\/","url":"https:\/\/franja.hr\/hr\/proizvod\/la-mere-poulard-2\/","name":"La M\u00e8re Poulard - Franja Coffe","isPartOf":{"@id":"https:\/\/franja.hr\/#website"},"primaryImageOfPage":{"@id":"https:\/\/franja.hr\/hr\/proizvod\/la-mere-poulard-2\/#primaryimage"},"image":{"@id":"https:\/\/franja.hr\/hr\/proizvod\/la-mere-poulard-2\/#primaryimage"},"thumbnailUrl":"https:\/\/franja.hr\/wp-content\/uploads\/2024\/02\/franja2_0137.jpeg","datePublished":"2024-03-04T10:56:03+00:00","dateModified":"2024-03-04T10:56:03+00:00","breadcrumb":{"@id":"https:\/\/franja.hr\/hr\/proizvod\/la-mere-poulard-2\/#breadcrumb"},"inLanguage":"hr","potentialAction":[{"@type":"ReadAction","target":["https:\/\/franja.hr\/hr\/proizvod\/la-mere-poulard-2\/"]}]},{"@type":"ImageObject","inLanguage":"hr","@id":"https:\/\/franja.hr\/hr\/proizvod\/la-mere-poulard-2\/#primaryimage","url":"https:\/\/franja.hr\/wp-content\/uploads\/2024\/02\/franja2_0137.jpeg","contentUrl":"https:\/\/franja.hr\/wp-content\/uploads\/2024\/02\/franja2_0137.jpeg","width":677,"height":677},{"@type":"BreadcrumbList","@id":"https:\/\/franja.hr\/hr\/proizvod\/la-mere-poulard-2\/#breadcrumb","itemListElement":[{"@type":"ListItem","position":1,"name":"Home","item":"https:\/\/franja.hr\/hr\/coffe-tea\/"},{"@type":"ListItem","position":2,"name":"Trgovina","item":"https:\/\/franja.hr\/hr\/shop-2\/"},{"@type":"ListItem","position":3,"name":"La M\u00e8re Poulard"}]},{"@type":"WebSite","@id":"https:\/\/franja.hr\/#website","url":"https:\/\/franja.hr\/","name":"Franja Coffe","description":"Franja coffe &amp; teahouse","publisher":{"@id":"https:\/\/franja.hr\/#organization"},"potentialAction":[{"@type":"SearchAction","target":{"@type":"EntryPoint","urlTemplate":"https:\/\/franja.hr\/?s={search_term_string}"},"query-input":{"@type":"PropertyValueSpecification","valueRequired":true,"valueName":"search_term_string"}}],"inLanguage":"hr"},{"@type":"Organization","@id":"https:\/\/franja.hr\/#organization","name":"Franja Coffe","url":"https:\/\/franja.hr\/","logo":{"@type":"ImageObject","inLanguage":"hr","@id":"https:\/\/franja.hr\/#\/schema\/logo\/image\/","url":"https:\/\/franja.hr\/wp-content\/uploads\/2024\/03\/logo-franja_box.png","contentUrl":"https:\/\/franja.hr\/wp-content\/uploads\/2024\/03\/logo-franja_box.png","width":150,"height":60,"caption":"Franja Coffe"},"image":{"@id":"https:\/\/franja.hr\/#\/schema\/logo\/image\/"},"sameAs":["https:\/\/facebook.com\/franjakava\/","https:\/\/www.instagram.com\/franjakava_caj\/"]}]},"product_price_amount":"11.98","product_price_currency":"EUR","og_availability":"instock","product_availability":"instock","product_retailer_item_id":"0412","product_condition":"new"},"_links":{"self":[{"href":"https:\/\/franja.hr\/hr\/wp-json\/wp\/v2\/product\/14190"}],"collection":[{"href":"https:\/\/franja.hr\/hr\/wp-json\/wp\/v2\/product"}],"about":[{"href":"https:\/\/franja.hr\/hr\/wp-json\/wp\/v2\/types\/product"}],"replies":[{"embeddable":true,"href":"https:\/\/franja.hr\/hr\/wp-json\/wp\/v2\/comments?post=14190"}],"wp:featuredmedia":[{"embeddable":true,"href":"https:\/\/franja.hr\/hr\/wp-json\/wp\/v2\/media\/13452"}],"wp:attachment":[{"href":"https:\/\/franja.hr\/hr\/wp-json\/wp\/v2\/media?parent=14190"}],"wp:term":[{"taxonomy":"product_cat","embeddable":true,"href":"https:\/\/franja.hr\/hr\/wp-json\/wp\/v2\/product_cat?post=14190"},{"taxonomy":"product_tag","embeddable":true,"href":"https:\/\/franja.hr\/hr\/wp-json\/wp\/v2\/product_tag?post=14190"}],"curies":[{"name":"wp","href":"https:\/\/api.w.org\/{rel}","templated":true}]}}