{"id":13343,"date":"2023-11-15T13:03:30","date_gmt":"2023-11-15T13:03:30","guid":{"rendered":"https:\/\/franjashop.com\/product\/porculanska-salica-sa-poklopcem-seeing-green\/"},"modified":"2023-11-15T13:03:30","modified_gmt":"2023-11-15T13:03:30","slug":"porculanska-salica-sa-poklopcem-seeing-green","status":"publish","type":"product","link":"https:\/\/franja.hr\/hr\/proizvod\/porculanska-salica-sa-poklopcem-seeing-green\/","title":{"rendered":"Porculanska \u0161alica sa poklopcem &#8216;Seeing Green&#8217;"},"content":{"rendered":"<p>Uklju\u010duje cjedilo i poklopac<br \/>\nIzra\u0111en od visokokvalitetnog porculana<br \/>\nSigurno za mikrovalnu pe\u0107nicu<br \/>\nMo\u017ee se prati u perilici posu\u0111a<br \/>\nZelene mrlje boje na \u0161alici s dvostrukim stijenkama oraspola\u017eu i izvla\u010de sve iz turobne svakodnevice. Ova \u0161alica za \u010daj izra\u0111ena od visokokvalitetnog porculana dolazi s cjedilom za \u010daj i poklopcem koji se mo\u017ee koristiti i kao polica i osigurava da topli napitci dulje ostanu topli. Naravno, \u0161alica nije prikladna samo za \u010daj, ve\u0107 mo\u017eete u\u017eivati iu kavi ili vru\u0107oj \u010dokoladi.<\/p>\n<p>Detalji:<br \/>\n&#8211; Mo\u017ee se prati u perilici posu\u0111a<br \/>\n&#8211; Sigurno za mikrovalnu pe\u0107nicu<\/p>\n<p>Visina: 8,9 cm<br \/>\nKapacitet: 420 ml<\/p>\n<p>Materijal: porculan<br \/>\nMotiv: Vi\u0111enje Zelenog<\/p>\n","protected":false},"excerpt":{"rendered":"<p>Porculanska \u0161alica sa poklopcem &#8216;Seeing Green&#8217;<\/p>\n","protected":false},"featured_media":11296,"comment_status":"closed","ping_status":"closed","template":"","meta":[],"product_cat":[301],"product_tag":[432,302],"yoast_head":"<!-- This site is optimized with the Yoast SEO Premium plugin v23.5 (Yoast SEO v23.5) - https:\/\/yoast.com\/wordpress\/plugins\/seo\/ -->\n<title>Porculanska \u0161alica sa poklopcem &#039;Seeing Green&#039; - Franja Coffe<\/title>\n<meta name=\"robots\" content=\"index, follow, max-snippet:-1, max-image-preview:large, max-video-preview:-1\" \/>\n<link rel=\"canonical\" href=\"https:\/\/franja.hr\/hr\/proizvod\/porculanska-salica-sa-poklopcem-seeing-green\/\" \/>\n<meta property=\"og:locale\" content=\"hr_HR\" \/>\n<meta property=\"og:type\" content=\"article\" \/>\n<meta property=\"og:title\" content=\"Porculanska \u0161alica sa poklopcem &#039;Seeing Green&#039;\" \/>\n<meta property=\"og:description\" content=\"Porculanska \u0161alica sa poklopcem &#039;Seeing Green&#039;\" \/>\n<meta property=\"og:url\" content=\"https:\/\/franja.hr\/hr\/proizvod\/porculanska-salica-sa-poklopcem-seeing-green\/\" \/>\n<meta property=\"og:site_name\" content=\"Franja Coffe\" \/>\n<meta property=\"article:publisher\" content=\"https:\/\/facebook.com\/franjakava\/\" \/>\n<meta property=\"og:image\" content=\"https:\/\/franja.hr\/wp-content\/uploads\/2023\/11\/6adde4566c1a9319c7e77456cdd99ce9.jpeg\" \/>\n\t<meta property=\"og:image:width\" content=\"400\" \/>\n\t<meta property=\"og:image:height\" content=\"371\" \/>\n\t<meta property=\"og:image:type\" content=\"image\/jpeg\" \/>\n<meta name=\"twitter:card\" content=\"summary_large_image\" \/>\n<meta name=\"twitter:label1\" content=\"Price\" \/>\n\t<meta name=\"twitter:data1\" content=\"29.20&nbsp;&euro; PDV uklj.\" \/>\n\t<meta name=\"twitter:label2\" content=\"Availability\" \/>\n\t<meta name=\"twitter:data2\" content=\"In stock\" \/>\n<script type=\"application\/ld+json\" class=\"yoast-schema-graph\">{\"@context\":\"https:\/\/schema.org\",\"@graph\":[{\"@type\":\"WebPage\",\"@id\":\"https:\/\/franja.hr\/hr\/proizvod\/porculanska-salica-sa-poklopcem-seeing-green\/\",\"url\":\"https:\/\/franja.hr\/hr\/proizvod\/porculanska-salica-sa-poklopcem-seeing-green\/\",\"name\":\"Porculanska \u0161alica sa poklopcem 'Seeing Green' - Franja Coffe\",\"isPartOf\":{\"@id\":\"https:\/\/franja.hr\/#website\"},\"primaryImageOfPage\":{\"@id\":\"https:\/\/franja.hr\/hr\/proizvod\/porculanska-salica-sa-poklopcem-seeing-green\/#primaryimage\"},\"image\":{\"@id\":\"https:\/\/franja.hr\/hr\/proizvod\/porculanska-salica-sa-poklopcem-seeing-green\/#primaryimage\"},\"thumbnailUrl\":\"https:\/\/franja.hr\/wp-content\/uploads\/2023\/11\/6adde4566c1a9319c7e77456cdd99ce9.jpeg\",\"datePublished\":\"2023-11-15T13:03:30+00:00\",\"dateModified\":\"2023-11-15T13:03:30+00:00\",\"breadcrumb\":{\"@id\":\"https:\/\/franja.hr\/hr\/proizvod\/porculanska-salica-sa-poklopcem-seeing-green\/#breadcrumb\"},\"inLanguage\":\"hr\",\"potentialAction\":[{\"@type\":\"ReadAction\",\"target\":[\"https:\/\/franja.hr\/hr\/proizvod\/porculanska-salica-sa-poklopcem-seeing-green\/\"]}]},{\"@type\":\"ImageObject\",\"inLanguage\":\"hr\",\"@id\":\"https:\/\/franja.hr\/hr\/proizvod\/porculanska-salica-sa-poklopcem-seeing-green\/#primaryimage\",\"url\":\"https:\/\/franja.hr\/wp-content\/uploads\/2023\/11\/6adde4566c1a9319c7e77456cdd99ce9.jpeg\",\"contentUrl\":\"https:\/\/franja.hr\/wp-content\/uploads\/2023\/11\/6adde4566c1a9319c7e77456cdd99ce9.jpeg\",\"width\":400,\"height\":371},{\"@type\":\"BreadcrumbList\",\"@id\":\"https:\/\/franja.hr\/hr\/proizvod\/porculanska-salica-sa-poklopcem-seeing-green\/#breadcrumb\",\"itemListElement\":[{\"@type\":\"ListItem\",\"position\":1,\"name\":\"Home\",\"item\":\"https:\/\/franja.hr\/hr\/coffe-tea\/\"},{\"@type\":\"ListItem\",\"position\":2,\"name\":\"Trgovina\",\"item\":\"https:\/\/franja.hr\/hr\/shop-2\/\"},{\"@type\":\"ListItem\",\"position\":3,\"name\":\"Porculanska \u0161alica sa poklopcem &#8216;Seeing Green&#8217;\"}]},{\"@type\":\"WebSite\",\"@id\":\"https:\/\/franja.hr\/#website\",\"url\":\"https:\/\/franja.hr\/\",\"name\":\"Franja Coffe\",\"description\":\"Franja coffe &amp; teahouse\",\"publisher\":{\"@id\":\"https:\/\/franja.hr\/#organization\"},\"potentialAction\":[{\"@type\":\"SearchAction\",\"target\":{\"@type\":\"EntryPoint\",\"urlTemplate\":\"https:\/\/franja.hr\/?s={search_term_string}\"},\"query-input\":{\"@type\":\"PropertyValueSpecification\",\"valueRequired\":true,\"valueName\":\"search_term_string\"}}],\"inLanguage\":\"hr\"},{\"@type\":\"Organization\",\"@id\":\"https:\/\/franja.hr\/#organization\",\"name\":\"Franja Coffe\",\"url\":\"https:\/\/franja.hr\/\",\"logo\":{\"@type\":\"ImageObject\",\"inLanguage\":\"hr\",\"@id\":\"https:\/\/franja.hr\/#\/schema\/logo\/image\/\",\"url\":\"https:\/\/franja.hr\/wp-content\/uploads\/2024\/03\/logo-franja_box.png\",\"contentUrl\":\"https:\/\/franja.hr\/wp-content\/uploads\/2024\/03\/logo-franja_box.png\",\"width\":150,\"height\":60,\"caption\":\"Franja Coffe\"},\"image\":{\"@id\":\"https:\/\/franja.hr\/#\/schema\/logo\/image\/\"},\"sameAs\":[\"https:\/\/facebook.com\/franjakava\/\",\"https:\/\/www.instagram.com\/franjakava_caj\/\"]}]}<\/script>\n<meta property=\"product:price:amount\" content=\"29.20\" \/>\n<meta property=\"product:price:currency\" content=\"EUR\" \/>\n<meta property=\"og:availability\" content=\"instock\" \/>\n<meta property=\"product:availability\" content=\"instock\" \/>\n<meta property=\"product:retailer_item_id\" content=\"0119\" \/>\n<meta property=\"product:condition\" content=\"new\" \/>\n<!-- \/ Yoast SEO Premium plugin. -->","yoast_head_json":{"title":"Porculanska \u0161alica sa poklopcem 'Seeing Green' - Franja Coffe","robots":{"index":"index","follow":"follow","max-snippet":"max-snippet:-1","max-image-preview":"max-image-preview:large","max-video-preview":"max-video-preview:-1"},"canonical":"https:\/\/franja.hr\/hr\/proizvod\/porculanska-salica-sa-poklopcem-seeing-green\/","og_locale":"hr_HR","og_type":"article","og_title":"Porculanska \u0161alica sa poklopcem 'Seeing Green'","og_description":"Porculanska \u0161alica sa poklopcem 'Seeing Green'","og_url":"https:\/\/franja.hr\/hr\/proizvod\/porculanska-salica-sa-poklopcem-seeing-green\/","og_site_name":"Franja Coffe","article_publisher":"https:\/\/facebook.com\/franjakava\/","og_image":[{"width":400,"height":371,"url":"https:\/\/franja.hr\/wp-content\/uploads\/2023\/11\/6adde4566c1a9319c7e77456cdd99ce9.jpeg","type":"image\/jpeg"}],"twitter_card":"summary_large_image","twitter_misc":{"Price":"29.20&nbsp;&euro; PDV uklj.","Availability":"In stock"},"schema":{"@context":"https:\/\/schema.org","@graph":[{"@type":"WebPage","@id":"https:\/\/franja.hr\/hr\/proizvod\/porculanska-salica-sa-poklopcem-seeing-green\/","url":"https:\/\/franja.hr\/hr\/proizvod\/porculanska-salica-sa-poklopcem-seeing-green\/","name":"Porculanska \u0161alica sa poklopcem 'Seeing Green' - Franja Coffe","isPartOf":{"@id":"https:\/\/franja.hr\/#website"},"primaryImageOfPage":{"@id":"https:\/\/franja.hr\/hr\/proizvod\/porculanska-salica-sa-poklopcem-seeing-green\/#primaryimage"},"image":{"@id":"https:\/\/franja.hr\/hr\/proizvod\/porculanska-salica-sa-poklopcem-seeing-green\/#primaryimage"},"thumbnailUrl":"https:\/\/franja.hr\/wp-content\/uploads\/2023\/11\/6adde4566c1a9319c7e77456cdd99ce9.jpeg","datePublished":"2023-11-15T13:03:30+00:00","dateModified":"2023-11-15T13:03:30+00:00","breadcrumb":{"@id":"https:\/\/franja.hr\/hr\/proizvod\/porculanska-salica-sa-poklopcem-seeing-green\/#breadcrumb"},"inLanguage":"hr","potentialAction":[{"@type":"ReadAction","target":["https:\/\/franja.hr\/hr\/proizvod\/porculanska-salica-sa-poklopcem-seeing-green\/"]}]},{"@type":"ImageObject","inLanguage":"hr","@id":"https:\/\/franja.hr\/hr\/proizvod\/porculanska-salica-sa-poklopcem-seeing-green\/#primaryimage","url":"https:\/\/franja.hr\/wp-content\/uploads\/2023\/11\/6adde4566c1a9319c7e77456cdd99ce9.jpeg","contentUrl":"https:\/\/franja.hr\/wp-content\/uploads\/2023\/11\/6adde4566c1a9319c7e77456cdd99ce9.jpeg","width":400,"height":371},{"@type":"BreadcrumbList","@id":"https:\/\/franja.hr\/hr\/proizvod\/porculanska-salica-sa-poklopcem-seeing-green\/#breadcrumb","itemListElement":[{"@type":"ListItem","position":1,"name":"Home","item":"https:\/\/franja.hr\/hr\/coffe-tea\/"},{"@type":"ListItem","position":2,"name":"Trgovina","item":"https:\/\/franja.hr\/hr\/shop-2\/"},{"@type":"ListItem","position":3,"name":"Porculanska \u0161alica sa poklopcem &#8216;Seeing Green&#8217;"}]},{"@type":"WebSite","@id":"https:\/\/franja.hr\/#website","url":"https:\/\/franja.hr\/","name":"Franja Coffe","description":"Franja coffe &amp; teahouse","publisher":{"@id":"https:\/\/franja.hr\/#organization"},"potentialAction":[{"@type":"SearchAction","target":{"@type":"EntryPoint","urlTemplate":"https:\/\/franja.hr\/?s={search_term_string}"},"query-input":{"@type":"PropertyValueSpecification","valueRequired":true,"valueName":"search_term_string"}}],"inLanguage":"hr"},{"@type":"Organization","@id":"https:\/\/franja.hr\/#organization","name":"Franja Coffe","url":"https:\/\/franja.hr\/","logo":{"@type":"ImageObject","inLanguage":"hr","@id":"https:\/\/franja.hr\/#\/schema\/logo\/image\/","url":"https:\/\/franja.hr\/wp-content\/uploads\/2024\/03\/logo-franja_box.png","contentUrl":"https:\/\/franja.hr\/wp-content\/uploads\/2024\/03\/logo-franja_box.png","width":150,"height":60,"caption":"Franja Coffe"},"image":{"@id":"https:\/\/franja.hr\/#\/schema\/logo\/image\/"},"sameAs":["https:\/\/facebook.com\/franjakava\/","https:\/\/www.instagram.com\/franjakava_caj\/"]}]},"product_price_amount":"29.20","product_price_currency":"EUR","og_availability":"instock","product_availability":"instock","product_retailer_item_id":"0119","product_condition":"new"},"_links":{"self":[{"href":"https:\/\/franja.hr\/hr\/wp-json\/wp\/v2\/product\/13343"}],"collection":[{"href":"https:\/\/franja.hr\/hr\/wp-json\/wp\/v2\/product"}],"about":[{"href":"https:\/\/franja.hr\/hr\/wp-json\/wp\/v2\/types\/product"}],"replies":[{"embeddable":true,"href":"https:\/\/franja.hr\/hr\/wp-json\/wp\/v2\/comments?post=13343"}],"wp:featuredmedia":[{"embeddable":true,"href":"https:\/\/franja.hr\/hr\/wp-json\/wp\/v2\/media\/11296"}],"wp:attachment":[{"href":"https:\/\/franja.hr\/hr\/wp-json\/wp\/v2\/media?parent=13343"}],"wp:term":[{"taxonomy":"product_cat","embeddable":true,"href":"https:\/\/franja.hr\/hr\/wp-json\/wp\/v2\/product_cat?post=13343"},{"taxonomy":"product_tag","embeddable":true,"href":"https:\/\/franja.hr\/hr\/wp-json\/wp\/v2\/product_tag?post=13343"}],"curies":[{"name":"wp","href":"https:\/\/api.w.org\/{rel}","templated":true}]}}