{"id":12210,"date":"2024-02-06T10:48:25","date_gmt":"2024-02-06T10:48:25","guid":{"rendered":"https:\/\/franjashop.com\/product\/china-bancha\/"},"modified":"2024-02-06T10:48:25","modified_gmt":"2024-02-06T10:48:25","slug":"china-bancha","status":"publish","type":"product","link":"https:\/\/franja.hr\/hr\/proizvod\/china-bancha\/","title":{"rendered":"China Bancha"},"content":{"rendered":"<p>Kineski klasi\u010dni zeleni \u010daj tretiran vru\u0107om parom metodom kuhanja na pari, \u010dime se sprje\u010dava fermentacija kako bi listi\u0107i zadr\u017eali svoju lijepu zelenu boju. Karakterizira ga veliki, grubi list. Harmoni\u010dan, svijetlozeleni \u010daj savr\u0161en je kao &#8220;\u010daj za svaki dan&#8221; i za one koji tek po\u010dinju u\u017eivati u zelenom \u010daju.<\/p>\n<p>Doziranje: 1 \u017eli\u010dica (na 250 ml)<br \/>\nVrijeme kuhanja: 2-3 min<br \/>\nTemperatura kuhanja: 70\u00b0C<br \/>\nRegija rasta: Kina<br \/>\nProvince: Zhejiang<\/p>\n","protected":false},"excerpt":{"rendered":"<p>Kineski klasi\u010dni zeleni \u010daj tretiran vru\u0107om parom metodom kuhanja na pari, \u010dime se sprje\u010dava fermentacija kako bi listi\u0107i zadr\u017eali svoju<\/p>\n","protected":false},"featured_media":12209,"comment_status":"closed","ping_status":"closed","template":"","meta":[],"product_cat":[333,334,330],"product_tag":[],"yoast_head":"<!-- This site is optimized with the Yoast SEO Premium plugin v23.5 (Yoast SEO v23.5) - https:\/\/yoast.com\/wordpress\/plugins\/seo\/ -->\n<title>China Bancha - Franja Coffe<\/title>\n<meta name=\"robots\" content=\"index, follow, max-snippet:-1, max-image-preview:large, max-video-preview:-1\" \/>\n<link rel=\"canonical\" href=\"https:\/\/franja.hr\/hr\/proizvod\/china-bancha\/\" \/>\n<meta property=\"og:locale\" content=\"hr_HR\" \/>\n<meta property=\"og:type\" content=\"article\" \/>\n<meta property=\"og:title\" content=\"China Bancha\" \/>\n<meta property=\"og:description\" content=\"Kineski klasi\u010dni zeleni \u010daj tretiran vru\u0107om parom metodom kuhanja na pari, \u010dime se sprje\u010dava fermentacija kako bi listi\u0107i zadr\u017eali svoju\" \/>\n<meta property=\"og:url\" content=\"https:\/\/franja.hr\/hr\/proizvod\/china-bancha\/\" \/>\n<meta property=\"og:site_name\" content=\"Franja Coffe\" \/>\n<meta property=\"article:publisher\" content=\"https:\/\/facebook.com\/franjakava\/\" \/>\n<meta property=\"og:image\" content=\"https:\/\/franja.hr\/wp-content\/uploads\/2024\/02\/00568_Bancha.jpg\" \/>\n\t<meta property=\"og:image:width\" content=\"1280\" \/>\n\t<meta property=\"og:image:height\" content=\"1280\" \/>\n\t<meta property=\"og:image:type\" content=\"image\/jpeg\" \/>\n<meta name=\"twitter:card\" content=\"summary_large_image\" \/>\n<meta name=\"twitter:label1\" content=\"Availability\" \/>\n\t<meta name=\"twitter:data1\" content=\"In stock\" \/>\n<script type=\"application\/ld+json\" class=\"yoast-schema-graph\">{\"@context\":\"https:\/\/schema.org\",\"@graph\":[{\"@type\":\"WebPage\",\"@id\":\"https:\/\/franja.hr\/hr\/proizvod\/china-bancha\/\",\"url\":\"https:\/\/franja.hr\/hr\/proizvod\/china-bancha\/\",\"name\":\"China Bancha - Franja Coffe\",\"isPartOf\":{\"@id\":\"https:\/\/franja.hr\/#website\"},\"primaryImageOfPage\":{\"@id\":\"https:\/\/franja.hr\/hr\/proizvod\/china-bancha\/#primaryimage\"},\"image\":{\"@id\":\"https:\/\/franja.hr\/hr\/proizvod\/china-bancha\/#primaryimage\"},\"thumbnailUrl\":\"https:\/\/franja.hr\/wp-content\/uploads\/2024\/02\/00568_Bancha.jpg\",\"datePublished\":\"2024-02-06T10:48:25+00:00\",\"dateModified\":\"2024-02-06T10:48:25+00:00\",\"breadcrumb\":{\"@id\":\"https:\/\/franja.hr\/hr\/proizvod\/china-bancha\/#breadcrumb\"},\"inLanguage\":\"hr\",\"potentialAction\":[{\"@type\":\"ReadAction\",\"target\":[\"https:\/\/franja.hr\/hr\/proizvod\/china-bancha\/\"]}]},{\"@type\":\"ImageObject\",\"inLanguage\":\"hr\",\"@id\":\"https:\/\/franja.hr\/hr\/proizvod\/china-bancha\/#primaryimage\",\"url\":\"https:\/\/franja.hr\/wp-content\/uploads\/2024\/02\/00568_Bancha.jpg\",\"contentUrl\":\"https:\/\/franja.hr\/wp-content\/uploads\/2024\/02\/00568_Bancha.jpg\",\"width\":1280,\"height\":1280},{\"@type\":\"BreadcrumbList\",\"@id\":\"https:\/\/franja.hr\/hr\/proizvod\/china-bancha\/#breadcrumb\",\"itemListElement\":[{\"@type\":\"ListItem\",\"position\":1,\"name\":\"Home\",\"item\":\"https:\/\/franja.hr\/hr\/coffe-tea\/\"},{\"@type\":\"ListItem\",\"position\":2,\"name\":\"Trgovina\",\"item\":\"https:\/\/franja.hr\/hr\/shop-2\/\"},{\"@type\":\"ListItem\",\"position\":3,\"name\":\"China Bancha\"}]},{\"@type\":\"WebSite\",\"@id\":\"https:\/\/franja.hr\/#website\",\"url\":\"https:\/\/franja.hr\/\",\"name\":\"Franja Coffe\",\"description\":\"Franja coffe &amp; teahouse\",\"publisher\":{\"@id\":\"https:\/\/franja.hr\/#organization\"},\"potentialAction\":[{\"@type\":\"SearchAction\",\"target\":{\"@type\":\"EntryPoint\",\"urlTemplate\":\"https:\/\/franja.hr\/?s={search_term_string}\"},\"query-input\":{\"@type\":\"PropertyValueSpecification\",\"valueRequired\":true,\"valueName\":\"search_term_string\"}}],\"inLanguage\":\"hr\"},{\"@type\":\"Organization\",\"@id\":\"https:\/\/franja.hr\/#organization\",\"name\":\"Franja Coffe\",\"url\":\"https:\/\/franja.hr\/\",\"logo\":{\"@type\":\"ImageObject\",\"inLanguage\":\"hr\",\"@id\":\"https:\/\/franja.hr\/#\/schema\/logo\/image\/\",\"url\":\"https:\/\/franja.hr\/wp-content\/uploads\/2024\/03\/logo-franja_box.png\",\"contentUrl\":\"https:\/\/franja.hr\/wp-content\/uploads\/2024\/03\/logo-franja_box.png\",\"width\":150,\"height\":60,\"caption\":\"Franja Coffe\"},\"image\":{\"@id\":\"https:\/\/franja.hr\/#\/schema\/logo\/image\/\"},\"sameAs\":[\"https:\/\/facebook.com\/franjakava\/\",\"https:\/\/www.instagram.com\/franjakava_caj\/\"]}]}<\/script>\n<meta property=\"og:availability\" content=\"instock\" \/>\n<meta property=\"product:availability\" content=\"instock\" \/>\n<meta property=\"product:retailer_item_id\" content=\"0383\" \/>\n<meta property=\"product:condition\" content=\"new\" \/>\n<!-- \/ Yoast SEO Premium plugin. -->","yoast_head_json":{"title":"China Bancha - Franja Coffe","robots":{"index":"index","follow":"follow","max-snippet":"max-snippet:-1","max-image-preview":"max-image-preview:large","max-video-preview":"max-video-preview:-1"},"canonical":"https:\/\/franja.hr\/hr\/proizvod\/china-bancha\/","og_locale":"hr_HR","og_type":"article","og_title":"China Bancha","og_description":"Kineski klasi\u010dni zeleni \u010daj tretiran vru\u0107om parom metodom kuhanja na pari, \u010dime se sprje\u010dava fermentacija kako bi listi\u0107i zadr\u017eali svoju","og_url":"https:\/\/franja.hr\/hr\/proizvod\/china-bancha\/","og_site_name":"Franja Coffe","article_publisher":"https:\/\/facebook.com\/franjakava\/","og_image":[{"width":1280,"height":1280,"url":"https:\/\/franja.hr\/wp-content\/uploads\/2024\/02\/00568_Bancha.jpg","type":"image\/jpeg"}],"twitter_card":"summary_large_image","twitter_misc":{"Availability":"In stock"},"schema":{"@context":"https:\/\/schema.org","@graph":[{"@type":"WebPage","@id":"https:\/\/franja.hr\/hr\/proizvod\/china-bancha\/","url":"https:\/\/franja.hr\/hr\/proizvod\/china-bancha\/","name":"China Bancha - Franja Coffe","isPartOf":{"@id":"https:\/\/franja.hr\/#website"},"primaryImageOfPage":{"@id":"https:\/\/franja.hr\/hr\/proizvod\/china-bancha\/#primaryimage"},"image":{"@id":"https:\/\/franja.hr\/hr\/proizvod\/china-bancha\/#primaryimage"},"thumbnailUrl":"https:\/\/franja.hr\/wp-content\/uploads\/2024\/02\/00568_Bancha.jpg","datePublished":"2024-02-06T10:48:25+00:00","dateModified":"2024-02-06T10:48:25+00:00","breadcrumb":{"@id":"https:\/\/franja.hr\/hr\/proizvod\/china-bancha\/#breadcrumb"},"inLanguage":"hr","potentialAction":[{"@type":"ReadAction","target":["https:\/\/franja.hr\/hr\/proizvod\/china-bancha\/"]}]},{"@type":"ImageObject","inLanguage":"hr","@id":"https:\/\/franja.hr\/hr\/proizvod\/china-bancha\/#primaryimage","url":"https:\/\/franja.hr\/wp-content\/uploads\/2024\/02\/00568_Bancha.jpg","contentUrl":"https:\/\/franja.hr\/wp-content\/uploads\/2024\/02\/00568_Bancha.jpg","width":1280,"height":1280},{"@type":"BreadcrumbList","@id":"https:\/\/franja.hr\/hr\/proizvod\/china-bancha\/#breadcrumb","itemListElement":[{"@type":"ListItem","position":1,"name":"Home","item":"https:\/\/franja.hr\/hr\/coffe-tea\/"},{"@type":"ListItem","position":2,"name":"Trgovina","item":"https:\/\/franja.hr\/hr\/shop-2\/"},{"@type":"ListItem","position":3,"name":"China Bancha"}]},{"@type":"WebSite","@id":"https:\/\/franja.hr\/#website","url":"https:\/\/franja.hr\/","name":"Franja Coffe","description":"Franja coffe &amp; teahouse","publisher":{"@id":"https:\/\/franja.hr\/#organization"},"potentialAction":[{"@type":"SearchAction","target":{"@type":"EntryPoint","urlTemplate":"https:\/\/franja.hr\/?s={search_term_string}"},"query-input":{"@type":"PropertyValueSpecification","valueRequired":true,"valueName":"search_term_string"}}],"inLanguage":"hr"},{"@type":"Organization","@id":"https:\/\/franja.hr\/#organization","name":"Franja Coffe","url":"https:\/\/franja.hr\/","logo":{"@type":"ImageObject","inLanguage":"hr","@id":"https:\/\/franja.hr\/#\/schema\/logo\/image\/","url":"https:\/\/franja.hr\/wp-content\/uploads\/2024\/03\/logo-franja_box.png","contentUrl":"https:\/\/franja.hr\/wp-content\/uploads\/2024\/03\/logo-franja_box.png","width":150,"height":60,"caption":"Franja Coffe"},"image":{"@id":"https:\/\/franja.hr\/#\/schema\/logo\/image\/"},"sameAs":["https:\/\/facebook.com\/franjakava\/","https:\/\/www.instagram.com\/franjakava_caj\/"]}]},"og_availability":"instock","product_availability":"instock","product_retailer_item_id":"0383","product_condition":"new"},"_links":{"self":[{"href":"https:\/\/franja.hr\/hr\/wp-json\/wp\/v2\/product\/12210"}],"collection":[{"href":"https:\/\/franja.hr\/hr\/wp-json\/wp\/v2\/product"}],"about":[{"href":"https:\/\/franja.hr\/hr\/wp-json\/wp\/v2\/types\/product"}],"replies":[{"embeddable":true,"href":"https:\/\/franja.hr\/hr\/wp-json\/wp\/v2\/comments?post=12210"}],"wp:featuredmedia":[{"embeddable":true,"href":"https:\/\/franja.hr\/hr\/wp-json\/wp\/v2\/media\/12209"}],"wp:attachment":[{"href":"https:\/\/franja.hr\/hr\/wp-json\/wp\/v2\/media?parent=12210"}],"wp:term":[{"taxonomy":"product_cat","embeddable":true,"href":"https:\/\/franja.hr\/hr\/wp-json\/wp\/v2\/product_cat?post=12210"},{"taxonomy":"product_tag","embeddable":true,"href":"https:\/\/franja.hr\/hr\/wp-json\/wp\/v2\/product_tag?post=12210"}],"curies":[{"name":"wp","href":"https:\/\/api.w.org\/{rel}","templated":true}]}}