{"id":12170,"date":"2024-02-05T10:18:49","date_gmt":"2024-02-05T10:18:49","guid":{"rendered":"https:\/\/franjashop.com\/product\/ceylon-premium\/"},"modified":"2024-02-05T10:18:49","modified_gmt":"2024-02-05T10:18:49","slug":"ceylon-premium","status":"publish","type":"product","link":"https:\/\/franja.hr\/hr\/proizvod\/ceylon-premium\/","title":{"rendered":"Ceylon Premium"},"content":{"rendered":"<p>Cejlonski crni \u010daj od li\u0161\u0107a. Pa\u017eljivo odabrani listovi Orange Pekoe omogu\u0107it \u0107e vam da dobijete blagu esenciju \u010daja koju \u0107ete zavoljeti ve\u0107 na prvi gutljaj!<\/p>\n<p>&nbsp;<\/p>\n<p>Neto te\u017eina: 100 g<\/p>\n<p>Neto te\u017eina: 100 g Sastojci: cejlonski crni \u010daj u listi\u0107ima Orange Pekoe 100%, rinfuza<\/p>\n<p>Zemlja porijekla: \u0160ri Lanka (Cejlon).\u200b<\/p>\n","protected":false},"excerpt":{"rendered":"<p>Cejlonski crni \u010daj od li\u0161\u0107a. Pa\u017eljivo odabrani listovi Orange Pekoe omogu\u0107it \u0107e vam da dobijete blagu esenciju \u010daja koju \u0107ete<\/p>\n","protected":false},"featured_media":12091,"comment_status":"closed","ping_status":"closed","template":"","meta":[],"product_cat":[385,333,379],"product_tag":[],"yoast_head":"<!-- This site is optimized with the Yoast SEO Premium plugin v23.5 (Yoast SEO v23.5) - https:\/\/yoast.com\/wordpress\/plugins\/seo\/ -->\n<title>Ceylon Premium - Franja Coffe<\/title>\n<meta name=\"robots\" content=\"index, follow, max-snippet:-1, max-image-preview:large, max-video-preview:-1\" \/>\n<link rel=\"canonical\" href=\"https:\/\/franja.hr\/hr\/proizvod\/ceylon-premium\/\" \/>\n<meta property=\"og:locale\" content=\"hr_HR\" \/>\n<meta property=\"og:type\" content=\"article\" \/>\n<meta property=\"og:title\" content=\"Ceylon Premium\" \/>\n<meta property=\"og:description\" content=\"Cejlonski crni \u010daj od li\u0161\u0107a. Pa\u017eljivo odabrani listovi Orange Pekoe omogu\u0107it \u0107e vam da dobijete blagu esenciju \u010daja koju \u0107ete\" \/>\n<meta property=\"og:url\" content=\"https:\/\/franja.hr\/hr\/proizvod\/ceylon-premium\/\" \/>\n<meta property=\"og:site_name\" content=\"Franja Coffe\" \/>\n<meta property=\"article:publisher\" content=\"https:\/\/facebook.com\/franjakava\/\" \/>\n<meta property=\"og:image\" content=\"https:\/\/franja.hr\/wp-content\/uploads\/2024\/02\/Basilur33.jpg\" \/>\n\t<meta property=\"og:image:width\" content=\"770\" \/>\n\t<meta property=\"og:image:height\" content=\"770\" \/>\n\t<meta property=\"og:image:type\" content=\"image\/jpeg\" \/>\n<meta name=\"twitter:card\" content=\"summary_large_image\" \/>\n<meta name=\"twitter:label1\" content=\"Price\" \/>\n\t<meta name=\"twitter:data1\" content=\"10.99&nbsp;&euro; PDV uklj.\" \/>\n\t<meta name=\"twitter:label2\" content=\"Availability\" \/>\n\t<meta name=\"twitter:data2\" content=\"In stock\" \/>\n<script type=\"application\/ld+json\" class=\"yoast-schema-graph\">{\"@context\":\"https:\/\/schema.org\",\"@graph\":[{\"@type\":\"WebPage\",\"@id\":\"https:\/\/franja.hr\/hr\/proizvod\/ceylon-premium\/\",\"url\":\"https:\/\/franja.hr\/hr\/proizvod\/ceylon-premium\/\",\"name\":\"Ceylon Premium - Franja Coffe\",\"isPartOf\":{\"@id\":\"https:\/\/franja.hr\/#website\"},\"primaryImageOfPage\":{\"@id\":\"https:\/\/franja.hr\/hr\/proizvod\/ceylon-premium\/#primaryimage\"},\"image\":{\"@id\":\"https:\/\/franja.hr\/hr\/proizvod\/ceylon-premium\/#primaryimage\"},\"thumbnailUrl\":\"https:\/\/franja.hr\/wp-content\/uploads\/2024\/02\/Basilur33.jpg\",\"datePublished\":\"2024-02-05T10:18:49+00:00\",\"dateModified\":\"2024-02-05T10:18:49+00:00\",\"breadcrumb\":{\"@id\":\"https:\/\/franja.hr\/hr\/proizvod\/ceylon-premium\/#breadcrumb\"},\"inLanguage\":\"hr\",\"potentialAction\":[{\"@type\":\"ReadAction\",\"target\":[\"https:\/\/franja.hr\/hr\/proizvod\/ceylon-premium\/\"]}]},{\"@type\":\"ImageObject\",\"inLanguage\":\"hr\",\"@id\":\"https:\/\/franja.hr\/hr\/proizvod\/ceylon-premium\/#primaryimage\",\"url\":\"https:\/\/franja.hr\/wp-content\/uploads\/2024\/02\/Basilur33.jpg\",\"contentUrl\":\"https:\/\/franja.hr\/wp-content\/uploads\/2024\/02\/Basilur33.jpg\",\"width\":770,\"height\":770},{\"@type\":\"BreadcrumbList\",\"@id\":\"https:\/\/franja.hr\/hr\/proizvod\/ceylon-premium\/#breadcrumb\",\"itemListElement\":[{\"@type\":\"ListItem\",\"position\":1,\"name\":\"Home\",\"item\":\"https:\/\/franja.hr\/hr\/coffe-tea\/\"},{\"@type\":\"ListItem\",\"position\":2,\"name\":\"Trgovina\",\"item\":\"https:\/\/franja.hr\/hr\/shop-2\/\"},{\"@type\":\"ListItem\",\"position\":3,\"name\":\"Ceylon Premium\"}]},{\"@type\":\"WebSite\",\"@id\":\"https:\/\/franja.hr\/#website\",\"url\":\"https:\/\/franja.hr\/\",\"name\":\"Franja Coffe\",\"description\":\"Franja coffe &amp; teahouse\",\"publisher\":{\"@id\":\"https:\/\/franja.hr\/#organization\"},\"potentialAction\":[{\"@type\":\"SearchAction\",\"target\":{\"@type\":\"EntryPoint\",\"urlTemplate\":\"https:\/\/franja.hr\/?s={search_term_string}\"},\"query-input\":{\"@type\":\"PropertyValueSpecification\",\"valueRequired\":true,\"valueName\":\"search_term_string\"}}],\"inLanguage\":\"hr\"},{\"@type\":\"Organization\",\"@id\":\"https:\/\/franja.hr\/#organization\",\"name\":\"Franja Coffe\",\"url\":\"https:\/\/franja.hr\/\",\"logo\":{\"@type\":\"ImageObject\",\"inLanguage\":\"hr\",\"@id\":\"https:\/\/franja.hr\/#\/schema\/logo\/image\/\",\"url\":\"https:\/\/franja.hr\/wp-content\/uploads\/2024\/03\/logo-franja_box.png\",\"contentUrl\":\"https:\/\/franja.hr\/wp-content\/uploads\/2024\/03\/logo-franja_box.png\",\"width\":150,\"height\":60,\"caption\":\"Franja Coffe\"},\"image\":{\"@id\":\"https:\/\/franja.hr\/#\/schema\/logo\/image\/\"},\"sameAs\":[\"https:\/\/facebook.com\/franjakava\/\",\"https:\/\/www.instagram.com\/franjakava_caj\/\"]}]}<\/script>\n<meta property=\"product:price:amount\" content=\"10.99\" \/>\n<meta property=\"product:price:currency\" content=\"EUR\" \/>\n<meta property=\"og:availability\" content=\"instock\" \/>\n<meta property=\"product:availability\" content=\"instock\" \/>\n<meta property=\"product:retailer_item_id\" content=\"0392\" \/>\n<meta property=\"product:condition\" content=\"new\" \/>\n<!-- \/ Yoast SEO Premium plugin. -->","yoast_head_json":{"title":"Ceylon Premium - Franja Coffe","robots":{"index":"index","follow":"follow","max-snippet":"max-snippet:-1","max-image-preview":"max-image-preview:large","max-video-preview":"max-video-preview:-1"},"canonical":"https:\/\/franja.hr\/hr\/proizvod\/ceylon-premium\/","og_locale":"hr_HR","og_type":"article","og_title":"Ceylon Premium","og_description":"Cejlonski crni \u010daj od li\u0161\u0107a. Pa\u017eljivo odabrani listovi Orange Pekoe omogu\u0107it \u0107e vam da dobijete blagu esenciju \u010daja koju \u0107ete","og_url":"https:\/\/franja.hr\/hr\/proizvod\/ceylon-premium\/","og_site_name":"Franja Coffe","article_publisher":"https:\/\/facebook.com\/franjakava\/","og_image":[{"width":770,"height":770,"url":"https:\/\/franja.hr\/wp-content\/uploads\/2024\/02\/Basilur33.jpg","type":"image\/jpeg"}],"twitter_card":"summary_large_image","twitter_misc":{"Price":"10.99&nbsp;&euro; PDV uklj.","Availability":"In stock"},"schema":{"@context":"https:\/\/schema.org","@graph":[{"@type":"WebPage","@id":"https:\/\/franja.hr\/hr\/proizvod\/ceylon-premium\/","url":"https:\/\/franja.hr\/hr\/proizvod\/ceylon-premium\/","name":"Ceylon Premium - Franja Coffe","isPartOf":{"@id":"https:\/\/franja.hr\/#website"},"primaryImageOfPage":{"@id":"https:\/\/franja.hr\/hr\/proizvod\/ceylon-premium\/#primaryimage"},"image":{"@id":"https:\/\/franja.hr\/hr\/proizvod\/ceylon-premium\/#primaryimage"},"thumbnailUrl":"https:\/\/franja.hr\/wp-content\/uploads\/2024\/02\/Basilur33.jpg","datePublished":"2024-02-05T10:18:49+00:00","dateModified":"2024-02-05T10:18:49+00:00","breadcrumb":{"@id":"https:\/\/franja.hr\/hr\/proizvod\/ceylon-premium\/#breadcrumb"},"inLanguage":"hr","potentialAction":[{"@type":"ReadAction","target":["https:\/\/franja.hr\/hr\/proizvod\/ceylon-premium\/"]}]},{"@type":"ImageObject","inLanguage":"hr","@id":"https:\/\/franja.hr\/hr\/proizvod\/ceylon-premium\/#primaryimage","url":"https:\/\/franja.hr\/wp-content\/uploads\/2024\/02\/Basilur33.jpg","contentUrl":"https:\/\/franja.hr\/wp-content\/uploads\/2024\/02\/Basilur33.jpg","width":770,"height":770},{"@type":"BreadcrumbList","@id":"https:\/\/franja.hr\/hr\/proizvod\/ceylon-premium\/#breadcrumb","itemListElement":[{"@type":"ListItem","position":1,"name":"Home","item":"https:\/\/franja.hr\/hr\/coffe-tea\/"},{"@type":"ListItem","position":2,"name":"Trgovina","item":"https:\/\/franja.hr\/hr\/shop-2\/"},{"@type":"ListItem","position":3,"name":"Ceylon Premium"}]},{"@type":"WebSite","@id":"https:\/\/franja.hr\/#website","url":"https:\/\/franja.hr\/","name":"Franja Coffe","description":"Franja coffe &amp; teahouse","publisher":{"@id":"https:\/\/franja.hr\/#organization"},"potentialAction":[{"@type":"SearchAction","target":{"@type":"EntryPoint","urlTemplate":"https:\/\/franja.hr\/?s={search_term_string}"},"query-input":{"@type":"PropertyValueSpecification","valueRequired":true,"valueName":"search_term_string"}}],"inLanguage":"hr"},{"@type":"Organization","@id":"https:\/\/franja.hr\/#organization","name":"Franja Coffe","url":"https:\/\/franja.hr\/","logo":{"@type":"ImageObject","inLanguage":"hr","@id":"https:\/\/franja.hr\/#\/schema\/logo\/image\/","url":"https:\/\/franja.hr\/wp-content\/uploads\/2024\/03\/logo-franja_box.png","contentUrl":"https:\/\/franja.hr\/wp-content\/uploads\/2024\/03\/logo-franja_box.png","width":150,"height":60,"caption":"Franja Coffe"},"image":{"@id":"https:\/\/franja.hr\/#\/schema\/logo\/image\/"},"sameAs":["https:\/\/facebook.com\/franjakava\/","https:\/\/www.instagram.com\/franjakava_caj\/"]}]},"product_price_amount":"10.99","product_price_currency":"EUR","og_availability":"instock","product_availability":"instock","product_retailer_item_id":"0392","product_condition":"new"},"_links":{"self":[{"href":"https:\/\/franja.hr\/hr\/wp-json\/wp\/v2\/product\/12170"}],"collection":[{"href":"https:\/\/franja.hr\/hr\/wp-json\/wp\/v2\/product"}],"about":[{"href":"https:\/\/franja.hr\/hr\/wp-json\/wp\/v2\/types\/product"}],"replies":[{"embeddable":true,"href":"https:\/\/franja.hr\/hr\/wp-json\/wp\/v2\/comments?post=12170"}],"wp:featuredmedia":[{"embeddable":true,"href":"https:\/\/franja.hr\/hr\/wp-json\/wp\/v2\/media\/12091"}],"wp:attachment":[{"href":"https:\/\/franja.hr\/hr\/wp-json\/wp\/v2\/media?parent=12170"}],"wp:term":[{"taxonomy":"product_cat","embeddable":true,"href":"https:\/\/franja.hr\/hr\/wp-json\/wp\/v2\/product_cat?post=12170"},{"taxonomy":"product_tag","embeddable":true,"href":"https:\/\/franja.hr\/hr\/wp-json\/wp\/v2\/product_tag?post=12170"}],"curies":[{"name":"wp","href":"https:\/\/api.w.org\/{rel}","templated":true}]}}