{"id":12160,"date":"2024-02-05T09:50:44","date_gmt":"2024-02-05T09:50:44","guid":{"rendered":"https:\/\/franjashop.com\/product\/guava-passionfruit-cold-brew\/"},"modified":"2024-02-05T09:50:44","modified_gmt":"2024-02-05T09:50:44","slug":"guava-passionfruit-cold-brew","status":"publish","type":"product","link":"https:\/\/franja.hr\/hr\/proizvod\/guava-passionfruit-cold-brew\/","title":{"rendered":"Guava Passionfruit &#8211; Cold Brew"},"content":{"rendered":"<p>Basilur Guava Passionfruit je doista egzoti\u010dna mje\u0161avina! \u010caj savr\u0161eno spaja slatke note guave s kiselkastim i vrlo okrepljuju\u0107im naglascima marakuje. Nakon kuhanja, infuzija osloba\u0111a vo\u0107nu i citrusnu aromu.<\/p>\n<p>\u010cajevi iz kolekcije Cold Brew mogu se kuhati na dva na\u010dina. Ovisno o va\u0161im \u017eeljama, smjesu mo\u017eete preliti toplom ili hladnom vodom.<\/p>\n<p>&nbsp;<\/p>\n<p>Neto te\u017eina: 40 g<\/p>\n<p>Broj vre\u0107ica: 20 kom.<\/p>\n<p>Vre\u0107ice u kuvertama: DA<\/p>\n<p>Biorazgradive vre\u0107ice bez spajalica: DA<\/p>\n<p>Sastojci: hibiskus (35%), divlja ru\u017ea (30%), listovi guave (20%), listovi stevije (5%) i prirodna aroma marakuje (8%) i limuna (2%).<\/p>\n<p>Zemlja porijekla: \u0160ri Lanka (Cejlon).\u200b<\/p>\n","protected":false},"excerpt":{"rendered":"<p>Basilur Guava Passionfruit je doista egzoti\u010dna mje\u0161avina! \u010caj savr\u0161eno spaja slatke note guave s kiselkastim i vrlo okrepljuju\u0107im naglascima marakuje.<\/p>\n","protected":false},"featured_media":12077,"comment_status":"closed","ping_status":"closed","template":"","meta":[],"product_cat":[383,333,379],"product_tag":[],"yoast_head":"<!-- This site is optimized with the Yoast SEO Premium plugin v23.5 (Yoast SEO v23.5) - https:\/\/yoast.com\/wordpress\/plugins\/seo\/ -->\n<title>Guava Passionfruit - Cold Brew - Franja Coffe<\/title>\n<meta name=\"robots\" content=\"index, follow, max-snippet:-1, max-image-preview:large, max-video-preview:-1\" \/>\n<link rel=\"canonical\" href=\"https:\/\/franja.hr\/hr\/proizvod\/guava-passionfruit-cold-brew\/\" \/>\n<meta property=\"og:locale\" content=\"hr_HR\" \/>\n<meta property=\"og:type\" content=\"article\" \/>\n<meta property=\"og:title\" content=\"Guava Passionfruit - Cold Brew\" \/>\n<meta property=\"og:description\" content=\"Basilur Guava Passionfruit je doista egzoti\u010dna mje\u0161avina! \u010caj savr\u0161eno spaja slatke note guave s kiselkastim i vrlo okrepljuju\u0107im naglascima marakuje.\" \/>\n<meta property=\"og:url\" content=\"https:\/\/franja.hr\/hr\/proizvod\/guava-passionfruit-cold-brew\/\" \/>\n<meta property=\"og:site_name\" content=\"Franja Coffe\" \/>\n<meta property=\"article:publisher\" content=\"https:\/\/facebook.com\/franjakava\/\" \/>\n<meta property=\"og:image\" content=\"https:\/\/franja.hr\/wp-content\/uploads\/2024\/02\/Basilur26.jpg\" \/>\n\t<meta property=\"og:image:width\" content=\"832\" \/>\n\t<meta property=\"og:image:height\" content=\"832\" \/>\n\t<meta property=\"og:image:type\" content=\"image\/jpeg\" \/>\n<meta name=\"twitter:card\" content=\"summary_large_image\" \/>\n<meta name=\"twitter:label1\" content=\"Price\" \/>\n\t<meta name=\"twitter:data1\" content=\"6.99&nbsp;&euro; PDV uklj.\" \/>\n\t<meta name=\"twitter:label2\" content=\"Availability\" \/>\n\t<meta name=\"twitter:data2\" content=\"In stock\" \/>\n<script type=\"application\/ld+json\" class=\"yoast-schema-graph\">{\"@context\":\"https:\/\/schema.org\",\"@graph\":[{\"@type\":\"WebPage\",\"@id\":\"https:\/\/franja.hr\/hr\/proizvod\/guava-passionfruit-cold-brew\/\",\"url\":\"https:\/\/franja.hr\/hr\/proizvod\/guava-passionfruit-cold-brew\/\",\"name\":\"Guava Passionfruit - Cold Brew - Franja Coffe\",\"isPartOf\":{\"@id\":\"https:\/\/franja.hr\/#website\"},\"primaryImageOfPage\":{\"@id\":\"https:\/\/franja.hr\/hr\/proizvod\/guava-passionfruit-cold-brew\/#primaryimage\"},\"image\":{\"@id\":\"https:\/\/franja.hr\/hr\/proizvod\/guava-passionfruit-cold-brew\/#primaryimage\"},\"thumbnailUrl\":\"https:\/\/franja.hr\/wp-content\/uploads\/2024\/02\/Basilur26.jpg\",\"datePublished\":\"2024-02-05T09:50:44+00:00\",\"dateModified\":\"2024-02-05T09:50:44+00:00\",\"breadcrumb\":{\"@id\":\"https:\/\/franja.hr\/hr\/proizvod\/guava-passionfruit-cold-brew\/#breadcrumb\"},\"inLanguage\":\"hr\",\"potentialAction\":[{\"@type\":\"ReadAction\",\"target\":[\"https:\/\/franja.hr\/hr\/proizvod\/guava-passionfruit-cold-brew\/\"]}]},{\"@type\":\"ImageObject\",\"inLanguage\":\"hr\",\"@id\":\"https:\/\/franja.hr\/hr\/proizvod\/guava-passionfruit-cold-brew\/#primaryimage\",\"url\":\"https:\/\/franja.hr\/wp-content\/uploads\/2024\/02\/Basilur26.jpg\",\"contentUrl\":\"https:\/\/franja.hr\/wp-content\/uploads\/2024\/02\/Basilur26.jpg\",\"width\":832,\"height\":832},{\"@type\":\"BreadcrumbList\",\"@id\":\"https:\/\/franja.hr\/hr\/proizvod\/guava-passionfruit-cold-brew\/#breadcrumb\",\"itemListElement\":[{\"@type\":\"ListItem\",\"position\":1,\"name\":\"Home\",\"item\":\"https:\/\/franja.hr\/hr\/coffe-tea\/\"},{\"@type\":\"ListItem\",\"position\":2,\"name\":\"Trgovina\",\"item\":\"https:\/\/franja.hr\/hr\/shop-2\/\"},{\"@type\":\"ListItem\",\"position\":3,\"name\":\"Guava Passionfruit &#8211; Cold Brew\"}]},{\"@type\":\"WebSite\",\"@id\":\"https:\/\/franja.hr\/#website\",\"url\":\"https:\/\/franja.hr\/\",\"name\":\"Franja Coffe\",\"description\":\"Franja coffe &amp; teahouse\",\"publisher\":{\"@id\":\"https:\/\/franja.hr\/#organization\"},\"potentialAction\":[{\"@type\":\"SearchAction\",\"target\":{\"@type\":\"EntryPoint\",\"urlTemplate\":\"https:\/\/franja.hr\/?s={search_term_string}\"},\"query-input\":{\"@type\":\"PropertyValueSpecification\",\"valueRequired\":true,\"valueName\":\"search_term_string\"}}],\"inLanguage\":\"hr\"},{\"@type\":\"Organization\",\"@id\":\"https:\/\/franja.hr\/#organization\",\"name\":\"Franja Coffe\",\"url\":\"https:\/\/franja.hr\/\",\"logo\":{\"@type\":\"ImageObject\",\"inLanguage\":\"hr\",\"@id\":\"https:\/\/franja.hr\/#\/schema\/logo\/image\/\",\"url\":\"https:\/\/franja.hr\/wp-content\/uploads\/2024\/03\/logo-franja_box.png\",\"contentUrl\":\"https:\/\/franja.hr\/wp-content\/uploads\/2024\/03\/logo-franja_box.png\",\"width\":150,\"height\":60,\"caption\":\"Franja Coffe\"},\"image\":{\"@id\":\"https:\/\/franja.hr\/#\/schema\/logo\/image\/\"},\"sameAs\":[\"https:\/\/facebook.com\/franjakava\/\",\"https:\/\/www.instagram.com\/franjakava_caj\/\"]}]}<\/script>\n<meta property=\"product:price:amount\" content=\"6.99\" \/>\n<meta property=\"product:price:currency\" content=\"EUR\" \/>\n<meta property=\"og:availability\" content=\"instock\" \/>\n<meta property=\"product:availability\" content=\"instock\" \/>\n<meta property=\"product:retailer_item_id\" content=\"0397\" \/>\n<meta property=\"product:condition\" content=\"new\" \/>\n<!-- \/ Yoast SEO Premium plugin. -->","yoast_head_json":{"title":"Guava Passionfruit - Cold Brew - Franja Coffe","robots":{"index":"index","follow":"follow","max-snippet":"max-snippet:-1","max-image-preview":"max-image-preview:large","max-video-preview":"max-video-preview:-1"},"canonical":"https:\/\/franja.hr\/hr\/proizvod\/guava-passionfruit-cold-brew\/","og_locale":"hr_HR","og_type":"article","og_title":"Guava Passionfruit - Cold Brew","og_description":"Basilur Guava Passionfruit je doista egzoti\u010dna mje\u0161avina! \u010caj savr\u0161eno spaja slatke note guave s kiselkastim i vrlo okrepljuju\u0107im naglascima marakuje.","og_url":"https:\/\/franja.hr\/hr\/proizvod\/guava-passionfruit-cold-brew\/","og_site_name":"Franja Coffe","article_publisher":"https:\/\/facebook.com\/franjakava\/","og_image":[{"width":832,"height":832,"url":"https:\/\/franja.hr\/wp-content\/uploads\/2024\/02\/Basilur26.jpg","type":"image\/jpeg"}],"twitter_card":"summary_large_image","twitter_misc":{"Price":"6.99&nbsp;&euro; PDV uklj.","Availability":"In stock"},"schema":{"@context":"https:\/\/schema.org","@graph":[{"@type":"WebPage","@id":"https:\/\/franja.hr\/hr\/proizvod\/guava-passionfruit-cold-brew\/","url":"https:\/\/franja.hr\/hr\/proizvod\/guava-passionfruit-cold-brew\/","name":"Guava Passionfruit - Cold Brew - Franja Coffe","isPartOf":{"@id":"https:\/\/franja.hr\/#website"},"primaryImageOfPage":{"@id":"https:\/\/franja.hr\/hr\/proizvod\/guava-passionfruit-cold-brew\/#primaryimage"},"image":{"@id":"https:\/\/franja.hr\/hr\/proizvod\/guava-passionfruit-cold-brew\/#primaryimage"},"thumbnailUrl":"https:\/\/franja.hr\/wp-content\/uploads\/2024\/02\/Basilur26.jpg","datePublished":"2024-02-05T09:50:44+00:00","dateModified":"2024-02-05T09:50:44+00:00","breadcrumb":{"@id":"https:\/\/franja.hr\/hr\/proizvod\/guava-passionfruit-cold-brew\/#breadcrumb"},"inLanguage":"hr","potentialAction":[{"@type":"ReadAction","target":["https:\/\/franja.hr\/hr\/proizvod\/guava-passionfruit-cold-brew\/"]}]},{"@type":"ImageObject","inLanguage":"hr","@id":"https:\/\/franja.hr\/hr\/proizvod\/guava-passionfruit-cold-brew\/#primaryimage","url":"https:\/\/franja.hr\/wp-content\/uploads\/2024\/02\/Basilur26.jpg","contentUrl":"https:\/\/franja.hr\/wp-content\/uploads\/2024\/02\/Basilur26.jpg","width":832,"height":832},{"@type":"BreadcrumbList","@id":"https:\/\/franja.hr\/hr\/proizvod\/guava-passionfruit-cold-brew\/#breadcrumb","itemListElement":[{"@type":"ListItem","position":1,"name":"Home","item":"https:\/\/franja.hr\/hr\/coffe-tea\/"},{"@type":"ListItem","position":2,"name":"Trgovina","item":"https:\/\/franja.hr\/hr\/shop-2\/"},{"@type":"ListItem","position":3,"name":"Guava Passionfruit &#8211; Cold Brew"}]},{"@type":"WebSite","@id":"https:\/\/franja.hr\/#website","url":"https:\/\/franja.hr\/","name":"Franja Coffe","description":"Franja coffe &amp; teahouse","publisher":{"@id":"https:\/\/franja.hr\/#organization"},"potentialAction":[{"@type":"SearchAction","target":{"@type":"EntryPoint","urlTemplate":"https:\/\/franja.hr\/?s={search_term_string}"},"query-input":{"@type":"PropertyValueSpecification","valueRequired":true,"valueName":"search_term_string"}}],"inLanguage":"hr"},{"@type":"Organization","@id":"https:\/\/franja.hr\/#organization","name":"Franja Coffe","url":"https:\/\/franja.hr\/","logo":{"@type":"ImageObject","inLanguage":"hr","@id":"https:\/\/franja.hr\/#\/schema\/logo\/image\/","url":"https:\/\/franja.hr\/wp-content\/uploads\/2024\/03\/logo-franja_box.png","contentUrl":"https:\/\/franja.hr\/wp-content\/uploads\/2024\/03\/logo-franja_box.png","width":150,"height":60,"caption":"Franja Coffe"},"image":{"@id":"https:\/\/franja.hr\/#\/schema\/logo\/image\/"},"sameAs":["https:\/\/facebook.com\/franjakava\/","https:\/\/www.instagram.com\/franjakava_caj\/"]}]},"product_price_amount":"6.99","product_price_currency":"EUR","og_availability":"instock","product_availability":"instock","product_retailer_item_id":"0397","product_condition":"new"},"_links":{"self":[{"href":"https:\/\/franja.hr\/hr\/wp-json\/wp\/v2\/product\/12160"}],"collection":[{"href":"https:\/\/franja.hr\/hr\/wp-json\/wp\/v2\/product"}],"about":[{"href":"https:\/\/franja.hr\/hr\/wp-json\/wp\/v2\/types\/product"}],"replies":[{"embeddable":true,"href":"https:\/\/franja.hr\/hr\/wp-json\/wp\/v2\/comments?post=12160"}],"wp:featuredmedia":[{"embeddable":true,"href":"https:\/\/franja.hr\/hr\/wp-json\/wp\/v2\/media\/12077"}],"wp:attachment":[{"href":"https:\/\/franja.hr\/hr\/wp-json\/wp\/v2\/media?parent=12160"}],"wp:term":[{"taxonomy":"product_cat","embeddable":true,"href":"https:\/\/franja.hr\/hr\/wp-json\/wp\/v2\/product_cat?post=12160"},{"taxonomy":"product_tag","embeddable":true,"href":"https:\/\/franja.hr\/hr\/wp-json\/wp\/v2\/product_tag?post=12160"}],"curies":[{"name":"wp","href":"https:\/\/api.w.org\/{rel}","templated":true}]}}