{"id":12114,"date":"2024-02-02T09:40:23","date_gmt":"2024-02-02T09:40:23","guid":{"rendered":"https:\/\/franjashop.com\/product\/winter-berries-raspberries\/"},"modified":"2024-02-02T09:40:23","modified_gmt":"2024-02-02T09:40:23","slug":"winter-berries-raspberries","status":"publish","type":"product","link":"https:\/\/franja.hr\/hr\/proizvod\/winter-berries-raspberries\/","title":{"rendered":"Winter berries \u2013 Raspberries"},"content":{"rendered":"<p>PURE CEYLON BLACK TEA<\/p>\n<p>&nbsp;<\/p>\n<p>Basilur&#8217;s Winter Berries jedinstvena su mje\u0161avina so\u010dnog sezonskog bobi\u010dastog vo\u0107a i najsvje\u017eijeg \u010distog cejlonskog \u010daja. Ove bogate vo\u0107ne mje\u0161avine pr\u0161te finom ravnote\u017eom nota so\u010dnog okusa i raznih zdravstvenih dobrobiti u obliku antioksidansa.<\/p>\n<p>&nbsp;<\/p>\n<p>Sastojci: \u010cisti cejlonski crni \u010daj s prirodnim malinama, razli\u010dkom i prirodnom aromom maline.<\/p>\n<p>&nbsp;<\/p>\n<p>Pakiran u vre\u0107icu od folije s patentnim zatvara\u010dem za o\u010duvanje svje\u017eine va\u0161eg omiljenog \u010daja, rinfuza<\/p>\n","protected":false},"excerpt":{"rendered":"<p>PURE CEYLON BLACK TEA &nbsp; Basilur&#8217;s Winter Berries jedinstvena su mje\u0161avina so\u010dnog sezonskog bobi\u010dastog vo\u0107a i najsvje\u017eijeg \u010distog cejlonskog \u010daja.<\/p>\n","protected":false},"featured_media":12097,"comment_status":"closed","ping_status":"closed","template":"","meta":[],"product_cat":[333,379],"product_tag":[],"yoast_head":"<!-- This site is optimized with the Yoast SEO Premium plugin v23.5 (Yoast SEO v23.5) - https:\/\/yoast.com\/wordpress\/plugins\/seo\/ -->\n<title>Winter berries \u2013 Raspberries - Franja Coffe<\/title>\n<meta name=\"robots\" content=\"index, follow, max-snippet:-1, max-image-preview:large, max-video-preview:-1\" \/>\n<link rel=\"canonical\" href=\"https:\/\/franja.hr\/hr\/proizvod\/winter-berries-raspberries\/\" \/>\n<meta property=\"og:locale\" content=\"hr_HR\" \/>\n<meta property=\"og:type\" content=\"article\" \/>\n<meta property=\"og:title\" content=\"Winter berries \u2013 Raspberries\" \/>\n<meta property=\"og:description\" content=\"PURE CEYLON BLACK TEA &nbsp; Basilur&#8217;s Winter Berries jedinstvena su mje\u0161avina so\u010dnog sezonskog bobi\u010dastog vo\u0107a i najsvje\u017eijeg \u010distog cejlonskog \u010daja.\" \/>\n<meta property=\"og:url\" content=\"https:\/\/franja.hr\/hr\/proizvod\/winter-berries-raspberries\/\" \/>\n<meta property=\"og:site_name\" content=\"Franja Coffe\" \/>\n<meta property=\"article:publisher\" content=\"https:\/\/facebook.com\/franjakava\/\" \/>\n<meta property=\"og:image\" content=\"https:\/\/franja.hr\/wp-content\/uploads\/2024\/02\/Basilur36.jpg\" \/>\n\t<meta property=\"og:image:width\" content=\"898\" \/>\n\t<meta property=\"og:image:height\" content=\"898\" \/>\n\t<meta property=\"og:image:type\" content=\"image\/jpeg\" \/>\n<meta name=\"twitter:card\" content=\"summary_large_image\" \/>\n<meta name=\"twitter:label1\" content=\"Price\" \/>\n\t<meta name=\"twitter:data1\" content=\"10.99&nbsp;&euro; PDV uklj.\" \/>\n\t<meta name=\"twitter:label2\" content=\"Availability\" \/>\n\t<meta name=\"twitter:data2\" content=\"In stock\" \/>\n<script type=\"application\/ld+json\" class=\"yoast-schema-graph\">{\"@context\":\"https:\/\/schema.org\",\"@graph\":[{\"@type\":\"WebPage\",\"@id\":\"https:\/\/franja.hr\/hr\/proizvod\/winter-berries-raspberries\/\",\"url\":\"https:\/\/franja.hr\/hr\/proizvod\/winter-berries-raspberries\/\",\"name\":\"Winter berries \u2013 Raspberries - Franja Coffe\",\"isPartOf\":{\"@id\":\"https:\/\/franja.hr\/#website\"},\"primaryImageOfPage\":{\"@id\":\"https:\/\/franja.hr\/hr\/proizvod\/winter-berries-raspberries\/#primaryimage\"},\"image\":{\"@id\":\"https:\/\/franja.hr\/hr\/proizvod\/winter-berries-raspberries\/#primaryimage\"},\"thumbnailUrl\":\"https:\/\/franja.hr\/wp-content\/uploads\/2024\/02\/Basilur36.jpg\",\"datePublished\":\"2024-02-02T09:40:23+00:00\",\"dateModified\":\"2024-02-02T09:40:23+00:00\",\"breadcrumb\":{\"@id\":\"https:\/\/franja.hr\/hr\/proizvod\/winter-berries-raspberries\/#breadcrumb\"},\"inLanguage\":\"hr\",\"potentialAction\":[{\"@type\":\"ReadAction\",\"target\":[\"https:\/\/franja.hr\/hr\/proizvod\/winter-berries-raspberries\/\"]}]},{\"@type\":\"ImageObject\",\"inLanguage\":\"hr\",\"@id\":\"https:\/\/franja.hr\/hr\/proizvod\/winter-berries-raspberries\/#primaryimage\",\"url\":\"https:\/\/franja.hr\/wp-content\/uploads\/2024\/02\/Basilur36.jpg\",\"contentUrl\":\"https:\/\/franja.hr\/wp-content\/uploads\/2024\/02\/Basilur36.jpg\",\"width\":898,\"height\":898},{\"@type\":\"BreadcrumbList\",\"@id\":\"https:\/\/franja.hr\/hr\/proizvod\/winter-berries-raspberries\/#breadcrumb\",\"itemListElement\":[{\"@type\":\"ListItem\",\"position\":1,\"name\":\"Home\",\"item\":\"https:\/\/franja.hr\/hr\/coffe-tea\/\"},{\"@type\":\"ListItem\",\"position\":2,\"name\":\"Trgovina\",\"item\":\"https:\/\/franja.hr\/hr\/shop-2\/\"},{\"@type\":\"ListItem\",\"position\":3,\"name\":\"Winter berries \u2013 Raspberries\"}]},{\"@type\":\"WebSite\",\"@id\":\"https:\/\/franja.hr\/#website\",\"url\":\"https:\/\/franja.hr\/\",\"name\":\"Franja Coffe\",\"description\":\"Franja coffe &amp; teahouse\",\"publisher\":{\"@id\":\"https:\/\/franja.hr\/#organization\"},\"potentialAction\":[{\"@type\":\"SearchAction\",\"target\":{\"@type\":\"EntryPoint\",\"urlTemplate\":\"https:\/\/franja.hr\/?s={search_term_string}\"},\"query-input\":{\"@type\":\"PropertyValueSpecification\",\"valueRequired\":true,\"valueName\":\"search_term_string\"}}],\"inLanguage\":\"hr\"},{\"@type\":\"Organization\",\"@id\":\"https:\/\/franja.hr\/#organization\",\"name\":\"Franja Coffe\",\"url\":\"https:\/\/franja.hr\/\",\"logo\":{\"@type\":\"ImageObject\",\"inLanguage\":\"hr\",\"@id\":\"https:\/\/franja.hr\/#\/schema\/logo\/image\/\",\"url\":\"https:\/\/franja.hr\/wp-content\/uploads\/2024\/03\/logo-franja_box.png\",\"contentUrl\":\"https:\/\/franja.hr\/wp-content\/uploads\/2024\/03\/logo-franja_box.png\",\"width\":150,\"height\":60,\"caption\":\"Franja Coffe\"},\"image\":{\"@id\":\"https:\/\/franja.hr\/#\/schema\/logo\/image\/\"},\"sameAs\":[\"https:\/\/facebook.com\/franjakava\/\",\"https:\/\/www.instagram.com\/franjakava_caj\/\"]}]}<\/script>\n<meta property=\"product:price:amount\" content=\"10.99\" \/>\n<meta property=\"product:price:currency\" content=\"EUR\" \/>\n<meta property=\"og:availability\" content=\"instock\" \/>\n<meta property=\"product:availability\" content=\"instock\" \/>\n<meta property=\"product:retailer_item_id\" content=\"0253\" \/>\n<meta property=\"product:condition\" content=\"new\" \/>\n<!-- \/ Yoast SEO Premium plugin. -->","yoast_head_json":{"title":"Winter berries \u2013 Raspberries - Franja Coffe","robots":{"index":"index","follow":"follow","max-snippet":"max-snippet:-1","max-image-preview":"max-image-preview:large","max-video-preview":"max-video-preview:-1"},"canonical":"https:\/\/franja.hr\/hr\/proizvod\/winter-berries-raspberries\/","og_locale":"hr_HR","og_type":"article","og_title":"Winter berries \u2013 Raspberries","og_description":"PURE CEYLON BLACK TEA &nbsp; Basilur&#8217;s Winter Berries jedinstvena su mje\u0161avina so\u010dnog sezonskog bobi\u010dastog vo\u0107a i najsvje\u017eijeg \u010distog cejlonskog \u010daja.","og_url":"https:\/\/franja.hr\/hr\/proizvod\/winter-berries-raspberries\/","og_site_name":"Franja Coffe","article_publisher":"https:\/\/facebook.com\/franjakava\/","og_image":[{"width":898,"height":898,"url":"https:\/\/franja.hr\/wp-content\/uploads\/2024\/02\/Basilur36.jpg","type":"image\/jpeg"}],"twitter_card":"summary_large_image","twitter_misc":{"Price":"10.99&nbsp;&euro; PDV uklj.","Availability":"In stock"},"schema":{"@context":"https:\/\/schema.org","@graph":[{"@type":"WebPage","@id":"https:\/\/franja.hr\/hr\/proizvod\/winter-berries-raspberries\/","url":"https:\/\/franja.hr\/hr\/proizvod\/winter-berries-raspberries\/","name":"Winter berries \u2013 Raspberries - Franja Coffe","isPartOf":{"@id":"https:\/\/franja.hr\/#website"},"primaryImageOfPage":{"@id":"https:\/\/franja.hr\/hr\/proizvod\/winter-berries-raspberries\/#primaryimage"},"image":{"@id":"https:\/\/franja.hr\/hr\/proizvod\/winter-berries-raspberries\/#primaryimage"},"thumbnailUrl":"https:\/\/franja.hr\/wp-content\/uploads\/2024\/02\/Basilur36.jpg","datePublished":"2024-02-02T09:40:23+00:00","dateModified":"2024-02-02T09:40:23+00:00","breadcrumb":{"@id":"https:\/\/franja.hr\/hr\/proizvod\/winter-berries-raspberries\/#breadcrumb"},"inLanguage":"hr","potentialAction":[{"@type":"ReadAction","target":["https:\/\/franja.hr\/hr\/proizvod\/winter-berries-raspberries\/"]}]},{"@type":"ImageObject","inLanguage":"hr","@id":"https:\/\/franja.hr\/hr\/proizvod\/winter-berries-raspberries\/#primaryimage","url":"https:\/\/franja.hr\/wp-content\/uploads\/2024\/02\/Basilur36.jpg","contentUrl":"https:\/\/franja.hr\/wp-content\/uploads\/2024\/02\/Basilur36.jpg","width":898,"height":898},{"@type":"BreadcrumbList","@id":"https:\/\/franja.hr\/hr\/proizvod\/winter-berries-raspberries\/#breadcrumb","itemListElement":[{"@type":"ListItem","position":1,"name":"Home","item":"https:\/\/franja.hr\/hr\/coffe-tea\/"},{"@type":"ListItem","position":2,"name":"Trgovina","item":"https:\/\/franja.hr\/hr\/shop-2\/"},{"@type":"ListItem","position":3,"name":"Winter berries \u2013 Raspberries"}]},{"@type":"WebSite","@id":"https:\/\/franja.hr\/#website","url":"https:\/\/franja.hr\/","name":"Franja Coffe","description":"Franja coffe &amp; teahouse","publisher":{"@id":"https:\/\/franja.hr\/#organization"},"potentialAction":[{"@type":"SearchAction","target":{"@type":"EntryPoint","urlTemplate":"https:\/\/franja.hr\/?s={search_term_string}"},"query-input":{"@type":"PropertyValueSpecification","valueRequired":true,"valueName":"search_term_string"}}],"inLanguage":"hr"},{"@type":"Organization","@id":"https:\/\/franja.hr\/#organization","name":"Franja Coffe","url":"https:\/\/franja.hr\/","logo":{"@type":"ImageObject","inLanguage":"hr","@id":"https:\/\/franja.hr\/#\/schema\/logo\/image\/","url":"https:\/\/franja.hr\/wp-content\/uploads\/2024\/03\/logo-franja_box.png","contentUrl":"https:\/\/franja.hr\/wp-content\/uploads\/2024\/03\/logo-franja_box.png","width":150,"height":60,"caption":"Franja Coffe"},"image":{"@id":"https:\/\/franja.hr\/#\/schema\/logo\/image\/"},"sameAs":["https:\/\/facebook.com\/franjakava\/","https:\/\/www.instagram.com\/franjakava_caj\/"]}]},"product_price_amount":"10.99","product_price_currency":"EUR","og_availability":"instock","product_availability":"instock","product_retailer_item_id":"0253","product_condition":"new"},"_links":{"self":[{"href":"https:\/\/franja.hr\/hr\/wp-json\/wp\/v2\/product\/12114"}],"collection":[{"href":"https:\/\/franja.hr\/hr\/wp-json\/wp\/v2\/product"}],"about":[{"href":"https:\/\/franja.hr\/hr\/wp-json\/wp\/v2\/types\/product"}],"replies":[{"embeddable":true,"href":"https:\/\/franja.hr\/hr\/wp-json\/wp\/v2\/comments?post=12114"}],"wp:featuredmedia":[{"embeddable":true,"href":"https:\/\/franja.hr\/hr\/wp-json\/wp\/v2\/media\/12097"}],"wp:attachment":[{"href":"https:\/\/franja.hr\/hr\/wp-json\/wp\/v2\/media?parent=12114"}],"wp:term":[{"taxonomy":"product_cat","embeddable":true,"href":"https:\/\/franja.hr\/hr\/wp-json\/wp\/v2\/product_cat?post=12114"},{"taxonomy":"product_tag","embeddable":true,"href":"https:\/\/franja.hr\/hr\/wp-json\/wp\/v2\/product_tag?post=12114"}],"curies":[{"name":"wp","href":"https:\/\/api.w.org\/{rel}","templated":true}]}}