{"id":12103,"date":"2024-02-02T09:06:37","date_gmt":"2024-02-02T09:06:37","guid":{"rendered":"https:\/\/franjashop.com\/product\/green-freshness\/"},"modified":"2024-02-02T09:27:27","modified_gmt":"2024-02-02T09:27:27","slug":"green-freshness","status":"publish","type":"product","link":"https:\/\/franja.hr\/hr\/proizvod\/green-freshness\/","title":{"rendered":"Green Freshness"},"content":{"rendered":"<p>CEYLON GREEN TEA<\/p>\n<p>Osvje\u017eavaju\u0107i zeleni \u010daj s mentom za bogato i senzualno iskustvo okusa. Zeleni \u010daj s aromatiziranim dijelovima biljaka (komadi\u0107i vo\u0107a), rinfuza<\/p>\n<p>Sastojci: zeleni \u010daj 88,5%, list paprene metvice 10%, amarant 1%, \u0161afranika 0,5%<\/p>\n<p>Nadmorska visina branja \u010daja: Visoko Uzraslo<\/p>\n<p>Te\u017eina: 100g<\/p>\n<p>Upute za pripremu: 1 vre\u0107ica \/ \u010dajna \u017eli\u010dica na \u0161alicu od 250 ml, preliti vodom zagrijanom na 80\u00b0C, ostaviti 2-3 minute<\/p>\n","protected":false},"excerpt":{"rendered":"<p>CEYLON GREEN TEA Osvje\u017eavaju\u0107i zeleni \u010daj s mentom za bogato i senzualno iskustvo okusa. Zeleni \u010daj s aromatiziranim dijelovima biljaka<\/p>\n","protected":false},"featured_media":12031,"comment_status":"closed","ping_status":"closed","template":"","meta":[],"product_cat":[333,379],"product_tag":[],"yoast_head":"<!-- This site is optimized with the Yoast SEO Premium plugin v23.5 (Yoast SEO v23.5) - https:\/\/yoast.com\/wordpress\/plugins\/seo\/ -->\n<title>Green Freshness - Franja Coffe<\/title>\n<meta name=\"robots\" content=\"index, follow, max-snippet:-1, max-image-preview:large, max-video-preview:-1\" \/>\n<link rel=\"canonical\" href=\"https:\/\/franja.hr\/hr\/proizvod\/green-freshness\/\" \/>\n<meta property=\"og:locale\" content=\"hr_HR\" \/>\n<meta property=\"og:type\" content=\"article\" \/>\n<meta property=\"og:title\" content=\"Green Freshness\" \/>\n<meta property=\"og:description\" content=\"CEYLON GREEN TEA Osvje\u017eavaju\u0107i zeleni \u010daj s mentom za bogato i senzualno iskustvo okusa. Zeleni \u010daj s aromatiziranim dijelovima biljaka\" \/>\n<meta property=\"og:url\" content=\"https:\/\/franja.hr\/hr\/proizvod\/green-freshness\/\" \/>\n<meta property=\"og:site_name\" content=\"Franja Coffe\" \/>\n<meta property=\"article:publisher\" content=\"https:\/\/facebook.com\/franjakava\/\" \/>\n<meta property=\"article:modified_time\" content=\"2024-02-02T09:27:27+00:00\" \/>\n<meta property=\"og:image\" content=\"https:\/\/franja.hr\/wp-content\/uploads\/2024\/02\/Basilur3-2.jpg\" \/>\n\t<meta property=\"og:image:width\" content=\"881\" \/>\n\t<meta property=\"og:image:height\" content=\"880\" \/>\n\t<meta property=\"og:image:type\" content=\"image\/jpeg\" \/>\n<meta name=\"twitter:card\" content=\"summary_large_image\" \/>\n<meta name=\"twitter:label1\" content=\"Price\" \/>\n\t<meta name=\"twitter:data1\" content=\"10.99&nbsp;&euro; PDV uklj.\" \/>\n\t<meta name=\"twitter:label2\" content=\"Availability\" \/>\n\t<meta name=\"twitter:data2\" content=\"In stock\" \/>\n<script type=\"application\/ld+json\" class=\"yoast-schema-graph\">{\"@context\":\"https:\/\/schema.org\",\"@graph\":[{\"@type\":\"WebPage\",\"@id\":\"https:\/\/franja.hr\/hr\/proizvod\/green-freshness\/\",\"url\":\"https:\/\/franja.hr\/hr\/proizvod\/green-freshness\/\",\"name\":\"Green Freshness - Franja Coffe\",\"isPartOf\":{\"@id\":\"https:\/\/franja.hr\/#website\"},\"primaryImageOfPage\":{\"@id\":\"https:\/\/franja.hr\/hr\/proizvod\/green-freshness\/#primaryimage\"},\"image\":{\"@id\":\"https:\/\/franja.hr\/hr\/proizvod\/green-freshness\/#primaryimage\"},\"thumbnailUrl\":\"https:\/\/franja.hr\/wp-content\/uploads\/2024\/02\/Basilur3-2.jpg\",\"datePublished\":\"2024-02-02T09:06:37+00:00\",\"dateModified\":\"2024-02-02T09:27:27+00:00\",\"breadcrumb\":{\"@id\":\"https:\/\/franja.hr\/hr\/proizvod\/green-freshness\/#breadcrumb\"},\"inLanguage\":\"hr\",\"potentialAction\":[{\"@type\":\"ReadAction\",\"target\":[\"https:\/\/franja.hr\/hr\/proizvod\/green-freshness\/\"]}]},{\"@type\":\"ImageObject\",\"inLanguage\":\"hr\",\"@id\":\"https:\/\/franja.hr\/hr\/proizvod\/green-freshness\/#primaryimage\",\"url\":\"https:\/\/franja.hr\/wp-content\/uploads\/2024\/02\/Basilur3-2.jpg\",\"contentUrl\":\"https:\/\/franja.hr\/wp-content\/uploads\/2024\/02\/Basilur3-2.jpg\",\"width\":881,\"height\":880},{\"@type\":\"BreadcrumbList\",\"@id\":\"https:\/\/franja.hr\/hr\/proizvod\/green-freshness\/#breadcrumb\",\"itemListElement\":[{\"@type\":\"ListItem\",\"position\":1,\"name\":\"Home\",\"item\":\"https:\/\/franja.hr\/hr\/coffe-tea\/\"},{\"@type\":\"ListItem\",\"position\":2,\"name\":\"Trgovina\",\"item\":\"https:\/\/franja.hr\/hr\/shop-2\/\"},{\"@type\":\"ListItem\",\"position\":3,\"name\":\"Green Freshness\"}]},{\"@type\":\"WebSite\",\"@id\":\"https:\/\/franja.hr\/#website\",\"url\":\"https:\/\/franja.hr\/\",\"name\":\"Franja Coffe\",\"description\":\"Franja coffe &amp; teahouse\",\"publisher\":{\"@id\":\"https:\/\/franja.hr\/#organization\"},\"potentialAction\":[{\"@type\":\"SearchAction\",\"target\":{\"@type\":\"EntryPoint\",\"urlTemplate\":\"https:\/\/franja.hr\/?s={search_term_string}\"},\"query-input\":{\"@type\":\"PropertyValueSpecification\",\"valueRequired\":true,\"valueName\":\"search_term_string\"}}],\"inLanguage\":\"hr\"},{\"@type\":\"Organization\",\"@id\":\"https:\/\/franja.hr\/#organization\",\"name\":\"Franja Coffe\",\"url\":\"https:\/\/franja.hr\/\",\"logo\":{\"@type\":\"ImageObject\",\"inLanguage\":\"hr\",\"@id\":\"https:\/\/franja.hr\/#\/schema\/logo\/image\/\",\"url\":\"https:\/\/franja.hr\/wp-content\/uploads\/2024\/03\/logo-franja_box.png\",\"contentUrl\":\"https:\/\/franja.hr\/wp-content\/uploads\/2024\/03\/logo-franja_box.png\",\"width\":150,\"height\":60,\"caption\":\"Franja Coffe\"},\"image\":{\"@id\":\"https:\/\/franja.hr\/#\/schema\/logo\/image\/\"},\"sameAs\":[\"https:\/\/facebook.com\/franjakava\/\",\"https:\/\/www.instagram.com\/franjakava_caj\/\"]}]}<\/script>\n<meta property=\"product:price:amount\" content=\"10.99\" \/>\n<meta property=\"product:price:currency\" content=\"EUR\" \/>\n<meta property=\"og:availability\" content=\"instock\" \/>\n<meta property=\"product:availability\" content=\"instock\" \/>\n<meta property=\"product:retailer_item_id\" content=\"0258\" \/>\n<meta property=\"product:condition\" content=\"new\" \/>\n<!-- \/ Yoast SEO Premium plugin. -->","yoast_head_json":{"title":"Green Freshness - Franja Coffe","robots":{"index":"index","follow":"follow","max-snippet":"max-snippet:-1","max-image-preview":"max-image-preview:large","max-video-preview":"max-video-preview:-1"},"canonical":"https:\/\/franja.hr\/hr\/proizvod\/green-freshness\/","og_locale":"hr_HR","og_type":"article","og_title":"Green Freshness","og_description":"CEYLON GREEN TEA Osvje\u017eavaju\u0107i zeleni \u010daj s mentom za bogato i senzualno iskustvo okusa. Zeleni \u010daj s aromatiziranim dijelovima biljaka","og_url":"https:\/\/franja.hr\/hr\/proizvod\/green-freshness\/","og_site_name":"Franja Coffe","article_publisher":"https:\/\/facebook.com\/franjakava\/","article_modified_time":"2024-02-02T09:27:27+00:00","og_image":[{"width":881,"height":880,"url":"https:\/\/franja.hr\/wp-content\/uploads\/2024\/02\/Basilur3-2.jpg","type":"image\/jpeg"}],"twitter_card":"summary_large_image","twitter_misc":{"Price":"10.99&nbsp;&euro; PDV uklj.","Availability":"In stock"},"schema":{"@context":"https:\/\/schema.org","@graph":[{"@type":"WebPage","@id":"https:\/\/franja.hr\/hr\/proizvod\/green-freshness\/","url":"https:\/\/franja.hr\/hr\/proizvod\/green-freshness\/","name":"Green Freshness - Franja Coffe","isPartOf":{"@id":"https:\/\/franja.hr\/#website"},"primaryImageOfPage":{"@id":"https:\/\/franja.hr\/hr\/proizvod\/green-freshness\/#primaryimage"},"image":{"@id":"https:\/\/franja.hr\/hr\/proizvod\/green-freshness\/#primaryimage"},"thumbnailUrl":"https:\/\/franja.hr\/wp-content\/uploads\/2024\/02\/Basilur3-2.jpg","datePublished":"2024-02-02T09:06:37+00:00","dateModified":"2024-02-02T09:27:27+00:00","breadcrumb":{"@id":"https:\/\/franja.hr\/hr\/proizvod\/green-freshness\/#breadcrumb"},"inLanguage":"hr","potentialAction":[{"@type":"ReadAction","target":["https:\/\/franja.hr\/hr\/proizvod\/green-freshness\/"]}]},{"@type":"ImageObject","inLanguage":"hr","@id":"https:\/\/franja.hr\/hr\/proizvod\/green-freshness\/#primaryimage","url":"https:\/\/franja.hr\/wp-content\/uploads\/2024\/02\/Basilur3-2.jpg","contentUrl":"https:\/\/franja.hr\/wp-content\/uploads\/2024\/02\/Basilur3-2.jpg","width":881,"height":880},{"@type":"BreadcrumbList","@id":"https:\/\/franja.hr\/hr\/proizvod\/green-freshness\/#breadcrumb","itemListElement":[{"@type":"ListItem","position":1,"name":"Home","item":"https:\/\/franja.hr\/hr\/coffe-tea\/"},{"@type":"ListItem","position":2,"name":"Trgovina","item":"https:\/\/franja.hr\/hr\/shop-2\/"},{"@type":"ListItem","position":3,"name":"Green Freshness"}]},{"@type":"WebSite","@id":"https:\/\/franja.hr\/#website","url":"https:\/\/franja.hr\/","name":"Franja Coffe","description":"Franja coffe &amp; teahouse","publisher":{"@id":"https:\/\/franja.hr\/#organization"},"potentialAction":[{"@type":"SearchAction","target":{"@type":"EntryPoint","urlTemplate":"https:\/\/franja.hr\/?s={search_term_string}"},"query-input":{"@type":"PropertyValueSpecification","valueRequired":true,"valueName":"search_term_string"}}],"inLanguage":"hr"},{"@type":"Organization","@id":"https:\/\/franja.hr\/#organization","name":"Franja Coffe","url":"https:\/\/franja.hr\/","logo":{"@type":"ImageObject","inLanguage":"hr","@id":"https:\/\/franja.hr\/#\/schema\/logo\/image\/","url":"https:\/\/franja.hr\/wp-content\/uploads\/2024\/03\/logo-franja_box.png","contentUrl":"https:\/\/franja.hr\/wp-content\/uploads\/2024\/03\/logo-franja_box.png","width":150,"height":60,"caption":"Franja Coffe"},"image":{"@id":"https:\/\/franja.hr\/#\/schema\/logo\/image\/"},"sameAs":["https:\/\/facebook.com\/franjakava\/","https:\/\/www.instagram.com\/franjakava_caj\/"]}]},"product_price_amount":"10.99","product_price_currency":"EUR","og_availability":"instock","product_availability":"instock","product_retailer_item_id":"0258","product_condition":"new"},"_links":{"self":[{"href":"https:\/\/franja.hr\/hr\/wp-json\/wp\/v2\/product\/12103"}],"collection":[{"href":"https:\/\/franja.hr\/hr\/wp-json\/wp\/v2\/product"}],"about":[{"href":"https:\/\/franja.hr\/hr\/wp-json\/wp\/v2\/types\/product"}],"replies":[{"embeddable":true,"href":"https:\/\/franja.hr\/hr\/wp-json\/wp\/v2\/comments?post=12103"}],"wp:featuredmedia":[{"embeddable":true,"href":"https:\/\/franja.hr\/hr\/wp-json\/wp\/v2\/media\/12031"}],"wp:attachment":[{"href":"https:\/\/franja.hr\/hr\/wp-json\/wp\/v2\/media?parent=12103"}],"wp:term":[{"taxonomy":"product_cat","embeddable":true,"href":"https:\/\/franja.hr\/hr\/wp-json\/wp\/v2\/product_cat?post=12103"},{"taxonomy":"product_tag","embeddable":true,"href":"https:\/\/franja.hr\/hr\/wp-json\/wp\/v2\/product_tag?post=12103"}],"curies":[{"name":"wp","href":"https:\/\/api.w.org\/{rel}","templated":true}]}}