{"id":11795,"date":"2023-11-15T13:31:21","date_gmt":"2023-11-15T13:31:21","guid":{"rendered":"https:\/\/franjashop.com\/product\/bialetti-moka-express-3\/"},"modified":"2024-03-25T13:48:14","modified_gmt":"2024-03-25T13:48:14","slug":"bialetti-moka-express-3","status":"publish","type":"product","link":"https:\/\/franja.hr\/hr\/proizvod\/bialetti-moka-express-3\/","title":{"rendered":"Bialetti Moka Express"},"content":{"rendered":"<div class=\"wpb-content-wrapper\"><p>[vc_row][vc_column][vc_column_text woodmart_inline=&#8221;no&#8221; text_larger=&#8221;no&#8221;]Bialetti Moka Express \u2013 jedinstven i originalan od 1933. godine. Karakteristike Moke: osmerokutni aluminijski kotao, ekskluzivni ventil koji se mo\u017ee pregledavati i lako \u010distiti, filter i kolektor koji sadr\u017ei bit ekstrakcije kave, crna, puna i vru\u0107a.<\/p>\n<p>UPOTREBA<\/p>\n<p>1. Po\u010dnite tako da u Moka kotao ulijete vodu sobne temperature i napunite je do razine sigurnosnog ventila. Kako biste izbjegli da va\u0161a kava postane previ\u0161e vodena, nemojte puniti preko ove razine.<\/p>\n<p>2. Sada odaberite \u017eeljenu mje\u0161avinu mljevene kave. Oprez! Mje\u0161avina mora biti posebno mljevena za Moka lonac i ne pretjerano fina. Velikodu\u0161no napunite lijevak Moka lonca, bez pritiska kave.<\/p>\n<p>3. Mala tajna? Postavite toplinu na nisku razinu i uzmite si dovoljno vremena; isplati se pri\u010dekati koju minutu dulje kako biste mogli u\u017eivati u izvrsnoj kavi. Kada kava potpuno naraste u komori za prikupljanje, isklju\u010dite vatru.<\/p>\n<p>4. Sada klju\u010dni trenutak: ku\u0161anje. Kako biste u potpunosti u\u017eivali u oslobo\u0111enim aromama, savjetujemo da kavu popijete \u010dim je nato\u010dite u \u0161alicu.[\/vc_column_text][\/vc_column][\/vc_row]<\/p>\n<\/div>","protected":false},"excerpt":{"rendered":"<p>Bialetti Moka Express<\/p>\n","protected":false},"featured_media":11375,"comment_status":"closed","ping_status":"closed","template":"","meta":[],"product_cat":[350,297],"product_tag":[298],"yoast_head":"<!-- This site is optimized with the Yoast SEO Premium plugin v23.5 (Yoast SEO v23.5) - https:\/\/yoast.com\/wordpress\/plugins\/seo\/ -->\n<title>Bialetti Moka Express - Franja Coffe<\/title>\n<meta name=\"robots\" content=\"index, follow, max-snippet:-1, max-image-preview:large, max-video-preview:-1\" \/>\n<link rel=\"canonical\" href=\"https:\/\/franja.hr\/hr\/proizvod\/bialetti-moka-express-3\/\" \/>\n<meta property=\"og:locale\" content=\"hr_HR\" \/>\n<meta property=\"og:type\" content=\"article\" \/>\n<meta property=\"og:title\" content=\"Bialetti Moka Express\" \/>\n<meta property=\"og:description\" content=\"Bialetti Moka Express\" \/>\n<meta property=\"og:url\" content=\"https:\/\/franja.hr\/hr\/proizvod\/bialetti-moka-express-3\/\" \/>\n<meta property=\"og:site_name\" content=\"Franja Coffe\" \/>\n<meta property=\"article:publisher\" content=\"https:\/\/facebook.com\/franjakava\/\" \/>\n<meta property=\"article:modified_time\" content=\"2024-03-25T13:48:14+00:00\" \/>\n<meta property=\"og:image\" content=\"https:\/\/franja.hr\/wp-content\/uploads\/2023\/11\/5a8c42773e9a05cd37c68b6b57cbaf31.jpeg\" \/>\n\t<meta property=\"og:image:width\" content=\"1600\" \/>\n\t<meta property=\"og:image:height\" content=\"1600\" \/>\n\t<meta property=\"og:image:type\" content=\"image\/jpeg\" \/>\n<meta name=\"twitter:card\" content=\"summary_large_image\" \/>\n<meta name=\"twitter:label1\" content=\"Availability\" \/>\n\t<meta name=\"twitter:data1\" content=\"In stock\" \/>\n<script type=\"application\/ld+json\" class=\"yoast-schema-graph\">{\"@context\":\"https:\/\/schema.org\",\"@graph\":[{\"@type\":\"WebPage\",\"@id\":\"https:\/\/franja.hr\/hr\/proizvod\/bialetti-moka-express-3\/\",\"url\":\"https:\/\/franja.hr\/hr\/proizvod\/bialetti-moka-express-3\/\",\"name\":\"Bialetti Moka Express - Franja Coffe\",\"isPartOf\":{\"@id\":\"https:\/\/franja.hr\/#website\"},\"primaryImageOfPage\":{\"@id\":\"https:\/\/franja.hr\/hr\/proizvod\/bialetti-moka-express-3\/#primaryimage\"},\"image\":{\"@id\":\"https:\/\/franja.hr\/hr\/proizvod\/bialetti-moka-express-3\/#primaryimage\"},\"thumbnailUrl\":\"https:\/\/franja.hr\/wp-content\/uploads\/2023\/11\/5a8c42773e9a05cd37c68b6b57cbaf31.jpeg\",\"datePublished\":\"2023-11-15T13:31:21+00:00\",\"dateModified\":\"2024-03-25T13:48:14+00:00\",\"breadcrumb\":{\"@id\":\"https:\/\/franja.hr\/hr\/proizvod\/bialetti-moka-express-3\/#breadcrumb\"},\"inLanguage\":\"hr\",\"potentialAction\":[{\"@type\":\"ReadAction\",\"target\":[\"https:\/\/franja.hr\/hr\/proizvod\/bialetti-moka-express-3\/\"]}]},{\"@type\":\"ImageObject\",\"inLanguage\":\"hr\",\"@id\":\"https:\/\/franja.hr\/hr\/proizvod\/bialetti-moka-express-3\/#primaryimage\",\"url\":\"https:\/\/franja.hr\/wp-content\/uploads\/2023\/11\/5a8c42773e9a05cd37c68b6b57cbaf31.jpeg\",\"contentUrl\":\"https:\/\/franja.hr\/wp-content\/uploads\/2023\/11\/5a8c42773e9a05cd37c68b6b57cbaf31.jpeg\",\"width\":1600,\"height\":1600},{\"@type\":\"BreadcrumbList\",\"@id\":\"https:\/\/franja.hr\/hr\/proizvod\/bialetti-moka-express-3\/#breadcrumb\",\"itemListElement\":[{\"@type\":\"ListItem\",\"position\":1,\"name\":\"Home\",\"item\":\"https:\/\/franja.hr\/hr\/coffe-tea\/\"},{\"@type\":\"ListItem\",\"position\":2,\"name\":\"Trgovina\",\"item\":\"https:\/\/franja.hr\/hr\/shop-2\/\"},{\"@type\":\"ListItem\",\"position\":3,\"name\":\"Bialetti Moka Express\"}]},{\"@type\":\"WebSite\",\"@id\":\"https:\/\/franja.hr\/#website\",\"url\":\"https:\/\/franja.hr\/\",\"name\":\"Franja Coffe\",\"description\":\"Franja coffe &amp; teahouse\",\"publisher\":{\"@id\":\"https:\/\/franja.hr\/#organization\"},\"potentialAction\":[{\"@type\":\"SearchAction\",\"target\":{\"@type\":\"EntryPoint\",\"urlTemplate\":\"https:\/\/franja.hr\/?s={search_term_string}\"},\"query-input\":{\"@type\":\"PropertyValueSpecification\",\"valueRequired\":true,\"valueName\":\"search_term_string\"}}],\"inLanguage\":\"hr\"},{\"@type\":\"Organization\",\"@id\":\"https:\/\/franja.hr\/#organization\",\"name\":\"Franja Coffe\",\"url\":\"https:\/\/franja.hr\/\",\"logo\":{\"@type\":\"ImageObject\",\"inLanguage\":\"hr\",\"@id\":\"https:\/\/franja.hr\/#\/schema\/logo\/image\/\",\"url\":\"https:\/\/franja.hr\/wp-content\/uploads\/2024\/03\/logo-franja_box.png\",\"contentUrl\":\"https:\/\/franja.hr\/wp-content\/uploads\/2024\/03\/logo-franja_box.png\",\"width\":150,\"height\":60,\"caption\":\"Franja Coffe\"},\"image\":{\"@id\":\"https:\/\/franja.hr\/#\/schema\/logo\/image\/\"},\"sameAs\":[\"https:\/\/facebook.com\/franjakava\/\",\"https:\/\/www.instagram.com\/franjakava_caj\/\"]}]}<\/script>\n<meta property=\"og:availability\" content=\"instock\" \/>\n<meta property=\"product:availability\" content=\"instock\" \/>\n<meta property=\"product:retailer_item_id\" content=\"0199\" \/>\n<meta property=\"product:condition\" content=\"new\" \/>\n<!-- \/ Yoast SEO Premium plugin. -->","yoast_head_json":{"title":"Bialetti Moka Express - Franja Coffe","robots":{"index":"index","follow":"follow","max-snippet":"max-snippet:-1","max-image-preview":"max-image-preview:large","max-video-preview":"max-video-preview:-1"},"canonical":"https:\/\/franja.hr\/hr\/proizvod\/bialetti-moka-express-3\/","og_locale":"hr_HR","og_type":"article","og_title":"Bialetti Moka Express","og_description":"Bialetti Moka Express","og_url":"https:\/\/franja.hr\/hr\/proizvod\/bialetti-moka-express-3\/","og_site_name":"Franja Coffe","article_publisher":"https:\/\/facebook.com\/franjakava\/","article_modified_time":"2024-03-25T13:48:14+00:00","og_image":[{"width":1600,"height":1600,"url":"https:\/\/franja.hr\/wp-content\/uploads\/2023\/11\/5a8c42773e9a05cd37c68b6b57cbaf31.jpeg","type":"image\/jpeg"}],"twitter_card":"summary_large_image","twitter_misc":{"Availability":"In stock"},"schema":{"@context":"https:\/\/schema.org","@graph":[{"@type":"WebPage","@id":"https:\/\/franja.hr\/hr\/proizvod\/bialetti-moka-express-3\/","url":"https:\/\/franja.hr\/hr\/proizvod\/bialetti-moka-express-3\/","name":"Bialetti Moka Express - Franja Coffe","isPartOf":{"@id":"https:\/\/franja.hr\/#website"},"primaryImageOfPage":{"@id":"https:\/\/franja.hr\/hr\/proizvod\/bialetti-moka-express-3\/#primaryimage"},"image":{"@id":"https:\/\/franja.hr\/hr\/proizvod\/bialetti-moka-express-3\/#primaryimage"},"thumbnailUrl":"https:\/\/franja.hr\/wp-content\/uploads\/2023\/11\/5a8c42773e9a05cd37c68b6b57cbaf31.jpeg","datePublished":"2023-11-15T13:31:21+00:00","dateModified":"2024-03-25T13:48:14+00:00","breadcrumb":{"@id":"https:\/\/franja.hr\/hr\/proizvod\/bialetti-moka-express-3\/#breadcrumb"},"inLanguage":"hr","potentialAction":[{"@type":"ReadAction","target":["https:\/\/franja.hr\/hr\/proizvod\/bialetti-moka-express-3\/"]}]},{"@type":"ImageObject","inLanguage":"hr","@id":"https:\/\/franja.hr\/hr\/proizvod\/bialetti-moka-express-3\/#primaryimage","url":"https:\/\/franja.hr\/wp-content\/uploads\/2023\/11\/5a8c42773e9a05cd37c68b6b57cbaf31.jpeg","contentUrl":"https:\/\/franja.hr\/wp-content\/uploads\/2023\/11\/5a8c42773e9a05cd37c68b6b57cbaf31.jpeg","width":1600,"height":1600},{"@type":"BreadcrumbList","@id":"https:\/\/franja.hr\/hr\/proizvod\/bialetti-moka-express-3\/#breadcrumb","itemListElement":[{"@type":"ListItem","position":1,"name":"Home","item":"https:\/\/franja.hr\/hr\/coffe-tea\/"},{"@type":"ListItem","position":2,"name":"Trgovina","item":"https:\/\/franja.hr\/hr\/shop-2\/"},{"@type":"ListItem","position":3,"name":"Bialetti Moka Express"}]},{"@type":"WebSite","@id":"https:\/\/franja.hr\/#website","url":"https:\/\/franja.hr\/","name":"Franja Coffe","description":"Franja coffe &amp; teahouse","publisher":{"@id":"https:\/\/franja.hr\/#organization"},"potentialAction":[{"@type":"SearchAction","target":{"@type":"EntryPoint","urlTemplate":"https:\/\/franja.hr\/?s={search_term_string}"},"query-input":{"@type":"PropertyValueSpecification","valueRequired":true,"valueName":"search_term_string"}}],"inLanguage":"hr"},{"@type":"Organization","@id":"https:\/\/franja.hr\/#organization","name":"Franja Coffe","url":"https:\/\/franja.hr\/","logo":{"@type":"ImageObject","inLanguage":"hr","@id":"https:\/\/franja.hr\/#\/schema\/logo\/image\/","url":"https:\/\/franja.hr\/wp-content\/uploads\/2024\/03\/logo-franja_box.png","contentUrl":"https:\/\/franja.hr\/wp-content\/uploads\/2024\/03\/logo-franja_box.png","width":150,"height":60,"caption":"Franja Coffe"},"image":{"@id":"https:\/\/franja.hr\/#\/schema\/logo\/image\/"},"sameAs":["https:\/\/facebook.com\/franjakava\/","https:\/\/www.instagram.com\/franjakava_caj\/"]}]},"og_availability":"instock","product_availability":"instock","product_retailer_item_id":"0199","product_condition":"new"},"_links":{"self":[{"href":"https:\/\/franja.hr\/hr\/wp-json\/wp\/v2\/product\/11795"}],"collection":[{"href":"https:\/\/franja.hr\/hr\/wp-json\/wp\/v2\/product"}],"about":[{"href":"https:\/\/franja.hr\/hr\/wp-json\/wp\/v2\/types\/product"}],"replies":[{"embeddable":true,"href":"https:\/\/franja.hr\/hr\/wp-json\/wp\/v2\/comments?post=11795"}],"wp:featuredmedia":[{"embeddable":true,"href":"https:\/\/franja.hr\/hr\/wp-json\/wp\/v2\/media\/11375"}],"wp:attachment":[{"href":"https:\/\/franja.hr\/hr\/wp-json\/wp\/v2\/media?parent=11795"}],"wp:term":[{"taxonomy":"product_cat","embeddable":true,"href":"https:\/\/franja.hr\/hr\/wp-json\/wp\/v2\/product_cat?post=11795"},{"taxonomy":"product_tag","embeddable":true,"href":"https:\/\/franja.hr\/hr\/wp-json\/wp\/v2\/product_tag?post=11795"}],"curies":[{"name":"wp","href":"https:\/\/api.w.org\/{rel}","templated":true}]}}