{"id":11759,"date":"2023-11-15T13:31:42","date_gmt":"2023-11-15T13:31:42","guid":{"rendered":"https:\/\/franjashop.com\/product\/bialetti-mini-express-2\/"},"modified":"2023-11-15T13:31:42","modified_gmt":"2023-11-15T13:31:42","slug":"bialetti-mini-express-2","status":"publish","type":"product","link":"https:\/\/franja.hr\/hr\/proizvod\/bialetti-mini-express-2\/","title":{"rendered":"Bialetti Mini Express"},"content":{"rendered":"<p>Mini kafeterija s inovativnim sustavom direktnog poslu\u017eivanja kave. Set uklju\u010duje kafeteriju i 2 \u0161alice. Bialetti kafeterije, originalnog osmerokutnog oblika koji omogu\u0107uje optimalnu distribuciju topline i vitkog izgleda inspiriranog \u017eenskim tijelom, dizajnerski i tehnolo\u0161ki nisu se puno promijenile od prve Moka Express kafeterije koja je pokrenula pravu malu revoluciju u pripremi kave . Klasi\u010dnog dizajna, elegancije i tehnolo\u0161ke jednostavnosti, a opet kvalitetne i sigurne, kafeterije su vremenom dovedene do savr\u0161enstva. Bilo da se radi o klasi\u010dnom aluminijskom ili onom od nehr\u0111aju\u0107eg \u010delika pogodnom za indukciju, svaki \u0107e pripremiti vrhunsku mocha kavu. Bialetti aparati za kavu pripremit \u0107e bogati, autenti\u010dni espresso u samo nekoliko minuta. Iako se mogu koristiti na razli\u010ditim vrstama \u0161tednjaka (ali ih nikada ne biste trebali koristiti u pe\u0107nicama ili mikrovalnim pe\u0107nicama), nisu sve kafeterije prikladne za indukciju. Stoga, ako trebate one za indukciju, obratite pozornost na modele od nehr\u0111aju\u0107eg \u010delika namijenjene indukciji. Kako bi va\u0161a kafeterija ostala funkcionalna dugi niz godina, preporu\u010da se ru\u010dno pranje toplom vodom bez jakih deterd\u017eenata. Tako\u0111er, kafeterije su namijenjene isklju\u010divo za kori\u0161tenje vode i kave, u njih nikada ne ulijevajte teku\u0107ine osim vode niti stavljajte bilo \u0161to osim kave. Va\u0161 Bialetti aparat za kavu uvijek dr\u017eite dobro zatvoren, u ispravnom stanju i neo\u0161te\u0107en kada ga koristite. Kapacitet 80 ml.<\/p>\n","protected":false},"excerpt":{"rendered":"<p>Bialetti Mini Express<\/p>\n","protected":false},"featured_media":11381,"comment_status":"closed","ping_status":"closed","template":"","meta":[],"product_cat":[350,297],"product_tag":[298],"yoast_head":"<!-- This site is optimized with the Yoast SEO Premium plugin v23.5 (Yoast SEO v23.5) - https:\/\/yoast.com\/wordpress\/plugins\/seo\/ -->\n<title>Bialetti Mini Express - Franja Coffe<\/title>\n<meta name=\"robots\" content=\"index, follow, max-snippet:-1, max-image-preview:large, max-video-preview:-1\" \/>\n<link rel=\"canonical\" href=\"https:\/\/franja.hr\/hr\/proizvod\/bialetti-mini-express-2\/\" \/>\n<meta property=\"og:locale\" content=\"hr_HR\" \/>\n<meta property=\"og:type\" content=\"article\" \/>\n<meta property=\"og:title\" content=\"Bialetti Mini Express\" \/>\n<meta property=\"og:description\" content=\"Bialetti Mini Express\" \/>\n<meta property=\"og:url\" content=\"https:\/\/franja.hr\/hr\/proizvod\/bialetti-mini-express-2\/\" \/>\n<meta property=\"og:site_name\" content=\"Franja Coffe\" \/>\n<meta property=\"article:publisher\" content=\"https:\/\/facebook.com\/franjakava\/\" \/>\n<meta property=\"og:image\" content=\"https:\/\/franja.hr\/wp-content\/uploads\/2023\/11\/44ed1874a02832b795e764b7f6392765.jpeg\" \/>\n\t<meta property=\"og:image:width\" content=\"1000\" \/>\n\t<meta property=\"og:image:height\" content=\"1000\" \/>\n\t<meta property=\"og:image:type\" content=\"image\/jpeg\" \/>\n<meta name=\"twitter:card\" content=\"summary_large_image\" \/>\n<meta name=\"twitter:label1\" content=\"Price\" \/>\n\t<meta name=\"twitter:data1\" content=\"88.80&nbsp;&euro; PDV uklj.\" \/>\n\t<meta name=\"twitter:label2\" content=\"Availability\" \/>\n\t<meta name=\"twitter:data2\" content=\"In stock\" \/>\n<script type=\"application\/ld+json\" class=\"yoast-schema-graph\">{\"@context\":\"https:\/\/schema.org\",\"@graph\":[{\"@type\":\"WebPage\",\"@id\":\"https:\/\/franja.hr\/hr\/proizvod\/bialetti-mini-express-2\/\",\"url\":\"https:\/\/franja.hr\/hr\/proizvod\/bialetti-mini-express-2\/\",\"name\":\"Bialetti Mini Express - Franja Coffe\",\"isPartOf\":{\"@id\":\"https:\/\/franja.hr\/#website\"},\"primaryImageOfPage\":{\"@id\":\"https:\/\/franja.hr\/hr\/proizvod\/bialetti-mini-express-2\/#primaryimage\"},\"image\":{\"@id\":\"https:\/\/franja.hr\/hr\/proizvod\/bialetti-mini-express-2\/#primaryimage\"},\"thumbnailUrl\":\"https:\/\/franja.hr\/wp-content\/uploads\/2023\/11\/44ed1874a02832b795e764b7f6392765.jpeg\",\"datePublished\":\"2023-11-15T13:31:42+00:00\",\"dateModified\":\"2023-11-15T13:31:42+00:00\",\"breadcrumb\":{\"@id\":\"https:\/\/franja.hr\/hr\/proizvod\/bialetti-mini-express-2\/#breadcrumb\"},\"inLanguage\":\"hr\",\"potentialAction\":[{\"@type\":\"ReadAction\",\"target\":[\"https:\/\/franja.hr\/hr\/proizvod\/bialetti-mini-express-2\/\"]}]},{\"@type\":\"ImageObject\",\"inLanguage\":\"hr\",\"@id\":\"https:\/\/franja.hr\/hr\/proizvod\/bialetti-mini-express-2\/#primaryimage\",\"url\":\"https:\/\/franja.hr\/wp-content\/uploads\/2023\/11\/44ed1874a02832b795e764b7f6392765.jpeg\",\"contentUrl\":\"https:\/\/franja.hr\/wp-content\/uploads\/2023\/11\/44ed1874a02832b795e764b7f6392765.jpeg\",\"width\":1000,\"height\":1000},{\"@type\":\"BreadcrumbList\",\"@id\":\"https:\/\/franja.hr\/hr\/proizvod\/bialetti-mini-express-2\/#breadcrumb\",\"itemListElement\":[{\"@type\":\"ListItem\",\"position\":1,\"name\":\"Home\",\"item\":\"https:\/\/franja.hr\/hr\/coffe-tea\/\"},{\"@type\":\"ListItem\",\"position\":2,\"name\":\"Trgovina\",\"item\":\"https:\/\/franja.hr\/hr\/shop-2\/\"},{\"@type\":\"ListItem\",\"position\":3,\"name\":\"Bialetti Mini Express\"}]},{\"@type\":\"WebSite\",\"@id\":\"https:\/\/franja.hr\/#website\",\"url\":\"https:\/\/franja.hr\/\",\"name\":\"Franja Coffe\",\"description\":\"Franja coffe &amp; teahouse\",\"publisher\":{\"@id\":\"https:\/\/franja.hr\/#organization\"},\"potentialAction\":[{\"@type\":\"SearchAction\",\"target\":{\"@type\":\"EntryPoint\",\"urlTemplate\":\"https:\/\/franja.hr\/?s={search_term_string}\"},\"query-input\":{\"@type\":\"PropertyValueSpecification\",\"valueRequired\":true,\"valueName\":\"search_term_string\"}}],\"inLanguage\":\"hr\"},{\"@type\":\"Organization\",\"@id\":\"https:\/\/franja.hr\/#organization\",\"name\":\"Franja Coffe\",\"url\":\"https:\/\/franja.hr\/\",\"logo\":{\"@type\":\"ImageObject\",\"inLanguage\":\"hr\",\"@id\":\"https:\/\/franja.hr\/#\/schema\/logo\/image\/\",\"url\":\"https:\/\/franja.hr\/wp-content\/uploads\/2024\/03\/logo-franja_box.png\",\"contentUrl\":\"https:\/\/franja.hr\/wp-content\/uploads\/2024\/03\/logo-franja_box.png\",\"width\":150,\"height\":60,\"caption\":\"Franja Coffe\"},\"image\":{\"@id\":\"https:\/\/franja.hr\/#\/schema\/logo\/image\/\"},\"sameAs\":[\"https:\/\/facebook.com\/franjakava\/\",\"https:\/\/www.instagram.com\/franjakava_caj\/\"]}]}<\/script>\n<meta property=\"product:price:amount\" content=\"88.80\" \/>\n<meta property=\"product:price:currency\" content=\"EUR\" \/>\n<meta property=\"og:availability\" content=\"instock\" \/>\n<meta property=\"product:availability\" content=\"instock\" \/>\n<meta property=\"product:retailer_item_id\" content=\"0205\" \/>\n<meta property=\"product:condition\" content=\"new\" \/>\n<!-- \/ Yoast SEO Premium plugin. -->","yoast_head_json":{"title":"Bialetti Mini Express - Franja Coffe","robots":{"index":"index","follow":"follow","max-snippet":"max-snippet:-1","max-image-preview":"max-image-preview:large","max-video-preview":"max-video-preview:-1"},"canonical":"https:\/\/franja.hr\/hr\/proizvod\/bialetti-mini-express-2\/","og_locale":"hr_HR","og_type":"article","og_title":"Bialetti Mini Express","og_description":"Bialetti Mini Express","og_url":"https:\/\/franja.hr\/hr\/proizvod\/bialetti-mini-express-2\/","og_site_name":"Franja Coffe","article_publisher":"https:\/\/facebook.com\/franjakava\/","og_image":[{"width":1000,"height":1000,"url":"https:\/\/franja.hr\/wp-content\/uploads\/2023\/11\/44ed1874a02832b795e764b7f6392765.jpeg","type":"image\/jpeg"}],"twitter_card":"summary_large_image","twitter_misc":{"Price":"88.80&nbsp;&euro; PDV uklj.","Availability":"In stock"},"schema":{"@context":"https:\/\/schema.org","@graph":[{"@type":"WebPage","@id":"https:\/\/franja.hr\/hr\/proizvod\/bialetti-mini-express-2\/","url":"https:\/\/franja.hr\/hr\/proizvod\/bialetti-mini-express-2\/","name":"Bialetti Mini Express - Franja Coffe","isPartOf":{"@id":"https:\/\/franja.hr\/#website"},"primaryImageOfPage":{"@id":"https:\/\/franja.hr\/hr\/proizvod\/bialetti-mini-express-2\/#primaryimage"},"image":{"@id":"https:\/\/franja.hr\/hr\/proizvod\/bialetti-mini-express-2\/#primaryimage"},"thumbnailUrl":"https:\/\/franja.hr\/wp-content\/uploads\/2023\/11\/44ed1874a02832b795e764b7f6392765.jpeg","datePublished":"2023-11-15T13:31:42+00:00","dateModified":"2023-11-15T13:31:42+00:00","breadcrumb":{"@id":"https:\/\/franja.hr\/hr\/proizvod\/bialetti-mini-express-2\/#breadcrumb"},"inLanguage":"hr","potentialAction":[{"@type":"ReadAction","target":["https:\/\/franja.hr\/hr\/proizvod\/bialetti-mini-express-2\/"]}]},{"@type":"ImageObject","inLanguage":"hr","@id":"https:\/\/franja.hr\/hr\/proizvod\/bialetti-mini-express-2\/#primaryimage","url":"https:\/\/franja.hr\/wp-content\/uploads\/2023\/11\/44ed1874a02832b795e764b7f6392765.jpeg","contentUrl":"https:\/\/franja.hr\/wp-content\/uploads\/2023\/11\/44ed1874a02832b795e764b7f6392765.jpeg","width":1000,"height":1000},{"@type":"BreadcrumbList","@id":"https:\/\/franja.hr\/hr\/proizvod\/bialetti-mini-express-2\/#breadcrumb","itemListElement":[{"@type":"ListItem","position":1,"name":"Home","item":"https:\/\/franja.hr\/hr\/coffe-tea\/"},{"@type":"ListItem","position":2,"name":"Trgovina","item":"https:\/\/franja.hr\/hr\/shop-2\/"},{"@type":"ListItem","position":3,"name":"Bialetti Mini Express"}]},{"@type":"WebSite","@id":"https:\/\/franja.hr\/#website","url":"https:\/\/franja.hr\/","name":"Franja Coffe","description":"Franja coffe &amp; teahouse","publisher":{"@id":"https:\/\/franja.hr\/#organization"},"potentialAction":[{"@type":"SearchAction","target":{"@type":"EntryPoint","urlTemplate":"https:\/\/franja.hr\/?s={search_term_string}"},"query-input":{"@type":"PropertyValueSpecification","valueRequired":true,"valueName":"search_term_string"}}],"inLanguage":"hr"},{"@type":"Organization","@id":"https:\/\/franja.hr\/#organization","name":"Franja Coffe","url":"https:\/\/franja.hr\/","logo":{"@type":"ImageObject","inLanguage":"hr","@id":"https:\/\/franja.hr\/#\/schema\/logo\/image\/","url":"https:\/\/franja.hr\/wp-content\/uploads\/2024\/03\/logo-franja_box.png","contentUrl":"https:\/\/franja.hr\/wp-content\/uploads\/2024\/03\/logo-franja_box.png","width":150,"height":60,"caption":"Franja Coffe"},"image":{"@id":"https:\/\/franja.hr\/#\/schema\/logo\/image\/"},"sameAs":["https:\/\/facebook.com\/franjakava\/","https:\/\/www.instagram.com\/franjakava_caj\/"]}]},"product_price_amount":"88.80","product_price_currency":"EUR","og_availability":"instock","product_availability":"instock","product_retailer_item_id":"0205","product_condition":"new"},"_links":{"self":[{"href":"https:\/\/franja.hr\/hr\/wp-json\/wp\/v2\/product\/11759"}],"collection":[{"href":"https:\/\/franja.hr\/hr\/wp-json\/wp\/v2\/product"}],"about":[{"href":"https:\/\/franja.hr\/hr\/wp-json\/wp\/v2\/types\/product"}],"replies":[{"embeddable":true,"href":"https:\/\/franja.hr\/hr\/wp-json\/wp\/v2\/comments?post=11759"}],"wp:featuredmedia":[{"embeddable":true,"href":"https:\/\/franja.hr\/hr\/wp-json\/wp\/v2\/media\/11381"}],"wp:attachment":[{"href":"https:\/\/franja.hr\/hr\/wp-json\/wp\/v2\/media?parent=11759"}],"wp:term":[{"taxonomy":"product_cat","embeddable":true,"href":"https:\/\/franja.hr\/hr\/wp-json\/wp\/v2\/product_cat?post=11759"},{"taxonomy":"product_tag","embeddable":true,"href":"https:\/\/franja.hr\/hr\/wp-json\/wp\/v2\/product_tag?post=11759"}],"curies":[{"name":"wp","href":"https:\/\/api.w.org\/{rel}","templated":true}]}}