{"id":11738,"date":"2023-11-15T14:03:47","date_gmt":"2023-11-15T14:03:47","guid":{"rendered":"https:\/\/franjashop.com\/product\/sastojci-secer-kakao-pasta-kakao-maslac-punomasno-mlijeko-u-prahu-slani-puter-karamel-7-secer-glukozni-sirup-punomasno-mlijeko-u-prahu-svjeze-vrhnje-mlijeko-slani-maslac-mlijeko-guerand\/"},"modified":"2024-02-20T10:09:36","modified_gmt":"2024-02-20T10:09:36","slug":"sastojci-secer-kakao-pasta-kakao-maslac-punomasno-mlijeko-u-prahu-slani-puter-karamel-7-secer-glukozni-sirup-punomasno-mlijeko-u-prahu-svjeze-vrhnje-mlijeko-slani-maslac-mlijeko-guerand","status":"publish","type":"product","link":"https:\/\/franja.hr\/hr\/proizvod\/sastojci-secer-kakao-pasta-kakao-maslac-punomasno-mlijeko-u-prahu-slani-puter-karamel-7-secer-glukozni-sirup-punomasno-mlijeko-u-prahu-svjeze-vrhnje-mlijeko-slani-maslac-mlijeko-guerand\/","title":{"rendered":"Mlije\u010dna \u010dokolada sa karamelom"},"content":{"rendered":"<div class=\"wpb-content-wrapper\"><p>[vc_row][vc_column][vc_column_text woodmart_inline=&#8221;no&#8221; text_larger=&#8221;no&#8221;]Sastojci: \u0161e\u0107er, kakao pasta, kakao maslac, punomasno mlijeko u prahu, slani puter karamel 7% (\u0161e\u0107er, glukozni sirup, punomasno mlijeko u prahu, svje\u017ee vrhnje (mlijeko), slani maslac (mlijeko), gu\u00e9rande sol, emulgator: repi\u010din lecitin), emulgator: sojin lecitin, prirodne arome, Gu\u00e9rande sol. Kakao: minimalno 37%. Mo\u017ee sadr\u017eavati tragove ora\u0161astih plodova, glutena, jaja i sezama. Kakao: minimum 37%. Mo\u017ee sadr\u017eavati tragove drugih ora\u0161astih plodova, jaja, mlijeka, glutena i sezama.[\/vc_column_text][\/vc_column][\/vc_row]<\/p>\n<\/div>","protected":false},"excerpt":{"rendered":"<p>30g<\/p>\n","protected":false},"featured_media":11426,"comment_status":"closed","ping_status":"closed","template":"","meta":[],"product_cat":[402,293],"product_tag":[],"yoast_head":"<!-- This site is optimized with the Yoast SEO Premium plugin v23.5 (Yoast SEO v23.5) - https:\/\/yoast.com\/wordpress\/plugins\/seo\/ -->\n<title>Mlije\u010dna \u010dokolada sa karamelom - Franja Coffe<\/title>\n<meta name=\"robots\" content=\"index, follow, max-snippet:-1, max-image-preview:large, max-video-preview:-1\" \/>\n<link rel=\"canonical\" href=\"https:\/\/franja.hr\/hr\/proizvod\/sastojci-secer-kakao-pasta-kakao-maslac-punomasno-mlijeko-u-prahu-slani-puter-karamel-7-secer-glukozni-sirup-punomasno-mlijeko-u-prahu-svjeze-vrhnje-mlijeko-slani-maslac-mlijeko-guerand\/\" \/>\n<meta property=\"og:locale\" content=\"hr_HR\" \/>\n<meta property=\"og:type\" content=\"article\" \/>\n<meta property=\"og:title\" content=\"Mlije\u010dna \u010dokolada sa karamelom\" \/>\n<meta property=\"og:description\" content=\"30g\" \/>\n<meta property=\"og:url\" content=\"https:\/\/franja.hr\/hr\/proizvod\/sastojci-secer-kakao-pasta-kakao-maslac-punomasno-mlijeko-u-prahu-slani-puter-karamel-7-secer-glukozni-sirup-punomasno-mlijeko-u-prahu-svjeze-vrhnje-mlijeko-slani-maslac-mlijeko-guerand\/\" \/>\n<meta property=\"og:site_name\" content=\"Franja Coffe\" \/>\n<meta property=\"article:publisher\" content=\"https:\/\/facebook.com\/franjakava\/\" \/>\n<meta property=\"article:modified_time\" content=\"2024-02-20T10:09:36+00:00\" \/>\n<meta property=\"og:image\" content=\"https:\/\/franja.hr\/wp-content\/uploads\/2023\/11\/4194a0ad3578eb2617ee29913197bfda.png\" \/>\n\t<meta property=\"og:image:width\" content=\"400\" \/>\n\t<meta property=\"og:image:height\" content=\"400\" \/>\n\t<meta property=\"og:image:type\" content=\"image\/png\" \/>\n<meta name=\"twitter:card\" content=\"summary_large_image\" \/>\n<meta name=\"twitter:label1\" content=\"Price\" \/>\n\t<meta name=\"twitter:data1\" content=\"1.72&nbsp;&euro; PDV uklj.\" \/>\n\t<meta name=\"twitter:label2\" content=\"Availability\" \/>\n\t<meta name=\"twitter:data2\" content=\"In stock\" \/>\n<script type=\"application\/ld+json\" class=\"yoast-schema-graph\">{\"@context\":\"https:\/\/schema.org\",\"@graph\":[{\"@type\":\"WebPage\",\"@id\":\"https:\/\/franja.hr\/hr\/proizvod\/sastojci-secer-kakao-pasta-kakao-maslac-punomasno-mlijeko-u-prahu-slani-puter-karamel-7-secer-glukozni-sirup-punomasno-mlijeko-u-prahu-svjeze-vrhnje-mlijeko-slani-maslac-mlijeko-guerand\/\",\"url\":\"https:\/\/franja.hr\/hr\/proizvod\/sastojci-secer-kakao-pasta-kakao-maslac-punomasno-mlijeko-u-prahu-slani-puter-karamel-7-secer-glukozni-sirup-punomasno-mlijeko-u-prahu-svjeze-vrhnje-mlijeko-slani-maslac-mlijeko-guerand\/\",\"name\":\"Mlije\u010dna \u010dokolada sa karamelom - Franja Coffe\",\"isPartOf\":{\"@id\":\"https:\/\/franja.hr\/#website\"},\"primaryImageOfPage\":{\"@id\":\"https:\/\/franja.hr\/hr\/proizvod\/sastojci-secer-kakao-pasta-kakao-maslac-punomasno-mlijeko-u-prahu-slani-puter-karamel-7-secer-glukozni-sirup-punomasno-mlijeko-u-prahu-svjeze-vrhnje-mlijeko-slani-maslac-mlijeko-guerand\/#primaryimage\"},\"image\":{\"@id\":\"https:\/\/franja.hr\/hr\/proizvod\/sastojci-secer-kakao-pasta-kakao-maslac-punomasno-mlijeko-u-prahu-slani-puter-karamel-7-secer-glukozni-sirup-punomasno-mlijeko-u-prahu-svjeze-vrhnje-mlijeko-slani-maslac-mlijeko-guerand\/#primaryimage\"},\"thumbnailUrl\":\"https:\/\/franja.hr\/wp-content\/uploads\/2023\/11\/4194a0ad3578eb2617ee29913197bfda.png\",\"datePublished\":\"2023-11-15T14:03:47+00:00\",\"dateModified\":\"2024-02-20T10:09:36+00:00\",\"breadcrumb\":{\"@id\":\"https:\/\/franja.hr\/hr\/proizvod\/sastojci-secer-kakao-pasta-kakao-maslac-punomasno-mlijeko-u-prahu-slani-puter-karamel-7-secer-glukozni-sirup-punomasno-mlijeko-u-prahu-svjeze-vrhnje-mlijeko-slani-maslac-mlijeko-guerand\/#breadcrumb\"},\"inLanguage\":\"hr\",\"potentialAction\":[{\"@type\":\"ReadAction\",\"target\":[\"https:\/\/franja.hr\/hr\/proizvod\/sastojci-secer-kakao-pasta-kakao-maslac-punomasno-mlijeko-u-prahu-slani-puter-karamel-7-secer-glukozni-sirup-punomasno-mlijeko-u-prahu-svjeze-vrhnje-mlijeko-slani-maslac-mlijeko-guerand\/\"]}]},{\"@type\":\"ImageObject\",\"inLanguage\":\"hr\",\"@id\":\"https:\/\/franja.hr\/hr\/proizvod\/sastojci-secer-kakao-pasta-kakao-maslac-punomasno-mlijeko-u-prahu-slani-puter-karamel-7-secer-glukozni-sirup-punomasno-mlijeko-u-prahu-svjeze-vrhnje-mlijeko-slani-maslac-mlijeko-guerand\/#primaryimage\",\"url\":\"https:\/\/franja.hr\/wp-content\/uploads\/2023\/11\/4194a0ad3578eb2617ee29913197bfda.png\",\"contentUrl\":\"https:\/\/franja.hr\/wp-content\/uploads\/2023\/11\/4194a0ad3578eb2617ee29913197bfda.png\",\"width\":400,\"height\":400},{\"@type\":\"BreadcrumbList\",\"@id\":\"https:\/\/franja.hr\/hr\/proizvod\/sastojci-secer-kakao-pasta-kakao-maslac-punomasno-mlijeko-u-prahu-slani-puter-karamel-7-secer-glukozni-sirup-punomasno-mlijeko-u-prahu-svjeze-vrhnje-mlijeko-slani-maslac-mlijeko-guerand\/#breadcrumb\",\"itemListElement\":[{\"@type\":\"ListItem\",\"position\":1,\"name\":\"Home\",\"item\":\"https:\/\/franja.hr\/hr\/coffe-tea\/\"},{\"@type\":\"ListItem\",\"position\":2,\"name\":\"Trgovina\",\"item\":\"https:\/\/franja.hr\/hr\/shop-2\/\"},{\"@type\":\"ListItem\",\"position\":3,\"name\":\"Mlije\u010dna \u010dokolada sa karamelom\"}]},{\"@type\":\"WebSite\",\"@id\":\"https:\/\/franja.hr\/#website\",\"url\":\"https:\/\/franja.hr\/\",\"name\":\"Franja Coffe\",\"description\":\"Franja coffe &amp; teahouse\",\"publisher\":{\"@id\":\"https:\/\/franja.hr\/#organization\"},\"potentialAction\":[{\"@type\":\"SearchAction\",\"target\":{\"@type\":\"EntryPoint\",\"urlTemplate\":\"https:\/\/franja.hr\/?s={search_term_string}\"},\"query-input\":{\"@type\":\"PropertyValueSpecification\",\"valueRequired\":true,\"valueName\":\"search_term_string\"}}],\"inLanguage\":\"hr\"},{\"@type\":\"Organization\",\"@id\":\"https:\/\/franja.hr\/#organization\",\"name\":\"Franja Coffe\",\"url\":\"https:\/\/franja.hr\/\",\"logo\":{\"@type\":\"ImageObject\",\"inLanguage\":\"hr\",\"@id\":\"https:\/\/franja.hr\/#\/schema\/logo\/image\/\",\"url\":\"https:\/\/franja.hr\/wp-content\/uploads\/2024\/03\/logo-franja_box.png\",\"contentUrl\":\"https:\/\/franja.hr\/wp-content\/uploads\/2024\/03\/logo-franja_box.png\",\"width\":150,\"height\":60,\"caption\":\"Franja Coffe\"},\"image\":{\"@id\":\"https:\/\/franja.hr\/#\/schema\/logo\/image\/\"},\"sameAs\":[\"https:\/\/facebook.com\/franjakava\/\",\"https:\/\/www.instagram.com\/franjakava_caj\/\"]}]}<\/script>\n<meta property=\"product:price:amount\" content=\"1.72\" \/>\n<meta property=\"product:price:currency\" content=\"EUR\" \/>\n<meta property=\"og:availability\" content=\"instock\" \/>\n<meta property=\"product:availability\" content=\"instock\" \/>\n<meta property=\"product:retailer_item_id\" content=\"0061\" \/>\n<meta property=\"product:condition\" content=\"new\" \/>\n<!-- \/ Yoast SEO Premium plugin. -->","yoast_head_json":{"title":"Mlije\u010dna \u010dokolada sa karamelom - Franja Coffe","robots":{"index":"index","follow":"follow","max-snippet":"max-snippet:-1","max-image-preview":"max-image-preview:large","max-video-preview":"max-video-preview:-1"},"canonical":"https:\/\/franja.hr\/hr\/proizvod\/sastojci-secer-kakao-pasta-kakao-maslac-punomasno-mlijeko-u-prahu-slani-puter-karamel-7-secer-glukozni-sirup-punomasno-mlijeko-u-prahu-svjeze-vrhnje-mlijeko-slani-maslac-mlijeko-guerand\/","og_locale":"hr_HR","og_type":"article","og_title":"Mlije\u010dna \u010dokolada sa karamelom","og_description":"30g","og_url":"https:\/\/franja.hr\/hr\/proizvod\/sastojci-secer-kakao-pasta-kakao-maslac-punomasno-mlijeko-u-prahu-slani-puter-karamel-7-secer-glukozni-sirup-punomasno-mlijeko-u-prahu-svjeze-vrhnje-mlijeko-slani-maslac-mlijeko-guerand\/","og_site_name":"Franja Coffe","article_publisher":"https:\/\/facebook.com\/franjakava\/","article_modified_time":"2024-02-20T10:09:36+00:00","og_image":[{"width":400,"height":400,"url":"https:\/\/franja.hr\/wp-content\/uploads\/2023\/11\/4194a0ad3578eb2617ee29913197bfda.png","type":"image\/png"}],"twitter_card":"summary_large_image","twitter_misc":{"Price":"1.72&nbsp;&euro; PDV uklj.","Availability":"In stock"},"schema":{"@context":"https:\/\/schema.org","@graph":[{"@type":"WebPage","@id":"https:\/\/franja.hr\/hr\/proizvod\/sastojci-secer-kakao-pasta-kakao-maslac-punomasno-mlijeko-u-prahu-slani-puter-karamel-7-secer-glukozni-sirup-punomasno-mlijeko-u-prahu-svjeze-vrhnje-mlijeko-slani-maslac-mlijeko-guerand\/","url":"https:\/\/franja.hr\/hr\/proizvod\/sastojci-secer-kakao-pasta-kakao-maslac-punomasno-mlijeko-u-prahu-slani-puter-karamel-7-secer-glukozni-sirup-punomasno-mlijeko-u-prahu-svjeze-vrhnje-mlijeko-slani-maslac-mlijeko-guerand\/","name":"Mlije\u010dna \u010dokolada sa karamelom - Franja Coffe","isPartOf":{"@id":"https:\/\/franja.hr\/#website"},"primaryImageOfPage":{"@id":"https:\/\/franja.hr\/hr\/proizvod\/sastojci-secer-kakao-pasta-kakao-maslac-punomasno-mlijeko-u-prahu-slani-puter-karamel-7-secer-glukozni-sirup-punomasno-mlijeko-u-prahu-svjeze-vrhnje-mlijeko-slani-maslac-mlijeko-guerand\/#primaryimage"},"image":{"@id":"https:\/\/franja.hr\/hr\/proizvod\/sastojci-secer-kakao-pasta-kakao-maslac-punomasno-mlijeko-u-prahu-slani-puter-karamel-7-secer-glukozni-sirup-punomasno-mlijeko-u-prahu-svjeze-vrhnje-mlijeko-slani-maslac-mlijeko-guerand\/#primaryimage"},"thumbnailUrl":"https:\/\/franja.hr\/wp-content\/uploads\/2023\/11\/4194a0ad3578eb2617ee29913197bfda.png","datePublished":"2023-11-15T14:03:47+00:00","dateModified":"2024-02-20T10:09:36+00:00","breadcrumb":{"@id":"https:\/\/franja.hr\/hr\/proizvod\/sastojci-secer-kakao-pasta-kakao-maslac-punomasno-mlijeko-u-prahu-slani-puter-karamel-7-secer-glukozni-sirup-punomasno-mlijeko-u-prahu-svjeze-vrhnje-mlijeko-slani-maslac-mlijeko-guerand\/#breadcrumb"},"inLanguage":"hr","potentialAction":[{"@type":"ReadAction","target":["https:\/\/franja.hr\/hr\/proizvod\/sastojci-secer-kakao-pasta-kakao-maslac-punomasno-mlijeko-u-prahu-slani-puter-karamel-7-secer-glukozni-sirup-punomasno-mlijeko-u-prahu-svjeze-vrhnje-mlijeko-slani-maslac-mlijeko-guerand\/"]}]},{"@type":"ImageObject","inLanguage":"hr","@id":"https:\/\/franja.hr\/hr\/proizvod\/sastojci-secer-kakao-pasta-kakao-maslac-punomasno-mlijeko-u-prahu-slani-puter-karamel-7-secer-glukozni-sirup-punomasno-mlijeko-u-prahu-svjeze-vrhnje-mlijeko-slani-maslac-mlijeko-guerand\/#primaryimage","url":"https:\/\/franja.hr\/wp-content\/uploads\/2023\/11\/4194a0ad3578eb2617ee29913197bfda.png","contentUrl":"https:\/\/franja.hr\/wp-content\/uploads\/2023\/11\/4194a0ad3578eb2617ee29913197bfda.png","width":400,"height":400},{"@type":"BreadcrumbList","@id":"https:\/\/franja.hr\/hr\/proizvod\/sastojci-secer-kakao-pasta-kakao-maslac-punomasno-mlijeko-u-prahu-slani-puter-karamel-7-secer-glukozni-sirup-punomasno-mlijeko-u-prahu-svjeze-vrhnje-mlijeko-slani-maslac-mlijeko-guerand\/#breadcrumb","itemListElement":[{"@type":"ListItem","position":1,"name":"Home","item":"https:\/\/franja.hr\/hr\/coffe-tea\/"},{"@type":"ListItem","position":2,"name":"Trgovina","item":"https:\/\/franja.hr\/hr\/shop-2\/"},{"@type":"ListItem","position":3,"name":"Mlije\u010dna \u010dokolada sa karamelom"}]},{"@type":"WebSite","@id":"https:\/\/franja.hr\/#website","url":"https:\/\/franja.hr\/","name":"Franja Coffe","description":"Franja coffe &amp; teahouse","publisher":{"@id":"https:\/\/franja.hr\/#organization"},"potentialAction":[{"@type":"SearchAction","target":{"@type":"EntryPoint","urlTemplate":"https:\/\/franja.hr\/?s={search_term_string}"},"query-input":{"@type":"PropertyValueSpecification","valueRequired":true,"valueName":"search_term_string"}}],"inLanguage":"hr"},{"@type":"Organization","@id":"https:\/\/franja.hr\/#organization","name":"Franja Coffe","url":"https:\/\/franja.hr\/","logo":{"@type":"ImageObject","inLanguage":"hr","@id":"https:\/\/franja.hr\/#\/schema\/logo\/image\/","url":"https:\/\/franja.hr\/wp-content\/uploads\/2024\/03\/logo-franja_box.png","contentUrl":"https:\/\/franja.hr\/wp-content\/uploads\/2024\/03\/logo-franja_box.png","width":150,"height":60,"caption":"Franja Coffe"},"image":{"@id":"https:\/\/franja.hr\/#\/schema\/logo\/image\/"},"sameAs":["https:\/\/facebook.com\/franjakava\/","https:\/\/www.instagram.com\/franjakava_caj\/"]}]},"product_price_amount":"1.72","product_price_currency":"EUR","og_availability":"instock","product_availability":"instock","product_retailer_item_id":"0061","product_condition":"new"},"_links":{"self":[{"href":"https:\/\/franja.hr\/hr\/wp-json\/wp\/v2\/product\/11738"}],"collection":[{"href":"https:\/\/franja.hr\/hr\/wp-json\/wp\/v2\/product"}],"about":[{"href":"https:\/\/franja.hr\/hr\/wp-json\/wp\/v2\/types\/product"}],"replies":[{"embeddable":true,"href":"https:\/\/franja.hr\/hr\/wp-json\/wp\/v2\/comments?post=11738"}],"wp:featuredmedia":[{"embeddable":true,"href":"https:\/\/franja.hr\/hr\/wp-json\/wp\/v2\/media\/11426"}],"wp:attachment":[{"href":"https:\/\/franja.hr\/hr\/wp-json\/wp\/v2\/media?parent=11738"}],"wp:term":[{"taxonomy":"product_cat","embeddable":true,"href":"https:\/\/franja.hr\/hr\/wp-json\/wp\/v2\/product_cat?post=11738"},{"taxonomy":"product_tag","embeddable":true,"href":"https:\/\/franja.hr\/hr\/wp-json\/wp\/v2\/product_tag?post=11738"}],"curies":[{"name":"wp","href":"https:\/\/api.w.org\/{rel}","templated":true}]}}