{"id":11733,"date":"2024-01-22T14:07:25","date_gmt":"2024-01-22T14:07:25","guid":{"rendered":"https:\/\/franjashop.com\/product\/decaffeinated-espresso-blend-sandalj-numero-3-specialty-coffee\/"},"modified":"2024-02-07T12:35:47","modified_gmt":"2024-02-07T12:35:47","slug":"decaffeinated-espresso-blend-sandalj-numero-3-specialty-coffee","status":"publish","type":"product","link":"https:\/\/franja.hr\/hr\/proizvod\/decaffeinated-espresso-blend-sandalj-numero-3-specialty-coffee\/","title":{"rendered":"Decaffeinated Espresso Blend Sandalj, numero 3"},"content":{"rendered":"<p>Kava slatkog aromati\u010dnog okusa \u010dokolade, badema i lje\u0161njaka, koja u pozadini podsje\u0107a na kakao.<\/p>\n","protected":false},"excerpt":{"rendered":"<p>Package: 250 g<\/p>\n","protected":false},"featured_media":11075,"comment_status":"closed","ping_status":"closed","template":"","meta":[],"product_cat":[350,292],"product_tag":[],"yoast_head":"<!-- This site is optimized with the Yoast SEO Premium plugin v23.5 (Yoast SEO v23.5) - https:\/\/yoast.com\/wordpress\/plugins\/seo\/ -->\n<title>Decaffeinated Espresso Blend Sandalj, numero 3 - Franja Coffe<\/title>\n<meta name=\"robots\" content=\"index, follow, max-snippet:-1, max-image-preview:large, max-video-preview:-1\" \/>\n<link rel=\"canonical\" href=\"https:\/\/franja.hr\/hr\/proizvod\/decaffeinated-espresso-blend-sandalj-numero-3-specialty-coffee\/\" \/>\n<meta property=\"og:locale\" content=\"hr_HR\" \/>\n<meta property=\"og:type\" content=\"article\" \/>\n<meta property=\"og:title\" content=\"Decaffeinated Espresso Blend Sandalj, numero 3\" \/>\n<meta property=\"og:description\" content=\"Package: 250 g\" \/>\n<meta property=\"og:url\" content=\"https:\/\/franja.hr\/hr\/proizvod\/decaffeinated-espresso-blend-sandalj-numero-3-specialty-coffee\/\" \/>\n<meta property=\"og:site_name\" content=\"Franja Coffe\" \/>\n<meta property=\"article:publisher\" content=\"https:\/\/facebook.com\/franjakava\/\" \/>\n<meta property=\"article:modified_time\" content=\"2024-02-07T12:35:47+00:00\" \/>\n<meta property=\"og:image\" content=\"https:\/\/franja.hr\/wp-content\/uploads\/2023\/09\/20ea744b1695f2fb9013faad0f052579.jpeg\" \/>\n\t<meta property=\"og:image:width\" content=\"800\" \/>\n\t<meta property=\"og:image:height\" content=\"800\" \/>\n\t<meta property=\"og:image:type\" content=\"image\/jpeg\" \/>\n<meta name=\"twitter:card\" content=\"summary_large_image\" \/>\n<meta name=\"twitter:label1\" content=\"Price\" \/>\n\t<meta name=\"twitter:data1\" content=\"17.25&nbsp;&euro; PDV uklj.\" \/>\n\t<meta name=\"twitter:label2\" content=\"Availability\" \/>\n\t<meta name=\"twitter:data2\" content=\"In stock\" \/>\n<script type=\"application\/ld+json\" class=\"yoast-schema-graph\">{\"@context\":\"https:\/\/schema.org\",\"@graph\":[{\"@type\":\"WebPage\",\"@id\":\"https:\/\/franja.hr\/hr\/proizvod\/decaffeinated-espresso-blend-sandalj-numero-3-specialty-coffee\/\",\"url\":\"https:\/\/franja.hr\/hr\/proizvod\/decaffeinated-espresso-blend-sandalj-numero-3-specialty-coffee\/\",\"name\":\"Decaffeinated Espresso Blend Sandalj, numero 3 - Franja Coffe\",\"isPartOf\":{\"@id\":\"https:\/\/franja.hr\/#website\"},\"primaryImageOfPage\":{\"@id\":\"https:\/\/franja.hr\/hr\/proizvod\/decaffeinated-espresso-blend-sandalj-numero-3-specialty-coffee\/#primaryimage\"},\"image\":{\"@id\":\"https:\/\/franja.hr\/hr\/proizvod\/decaffeinated-espresso-blend-sandalj-numero-3-specialty-coffee\/#primaryimage\"},\"thumbnailUrl\":\"https:\/\/franja.hr\/wp-content\/uploads\/2023\/09\/20ea744b1695f2fb9013faad0f052579.jpeg\",\"datePublished\":\"2024-01-22T14:07:25+00:00\",\"dateModified\":\"2024-02-07T12:35:47+00:00\",\"breadcrumb\":{\"@id\":\"https:\/\/franja.hr\/hr\/proizvod\/decaffeinated-espresso-blend-sandalj-numero-3-specialty-coffee\/#breadcrumb\"},\"inLanguage\":\"hr\",\"potentialAction\":[{\"@type\":\"ReadAction\",\"target\":[\"https:\/\/franja.hr\/hr\/proizvod\/decaffeinated-espresso-blend-sandalj-numero-3-specialty-coffee\/\"]}]},{\"@type\":\"ImageObject\",\"inLanguage\":\"hr\",\"@id\":\"https:\/\/franja.hr\/hr\/proizvod\/decaffeinated-espresso-blend-sandalj-numero-3-specialty-coffee\/#primaryimage\",\"url\":\"https:\/\/franja.hr\/wp-content\/uploads\/2023\/09\/20ea744b1695f2fb9013faad0f052579.jpeg\",\"contentUrl\":\"https:\/\/franja.hr\/wp-content\/uploads\/2023\/09\/20ea744b1695f2fb9013faad0f052579.jpeg\",\"width\":800,\"height\":800,\"caption\":\"specialty coffee\"},{\"@type\":\"BreadcrumbList\",\"@id\":\"https:\/\/franja.hr\/hr\/proizvod\/decaffeinated-espresso-blend-sandalj-numero-3-specialty-coffee\/#breadcrumb\",\"itemListElement\":[{\"@type\":\"ListItem\",\"position\":1,\"name\":\"Home\",\"item\":\"https:\/\/franja.hr\/hr\/coffe-tea\/\"},{\"@type\":\"ListItem\",\"position\":2,\"name\":\"Trgovina\",\"item\":\"https:\/\/franja.hr\/hr\/shop-2\/\"},{\"@type\":\"ListItem\",\"position\":3,\"name\":\"Decaffeinated Espresso Blend Sandalj, numero 3\"}]},{\"@type\":\"WebSite\",\"@id\":\"https:\/\/franja.hr\/#website\",\"url\":\"https:\/\/franja.hr\/\",\"name\":\"Franja Coffe\",\"description\":\"Franja coffe &amp; teahouse\",\"publisher\":{\"@id\":\"https:\/\/franja.hr\/#organization\"},\"potentialAction\":[{\"@type\":\"SearchAction\",\"target\":{\"@type\":\"EntryPoint\",\"urlTemplate\":\"https:\/\/franja.hr\/?s={search_term_string}\"},\"query-input\":{\"@type\":\"PropertyValueSpecification\",\"valueRequired\":true,\"valueName\":\"search_term_string\"}}],\"inLanguage\":\"hr\"},{\"@type\":\"Organization\",\"@id\":\"https:\/\/franja.hr\/#organization\",\"name\":\"Franja Coffe\",\"url\":\"https:\/\/franja.hr\/\",\"logo\":{\"@type\":\"ImageObject\",\"inLanguage\":\"hr\",\"@id\":\"https:\/\/franja.hr\/#\/schema\/logo\/image\/\",\"url\":\"https:\/\/franja.hr\/wp-content\/uploads\/2024\/03\/logo-franja_box.png\",\"contentUrl\":\"https:\/\/franja.hr\/wp-content\/uploads\/2024\/03\/logo-franja_box.png\",\"width\":150,\"height\":60,\"caption\":\"Franja Coffe\"},\"image\":{\"@id\":\"https:\/\/franja.hr\/#\/schema\/logo\/image\/\"},\"sameAs\":[\"https:\/\/facebook.com\/franjakava\/\",\"https:\/\/www.instagram.com\/franjakava_caj\/\"]}]}<\/script>\n<meta property=\"product:price:amount\" content=\"17.25\" \/>\n<meta property=\"product:price:currency\" content=\"EUR\" \/>\n<meta property=\"og:availability\" content=\"instock\" \/>\n<meta property=\"product:availability\" content=\"instock\" \/>\n<meta property=\"product:retailer_item_id\" content=\"0244\" \/>\n<meta property=\"product:condition\" content=\"new\" \/>\n<!-- \/ Yoast SEO Premium plugin. -->","yoast_head_json":{"title":"Decaffeinated Espresso Blend Sandalj, numero 3 - Franja Coffe","robots":{"index":"index","follow":"follow","max-snippet":"max-snippet:-1","max-image-preview":"max-image-preview:large","max-video-preview":"max-video-preview:-1"},"canonical":"https:\/\/franja.hr\/hr\/proizvod\/decaffeinated-espresso-blend-sandalj-numero-3-specialty-coffee\/","og_locale":"hr_HR","og_type":"article","og_title":"Decaffeinated Espresso Blend Sandalj, numero 3","og_description":"Package: 250 g","og_url":"https:\/\/franja.hr\/hr\/proizvod\/decaffeinated-espresso-blend-sandalj-numero-3-specialty-coffee\/","og_site_name":"Franja Coffe","article_publisher":"https:\/\/facebook.com\/franjakava\/","article_modified_time":"2024-02-07T12:35:47+00:00","og_image":[{"width":800,"height":800,"url":"https:\/\/franja.hr\/wp-content\/uploads\/2023\/09\/20ea744b1695f2fb9013faad0f052579.jpeg","type":"image\/jpeg"}],"twitter_card":"summary_large_image","twitter_misc":{"Price":"17.25&nbsp;&euro; PDV uklj.","Availability":"In stock"},"schema":{"@context":"https:\/\/schema.org","@graph":[{"@type":"WebPage","@id":"https:\/\/franja.hr\/hr\/proizvod\/decaffeinated-espresso-blend-sandalj-numero-3-specialty-coffee\/","url":"https:\/\/franja.hr\/hr\/proizvod\/decaffeinated-espresso-blend-sandalj-numero-3-specialty-coffee\/","name":"Decaffeinated Espresso Blend Sandalj, numero 3 - Franja Coffe","isPartOf":{"@id":"https:\/\/franja.hr\/#website"},"primaryImageOfPage":{"@id":"https:\/\/franja.hr\/hr\/proizvod\/decaffeinated-espresso-blend-sandalj-numero-3-specialty-coffee\/#primaryimage"},"image":{"@id":"https:\/\/franja.hr\/hr\/proizvod\/decaffeinated-espresso-blend-sandalj-numero-3-specialty-coffee\/#primaryimage"},"thumbnailUrl":"https:\/\/franja.hr\/wp-content\/uploads\/2023\/09\/20ea744b1695f2fb9013faad0f052579.jpeg","datePublished":"2024-01-22T14:07:25+00:00","dateModified":"2024-02-07T12:35:47+00:00","breadcrumb":{"@id":"https:\/\/franja.hr\/hr\/proizvod\/decaffeinated-espresso-blend-sandalj-numero-3-specialty-coffee\/#breadcrumb"},"inLanguage":"hr","potentialAction":[{"@type":"ReadAction","target":["https:\/\/franja.hr\/hr\/proizvod\/decaffeinated-espresso-blend-sandalj-numero-3-specialty-coffee\/"]}]},{"@type":"ImageObject","inLanguage":"hr","@id":"https:\/\/franja.hr\/hr\/proizvod\/decaffeinated-espresso-blend-sandalj-numero-3-specialty-coffee\/#primaryimage","url":"https:\/\/franja.hr\/wp-content\/uploads\/2023\/09\/20ea744b1695f2fb9013faad0f052579.jpeg","contentUrl":"https:\/\/franja.hr\/wp-content\/uploads\/2023\/09\/20ea744b1695f2fb9013faad0f052579.jpeg","width":800,"height":800,"caption":"specialty coffee"},{"@type":"BreadcrumbList","@id":"https:\/\/franja.hr\/hr\/proizvod\/decaffeinated-espresso-blend-sandalj-numero-3-specialty-coffee\/#breadcrumb","itemListElement":[{"@type":"ListItem","position":1,"name":"Home","item":"https:\/\/franja.hr\/hr\/coffe-tea\/"},{"@type":"ListItem","position":2,"name":"Trgovina","item":"https:\/\/franja.hr\/hr\/shop-2\/"},{"@type":"ListItem","position":3,"name":"Decaffeinated Espresso Blend Sandalj, numero 3"}]},{"@type":"WebSite","@id":"https:\/\/franja.hr\/#website","url":"https:\/\/franja.hr\/","name":"Franja Coffe","description":"Franja coffe &amp; teahouse","publisher":{"@id":"https:\/\/franja.hr\/#organization"},"potentialAction":[{"@type":"SearchAction","target":{"@type":"EntryPoint","urlTemplate":"https:\/\/franja.hr\/?s={search_term_string}"},"query-input":{"@type":"PropertyValueSpecification","valueRequired":true,"valueName":"search_term_string"}}],"inLanguage":"hr"},{"@type":"Organization","@id":"https:\/\/franja.hr\/#organization","name":"Franja Coffe","url":"https:\/\/franja.hr\/","logo":{"@type":"ImageObject","inLanguage":"hr","@id":"https:\/\/franja.hr\/#\/schema\/logo\/image\/","url":"https:\/\/franja.hr\/wp-content\/uploads\/2024\/03\/logo-franja_box.png","contentUrl":"https:\/\/franja.hr\/wp-content\/uploads\/2024\/03\/logo-franja_box.png","width":150,"height":60,"caption":"Franja Coffe"},"image":{"@id":"https:\/\/franja.hr\/#\/schema\/logo\/image\/"},"sameAs":["https:\/\/facebook.com\/franjakava\/","https:\/\/www.instagram.com\/franjakava_caj\/"]}]},"product_price_amount":"17.25","product_price_currency":"EUR","og_availability":"instock","product_availability":"instock","product_retailer_item_id":"0244","product_condition":"new"},"_links":{"self":[{"href":"https:\/\/franja.hr\/hr\/wp-json\/wp\/v2\/product\/11733"}],"collection":[{"href":"https:\/\/franja.hr\/hr\/wp-json\/wp\/v2\/product"}],"about":[{"href":"https:\/\/franja.hr\/hr\/wp-json\/wp\/v2\/types\/product"}],"replies":[{"embeddable":true,"href":"https:\/\/franja.hr\/hr\/wp-json\/wp\/v2\/comments?post=11733"}],"wp:featuredmedia":[{"embeddable":true,"href":"https:\/\/franja.hr\/hr\/wp-json\/wp\/v2\/media\/11075"}],"wp:attachment":[{"href":"https:\/\/franja.hr\/hr\/wp-json\/wp\/v2\/media?parent=11733"}],"wp:term":[{"taxonomy":"product_cat","embeddable":true,"href":"https:\/\/franja.hr\/hr\/wp-json\/wp\/v2\/product_cat?post=11733"},{"taxonomy":"product_tag","embeddable":true,"href":"https:\/\/franja.hr\/hr\/wp-json\/wp\/v2\/product_tag?post=11733"}],"curies":[{"name":"wp","href":"https:\/\/api.w.org\/{rel}","templated":true}]}}