{"id":14287,"date":"2024-03-04T11:20:33","date_gmt":"2024-03-04T11:20:33","guid":{"rendered":"https:\/\/franjashop.com\/product\/les-sables-de-la-mere-poulard\/"},"modified":"2024-03-04T12:15:13","modified_gmt":"2024-03-04T12:15:13","slug":"les-sables-de-la-mere-poulard","status":"publish","type":"product","link":"https:\/\/franja.hr\/es\/producto\/les-sables-de-la-mere-poulard\/","title":{"rendered":"Les Sabl\u00e8s de La M\u00e8re Poulard"},"content":{"rendered":"<p>La galleta de pura mantequilla y sus seductoras chispas de chocolate har\u00e1n las delicias de tu paladar. Encuentra estas galletas en su estuche de coleccionista, ideales para regalar o para darte un capricho. Esta caja contiene 2 sobres de 8 galletas.<\/p>\n<p><strong class=\"bilo productTab__wrapper__title\">Ingredientes<\/strong><\/p>\n<p class=\"productTab__wrapper__desc\">Harina de trigo (Francia), mantequilla (20%), az\u00facar, trozos de chocolate negro \u2013 cacao: 50% m\u00ednimo (11%) (pasta de cacao, az\u00facar, manteca de cacao, emulgente: lecitina de soja), huevos (2,8%), sal , aroma natural de vainilla.<\/p>\n","protected":false},"excerpt":{"rendered":"<p>La galleta de pura mantequilla y sus seductoras chispas de chocolate har\u00e1n las delicias de tu paladar. Encuentra estas galletas<\/p>\n","protected":false},"featured_media":14288,"comment_status":"closed","ping_status":"closed","template":"","meta":[],"product_cat":[437],"product_tag":[],"yoast_head":"<!-- This site is optimized with the Yoast SEO Premium plugin v23.5 (Yoast SEO v23.5) - https:\/\/yoast.com\/wordpress\/plugins\/seo\/ -->\n<title>Les Sabl\u00e8s de La M\u00e8re Poulard - Franja Coffe<\/title>\n<meta name=\"robots\" content=\"index, follow, max-snippet:-1, max-image-preview:large, max-video-preview:-1\" \/>\n<link rel=\"canonical\" href=\"https:\/\/franja.hr\/es\/producto\/les-sables-de-la-mere-poulard\/\" \/>\n<meta property=\"og:locale\" content=\"es_ES\" \/>\n<meta property=\"og:type\" content=\"article\" \/>\n<meta property=\"og:title\" content=\"Les Sabl\u00e8s de La M\u00e8re Poulard\" \/>\n<meta property=\"og:description\" content=\"La galleta de pura mantequilla y sus seductoras chispas de chocolate har\u00e1n las delicias de tu paladar. Encuentra estas galletas\" \/>\n<meta property=\"og:url\" content=\"https:\/\/franja.hr\/es\/producto\/les-sables-de-la-mere-poulard\/\" \/>\n<meta property=\"og:site_name\" content=\"Franja Coffe\" \/>\n<meta property=\"article:publisher\" content=\"https:\/\/facebook.com\/franjakava\/\" \/>\n<meta property=\"article:modified_time\" content=\"2024-03-04T12:15:13+00:00\" \/>\n<meta property=\"og:image\" content=\"https:\/\/franja.hr\/wp-content\/uploads\/2024\/02\/franja2_0129.jpeg\" \/>\n\t<meta property=\"og:image:width\" content=\"729\" \/>\n\t<meta property=\"og:image:height\" content=\"729\" \/>\n\t<meta property=\"og:image:type\" content=\"image\/jpeg\" \/>\n<meta name=\"twitter:card\" content=\"summary_large_image\" \/>\n<meta name=\"twitter:label1\" content=\"Price\" \/>\n\t<meta name=\"twitter:data1\" content=\"3.70&nbsp;&euro; inc. VAT\" \/>\n\t<meta name=\"twitter:label2\" content=\"Availability\" \/>\n\t<meta name=\"twitter:data2\" content=\"In stock\" \/>\n<script type=\"application\/ld+json\" class=\"yoast-schema-graph\">{\"@context\":\"https:\/\/schema.org\",\"@graph\":[{\"@type\":\"WebPage\",\"@id\":\"https:\/\/franja.hr\/es\/producto\/les-sables-de-la-mere-poulard\/\",\"url\":\"https:\/\/franja.hr\/es\/producto\/les-sables-de-la-mere-poulard\/\",\"name\":\"Les Sabl\u00e8s de La M\u00e8re Poulard - Franja Coffe\",\"isPartOf\":{\"@id\":\"https:\/\/franja.hr\/#website\"},\"primaryImageOfPage\":{\"@id\":\"https:\/\/franja.hr\/es\/producto\/les-sables-de-la-mere-poulard\/#primaryimage\"},\"image\":{\"@id\":\"https:\/\/franja.hr\/es\/producto\/les-sables-de-la-mere-poulard\/#primaryimage\"},\"thumbnailUrl\":\"https:\/\/franja.hr\/wp-content\/uploads\/2024\/02\/franja2_0129.jpeg\",\"datePublished\":\"2024-03-04T11:20:33+00:00\",\"dateModified\":\"2024-03-04T12:15:13+00:00\",\"breadcrumb\":{\"@id\":\"https:\/\/franja.hr\/es\/producto\/les-sables-de-la-mere-poulard\/#breadcrumb\"},\"inLanguage\":\"es\",\"potentialAction\":[{\"@type\":\"ReadAction\",\"target\":[\"https:\/\/franja.hr\/es\/producto\/les-sables-de-la-mere-poulard\/\"]}]},{\"@type\":\"ImageObject\",\"inLanguage\":\"es\",\"@id\":\"https:\/\/franja.hr\/es\/producto\/les-sables-de-la-mere-poulard\/#primaryimage\",\"url\":\"https:\/\/franja.hr\/wp-content\/uploads\/2024\/02\/franja2_0129.jpeg\",\"contentUrl\":\"https:\/\/franja.hr\/wp-content\/uploads\/2024\/02\/franja2_0129.jpeg\",\"width\":729,\"height\":729},{\"@type\":\"BreadcrumbList\",\"@id\":\"https:\/\/franja.hr\/es\/producto\/les-sables-de-la-mere-poulard\/#breadcrumb\",\"itemListElement\":[{\"@type\":\"ListItem\",\"position\":1,\"name\":\"Home\",\"item\":\"https:\/\/franja.hr\/es\/coffe-tea\/\"},{\"@type\":\"ListItem\",\"position\":2,\"name\":\"Comercio\",\"item\":\"https:\/\/franja.hr\/es\/comercio\/\"},{\"@type\":\"ListItem\",\"position\":3,\"name\":\"Les Sabl\u00e8s de La M\u00e8re Poulard\"}]},{\"@type\":\"WebSite\",\"@id\":\"https:\/\/franja.hr\/#website\",\"url\":\"https:\/\/franja.hr\/\",\"name\":\"Franja Coffe\",\"description\":\"Franja coffe &amp; teahouse\",\"publisher\":{\"@id\":\"https:\/\/franja.hr\/#organization\"},\"potentialAction\":[{\"@type\":\"SearchAction\",\"target\":{\"@type\":\"EntryPoint\",\"urlTemplate\":\"https:\/\/franja.hr\/?s={search_term_string}\"},\"query-input\":{\"@type\":\"PropertyValueSpecification\",\"valueRequired\":true,\"valueName\":\"search_term_string\"}}],\"inLanguage\":\"es\"},{\"@type\":\"Organization\",\"@id\":\"https:\/\/franja.hr\/#organization\",\"name\":\"Franja Coffe\",\"url\":\"https:\/\/franja.hr\/\",\"logo\":{\"@type\":\"ImageObject\",\"inLanguage\":\"es\",\"@id\":\"https:\/\/franja.hr\/#\/schema\/logo\/image\/\",\"url\":\"https:\/\/franja.hr\/wp-content\/uploads\/2024\/03\/logo-franja_box.png\",\"contentUrl\":\"https:\/\/franja.hr\/wp-content\/uploads\/2024\/03\/logo-franja_box.png\",\"width\":150,\"height\":60,\"caption\":\"Franja Coffe\"},\"image\":{\"@id\":\"https:\/\/franja.hr\/#\/schema\/logo\/image\/\"},\"sameAs\":[\"https:\/\/facebook.com\/franjakava\/\",\"https:\/\/www.instagram.com\/franjakava_caj\/\"]}]}<\/script>\n<meta property=\"product:price:amount\" content=\"3.70\" \/>\n<meta property=\"product:price:currency\" content=\"EUR\" \/>\n<meta property=\"og:availability\" content=\"instock\" \/>\n<meta property=\"product:availability\" content=\"instock\" \/>\n<meta property=\"product:retailer_item_id\" content=\"0417\" \/>\n<meta property=\"product:condition\" content=\"new\" \/>\n<!-- \/ Yoast SEO Premium plugin. -->","yoast_head_json":{"title":"Les Sabl\u00e8s de La M\u00e8re Poulard - Franja Coffe","robots":{"index":"index","follow":"follow","max-snippet":"max-snippet:-1","max-image-preview":"max-image-preview:large","max-video-preview":"max-video-preview:-1"},"canonical":"https:\/\/franja.hr\/es\/producto\/les-sables-de-la-mere-poulard\/","og_locale":"es_ES","og_type":"article","og_title":"Les Sabl\u00e8s de La M\u00e8re Poulard","og_description":"La galleta de pura mantequilla y sus seductoras chispas de chocolate har\u00e1n las delicias de tu paladar. Encuentra estas galletas","og_url":"https:\/\/franja.hr\/es\/producto\/les-sables-de-la-mere-poulard\/","og_site_name":"Franja Coffe","article_publisher":"https:\/\/facebook.com\/franjakava\/","article_modified_time":"2024-03-04T12:15:13+00:00","og_image":[{"width":729,"height":729,"url":"https:\/\/franja.hr\/wp-content\/uploads\/2024\/02\/franja2_0129.jpeg","type":"image\/jpeg"}],"twitter_card":"summary_large_image","twitter_misc":{"Price":"3.70&nbsp;&euro; inc. VAT","Availability":"In stock"},"schema":{"@context":"https:\/\/schema.org","@graph":[{"@type":"WebPage","@id":"https:\/\/franja.hr\/es\/producto\/les-sables-de-la-mere-poulard\/","url":"https:\/\/franja.hr\/es\/producto\/les-sables-de-la-mere-poulard\/","name":"Les Sabl\u00e8s de La M\u00e8re Poulard - Franja Coffe","isPartOf":{"@id":"https:\/\/franja.hr\/#website"},"primaryImageOfPage":{"@id":"https:\/\/franja.hr\/es\/producto\/les-sables-de-la-mere-poulard\/#primaryimage"},"image":{"@id":"https:\/\/franja.hr\/es\/producto\/les-sables-de-la-mere-poulard\/#primaryimage"},"thumbnailUrl":"https:\/\/franja.hr\/wp-content\/uploads\/2024\/02\/franja2_0129.jpeg","datePublished":"2024-03-04T11:20:33+00:00","dateModified":"2024-03-04T12:15:13+00:00","breadcrumb":{"@id":"https:\/\/franja.hr\/es\/producto\/les-sables-de-la-mere-poulard\/#breadcrumb"},"inLanguage":"es","potentialAction":[{"@type":"ReadAction","target":["https:\/\/franja.hr\/es\/producto\/les-sables-de-la-mere-poulard\/"]}]},{"@type":"ImageObject","inLanguage":"es","@id":"https:\/\/franja.hr\/es\/producto\/les-sables-de-la-mere-poulard\/#primaryimage","url":"https:\/\/franja.hr\/wp-content\/uploads\/2024\/02\/franja2_0129.jpeg","contentUrl":"https:\/\/franja.hr\/wp-content\/uploads\/2024\/02\/franja2_0129.jpeg","width":729,"height":729},{"@type":"BreadcrumbList","@id":"https:\/\/franja.hr\/es\/producto\/les-sables-de-la-mere-poulard\/#breadcrumb","itemListElement":[{"@type":"ListItem","position":1,"name":"Home","item":"https:\/\/franja.hr\/es\/coffe-tea\/"},{"@type":"ListItem","position":2,"name":"Comercio","item":"https:\/\/franja.hr\/es\/comercio\/"},{"@type":"ListItem","position":3,"name":"Les Sabl\u00e8s de La M\u00e8re Poulard"}]},{"@type":"WebSite","@id":"https:\/\/franja.hr\/#website","url":"https:\/\/franja.hr\/","name":"Franja Coffe","description":"Franja coffe &amp; teahouse","publisher":{"@id":"https:\/\/franja.hr\/#organization"},"potentialAction":[{"@type":"SearchAction","target":{"@type":"EntryPoint","urlTemplate":"https:\/\/franja.hr\/?s={search_term_string}"},"query-input":{"@type":"PropertyValueSpecification","valueRequired":true,"valueName":"search_term_string"}}],"inLanguage":"es"},{"@type":"Organization","@id":"https:\/\/franja.hr\/#organization","name":"Franja Coffe","url":"https:\/\/franja.hr\/","logo":{"@type":"ImageObject","inLanguage":"es","@id":"https:\/\/franja.hr\/#\/schema\/logo\/image\/","url":"https:\/\/franja.hr\/wp-content\/uploads\/2024\/03\/logo-franja_box.png","contentUrl":"https:\/\/franja.hr\/wp-content\/uploads\/2024\/03\/logo-franja_box.png","width":150,"height":60,"caption":"Franja Coffe"},"image":{"@id":"https:\/\/franja.hr\/#\/schema\/logo\/image\/"},"sameAs":["https:\/\/facebook.com\/franjakava\/","https:\/\/www.instagram.com\/franjakava_caj\/"]}]},"product_price_amount":"3.70","product_price_currency":"EUR","og_availability":"instock","product_availability":"instock","product_retailer_item_id":"0417","product_condition":"new"},"_links":{"self":[{"href":"https:\/\/franja.hr\/es\/wp-json\/wp\/v2\/product\/14287"}],"collection":[{"href":"https:\/\/franja.hr\/es\/wp-json\/wp\/v2\/product"}],"about":[{"href":"https:\/\/franja.hr\/es\/wp-json\/wp\/v2\/types\/product"}],"replies":[{"embeddable":true,"href":"https:\/\/franja.hr\/es\/wp-json\/wp\/v2\/comments?post=14287"}],"wp:featuredmedia":[{"embeddable":true,"href":"https:\/\/franja.hr\/es\/wp-json\/wp\/v2\/media\/14288"}],"wp:attachment":[{"href":"https:\/\/franja.hr\/es\/wp-json\/wp\/v2\/media?parent=14287"}],"wp:term":[{"taxonomy":"product_cat","embeddable":true,"href":"https:\/\/franja.hr\/es\/wp-json\/wp\/v2\/product_cat?post=14287"},{"taxonomy":"product_tag","embeddable":true,"href":"https:\/\/franja.hr\/es\/wp-json\/wp\/v2\/product_tag?post=14287"}],"curies":[{"name":"wp","href":"https:\/\/api.w.org\/{rel}","templated":true}]}}