{"id":14112,"date":"2023-09-20T09:00:21","date_gmt":"2023-09-20T09:00:21","guid":{"rendered":"https:\/\/franjashop.com\/product\/assam-cachar\/"},"modified":"2023-09-20T09:00:21","modified_gmt":"2023-09-20T09:00:21","slug":"assam-cachar","status":"publish","type":"product","link":"https:\/\/franja.hr\/es\/producto\/assam-cachar\/","title":{"rendered":"Assam Cachar"},"content":{"rendered":"<p>Un t\u00e9 Assam con un sutil aroma a malta, que tambi\u00e9n caracteriza su sabor. Una nota a malta suave para disfrutar en un t\u00e9 sabroso y ligeramente dulce con un cuerpo redondo.<\/p>\n<p>Dosis: 1 cucharadita nivelada (por cada 250 ml)<br \/>\nTiempo de infusi\u00f3n: 2-3 min<br \/>\nTemperatura de infusi\u00f3n: 100\u00b0C<br \/>\nRegi\u00f3n de cultivo: Assam<br \/>\nProvincia: Silchar, Distrito Cachar<br \/>\nHoja: Hoja bien formada, baja proporci\u00f3n de puntas<br \/>\nCopa: Media-fuerte<\/p>\n","protected":false},"excerpt":{"rendered":"<p>Un t\u00e9 Assam con un sutil aroma a malta, que tambi\u00e9n caracteriza su sabor. Una nota a malta suave para<\/p>\n","protected":false},"featured_media":14113,"comment_status":"closed","ping_status":"closed","template":"","meta":[],"product_cat":[441,449,450],"product_tag":[494],"yoast_head":"<!-- This site is optimized with the Yoast SEO Premium plugin v23.5 (Yoast SEO v23.5) - https:\/\/yoast.com\/wordpress\/plugins\/seo\/ -->\n<title>Assam Cachar - Franja Coffe<\/title>\n<meta name=\"robots\" content=\"index, follow, max-snippet:-1, max-image-preview:large, max-video-preview:-1\" \/>\n<link rel=\"canonical\" href=\"https:\/\/franja.hr\/es\/producto\/assam-cachar\/\" \/>\n<meta property=\"og:locale\" content=\"es_ES\" \/>\n<meta property=\"og:type\" content=\"article\" \/>\n<meta property=\"og:title\" content=\"Assam Cachar\" \/>\n<meta property=\"og:description\" content=\"Un t\u00e9 Assam con un sutil aroma a malta, que tambi\u00e9n caracteriza su sabor. Una nota a malta suave para\" \/>\n<meta property=\"og:url\" content=\"https:\/\/franja.hr\/es\/producto\/assam-cachar\/\" \/>\n<meta property=\"og:site_name\" content=\"Franja Coffe\" \/>\n<meta property=\"article:publisher\" content=\"https:\/\/facebook.com\/franjakava\/\" \/>\n<meta property=\"og:image\" content=\"https:\/\/franja.hr\/wp-content\/uploads\/2023\/09\/0a62679294c45f89554d037e98887c1c.png\" \/>\n\t<meta property=\"og:image:width\" content=\"500\" \/>\n\t<meta property=\"og:image:height\" content=\"500\" \/>\n\t<meta property=\"og:image:type\" content=\"image\/png\" \/>\n<meta name=\"twitter:card\" content=\"summary_large_image\" \/>\n<meta name=\"twitter:label1\" content=\"Availability\" \/>\n\t<meta name=\"twitter:data1\" content=\"In stock\" \/>\n<script type=\"application\/ld+json\" class=\"yoast-schema-graph\">{\"@context\":\"https:\/\/schema.org\",\"@graph\":[{\"@type\":\"WebPage\",\"@id\":\"https:\/\/franja.hr\/es\/producto\/assam-cachar\/\",\"url\":\"https:\/\/franja.hr\/es\/producto\/assam-cachar\/\",\"name\":\"Assam Cachar - Franja Coffe\",\"isPartOf\":{\"@id\":\"https:\/\/franja.hr\/#website\"},\"primaryImageOfPage\":{\"@id\":\"https:\/\/franja.hr\/es\/producto\/assam-cachar\/#primaryimage\"},\"image\":{\"@id\":\"https:\/\/franja.hr\/es\/producto\/assam-cachar\/#primaryimage\"},\"thumbnailUrl\":\"https:\/\/franja.hr\/wp-content\/uploads\/2023\/09\/0a62679294c45f89554d037e98887c1c.png\",\"datePublished\":\"2023-09-20T09:00:21+00:00\",\"dateModified\":\"2023-09-20T09:00:21+00:00\",\"breadcrumb\":{\"@id\":\"https:\/\/franja.hr\/es\/producto\/assam-cachar\/#breadcrumb\"},\"inLanguage\":\"es\",\"potentialAction\":[{\"@type\":\"ReadAction\",\"target\":[\"https:\/\/franja.hr\/es\/producto\/assam-cachar\/\"]}]},{\"@type\":\"ImageObject\",\"inLanguage\":\"es\",\"@id\":\"https:\/\/franja.hr\/es\/producto\/assam-cachar\/#primaryimage\",\"url\":\"https:\/\/franja.hr\/wp-content\/uploads\/2023\/09\/0a62679294c45f89554d037e98887c1c.png\",\"contentUrl\":\"https:\/\/franja.hr\/wp-content\/uploads\/2023\/09\/0a62679294c45f89554d037e98887c1c.png\",\"width\":500,\"height\":500},{\"@type\":\"BreadcrumbList\",\"@id\":\"https:\/\/franja.hr\/es\/producto\/assam-cachar\/#breadcrumb\",\"itemListElement\":[{\"@type\":\"ListItem\",\"position\":1,\"name\":\"Home\",\"item\":\"https:\/\/franja.hr\/es\/coffe-tea\/\"},{\"@type\":\"ListItem\",\"position\":2,\"name\":\"Comercio\",\"item\":\"https:\/\/franja.hr\/es\/comercio\/\"},{\"@type\":\"ListItem\",\"position\":3,\"name\":\"Assam Cachar\"}]},{\"@type\":\"WebSite\",\"@id\":\"https:\/\/franja.hr\/#website\",\"url\":\"https:\/\/franja.hr\/\",\"name\":\"Franja Coffe\",\"description\":\"Franja coffe &amp; teahouse\",\"publisher\":{\"@id\":\"https:\/\/franja.hr\/#organization\"},\"potentialAction\":[{\"@type\":\"SearchAction\",\"target\":{\"@type\":\"EntryPoint\",\"urlTemplate\":\"https:\/\/franja.hr\/?s={search_term_string}\"},\"query-input\":{\"@type\":\"PropertyValueSpecification\",\"valueRequired\":true,\"valueName\":\"search_term_string\"}}],\"inLanguage\":\"es\"},{\"@type\":\"Organization\",\"@id\":\"https:\/\/franja.hr\/#organization\",\"name\":\"Franja Coffe\",\"url\":\"https:\/\/franja.hr\/\",\"logo\":{\"@type\":\"ImageObject\",\"inLanguage\":\"es\",\"@id\":\"https:\/\/franja.hr\/#\/schema\/logo\/image\/\",\"url\":\"https:\/\/franja.hr\/wp-content\/uploads\/2024\/03\/logo-franja_box.png\",\"contentUrl\":\"https:\/\/franja.hr\/wp-content\/uploads\/2024\/03\/logo-franja_box.png\",\"width\":150,\"height\":60,\"caption\":\"Franja Coffe\"},\"image\":{\"@id\":\"https:\/\/franja.hr\/#\/schema\/logo\/image\/\"},\"sameAs\":[\"https:\/\/facebook.com\/franjakava\/\",\"https:\/\/www.instagram.com\/franjakava_caj\/\"]}]}<\/script>\n<meta property=\"og:availability\" content=\"instock\" \/>\n<meta property=\"product:availability\" content=\"instock\" \/>\n<meta property=\"product:retailer_item_id\" content=\"0011\" \/>\n<meta property=\"product:condition\" content=\"new\" \/>\n<!-- \/ Yoast SEO Premium plugin. -->","yoast_head_json":{"title":"Assam Cachar - Franja Coffe","robots":{"index":"index","follow":"follow","max-snippet":"max-snippet:-1","max-image-preview":"max-image-preview:large","max-video-preview":"max-video-preview:-1"},"canonical":"https:\/\/franja.hr\/es\/producto\/assam-cachar\/","og_locale":"es_ES","og_type":"article","og_title":"Assam Cachar","og_description":"Un t\u00e9 Assam con un sutil aroma a malta, que tambi\u00e9n caracteriza su sabor. Una nota a malta suave para","og_url":"https:\/\/franja.hr\/es\/producto\/assam-cachar\/","og_site_name":"Franja Coffe","article_publisher":"https:\/\/facebook.com\/franjakava\/","og_image":[{"width":500,"height":500,"url":"https:\/\/franja.hr\/wp-content\/uploads\/2023\/09\/0a62679294c45f89554d037e98887c1c.png","type":"image\/png"}],"twitter_card":"summary_large_image","twitter_misc":{"Availability":"In stock"},"schema":{"@context":"https:\/\/schema.org","@graph":[{"@type":"WebPage","@id":"https:\/\/franja.hr\/es\/producto\/assam-cachar\/","url":"https:\/\/franja.hr\/es\/producto\/assam-cachar\/","name":"Assam Cachar - Franja Coffe","isPartOf":{"@id":"https:\/\/franja.hr\/#website"},"primaryImageOfPage":{"@id":"https:\/\/franja.hr\/es\/producto\/assam-cachar\/#primaryimage"},"image":{"@id":"https:\/\/franja.hr\/es\/producto\/assam-cachar\/#primaryimage"},"thumbnailUrl":"https:\/\/franja.hr\/wp-content\/uploads\/2023\/09\/0a62679294c45f89554d037e98887c1c.png","datePublished":"2023-09-20T09:00:21+00:00","dateModified":"2023-09-20T09:00:21+00:00","breadcrumb":{"@id":"https:\/\/franja.hr\/es\/producto\/assam-cachar\/#breadcrumb"},"inLanguage":"es","potentialAction":[{"@type":"ReadAction","target":["https:\/\/franja.hr\/es\/producto\/assam-cachar\/"]}]},{"@type":"ImageObject","inLanguage":"es","@id":"https:\/\/franja.hr\/es\/producto\/assam-cachar\/#primaryimage","url":"https:\/\/franja.hr\/wp-content\/uploads\/2023\/09\/0a62679294c45f89554d037e98887c1c.png","contentUrl":"https:\/\/franja.hr\/wp-content\/uploads\/2023\/09\/0a62679294c45f89554d037e98887c1c.png","width":500,"height":500},{"@type":"BreadcrumbList","@id":"https:\/\/franja.hr\/es\/producto\/assam-cachar\/#breadcrumb","itemListElement":[{"@type":"ListItem","position":1,"name":"Home","item":"https:\/\/franja.hr\/es\/coffe-tea\/"},{"@type":"ListItem","position":2,"name":"Comercio","item":"https:\/\/franja.hr\/es\/comercio\/"},{"@type":"ListItem","position":3,"name":"Assam Cachar"}]},{"@type":"WebSite","@id":"https:\/\/franja.hr\/#website","url":"https:\/\/franja.hr\/","name":"Franja Coffe","description":"Franja coffe &amp; teahouse","publisher":{"@id":"https:\/\/franja.hr\/#organization"},"potentialAction":[{"@type":"SearchAction","target":{"@type":"EntryPoint","urlTemplate":"https:\/\/franja.hr\/?s={search_term_string}"},"query-input":{"@type":"PropertyValueSpecification","valueRequired":true,"valueName":"search_term_string"}}],"inLanguage":"es"},{"@type":"Organization","@id":"https:\/\/franja.hr\/#organization","name":"Franja Coffe","url":"https:\/\/franja.hr\/","logo":{"@type":"ImageObject","inLanguage":"es","@id":"https:\/\/franja.hr\/#\/schema\/logo\/image\/","url":"https:\/\/franja.hr\/wp-content\/uploads\/2024\/03\/logo-franja_box.png","contentUrl":"https:\/\/franja.hr\/wp-content\/uploads\/2024\/03\/logo-franja_box.png","width":150,"height":60,"caption":"Franja Coffe"},"image":{"@id":"https:\/\/franja.hr\/#\/schema\/logo\/image\/"},"sameAs":["https:\/\/facebook.com\/franjakava\/","https:\/\/www.instagram.com\/franjakava_caj\/"]}]},"og_availability":"instock","product_availability":"instock","product_retailer_item_id":"0011","product_condition":"new"},"_links":{"self":[{"href":"https:\/\/franja.hr\/es\/wp-json\/wp\/v2\/product\/14112"}],"collection":[{"href":"https:\/\/franja.hr\/es\/wp-json\/wp\/v2\/product"}],"about":[{"href":"https:\/\/franja.hr\/es\/wp-json\/wp\/v2\/types\/product"}],"replies":[{"embeddable":true,"href":"https:\/\/franja.hr\/es\/wp-json\/wp\/v2\/comments?post=14112"}],"wp:featuredmedia":[{"embeddable":true,"href":"https:\/\/franja.hr\/es\/wp-json\/wp\/v2\/media\/14113"}],"wp:attachment":[{"href":"https:\/\/franja.hr\/es\/wp-json\/wp\/v2\/media?parent=14112"}],"wp:term":[{"taxonomy":"product_cat","embeddable":true,"href":"https:\/\/franja.hr\/es\/wp-json\/wp\/v2\/product_cat?post=14112"},{"taxonomy":"product_tag","embeddable":true,"href":"https:\/\/franja.hr\/es\/wp-json\/wp\/v2\/product_tag?post=14112"}],"curies":[{"name":"wp","href":"https:\/\/api.w.org\/{rel}","templated":true}]}}