{"id":14048,"date":"2023-09-20T09:00:32","date_gmt":"2023-09-20T09:00:32","guid":{"rendered":"https:\/\/franjashop.com\/product\/china-green-monkey\/"},"modified":"2023-09-20T09:00:32","modified_gmt":"2023-09-20T09:00:32","slug":"china-green-monkey","status":"publish","type":"product","link":"https:\/\/franja.hr\/es\/producto\/china-green-monkey\/","title":{"rendered":"China Green Monkey"},"content":{"rendered":"<p>Una hoja viva y arrugada que desarrolla un sabor suavemente armonioso en la infusi\u00f3n. Un delicioso t\u00e9 verde con notas florales ligeras, ideal para aquellos que est\u00e1n comenzando a explorar el t\u00e9 verde.<\/p>\n<p>Dosis: 1 cucharadita nivelada (por cada 250 ml)<br \/>\nTiempo de infusi\u00f3n: 2-3 min<br \/>\nTemperatura de infusi\u00f3n: 70\u00b0C<br \/>\nRegi\u00f3n de cultivo: China<br \/>\nProvincia: Monta\u00f1as Wuyi, Provincia de Fujian<br \/>\nHoja: Hoja cuidadosamente procesada, verde oscuro, puntas plateadas<br \/>\nInfusi\u00f3n: Infusi\u00f3n de color amarillo miel, sabor fresco y floral<\/p>\n","protected":false},"excerpt":{"rendered":"<p>Una hoja viva y arrugada que desarrolla un sabor suavemente armonioso en la infusi\u00f3n. Un delicioso t\u00e9 verde con notas<\/p>\n","protected":false},"featured_media":14049,"comment_status":"closed","ping_status":"closed","template":"","meta":[],"product_cat":[441,449,454],"product_tag":[493],"yoast_head":"<!-- This site is optimized with the Yoast SEO Premium plugin v23.5 (Yoast SEO v23.5) - https:\/\/yoast.com\/wordpress\/plugins\/seo\/ -->\n<title>China Green Monkey - Franja Coffe<\/title>\n<meta name=\"robots\" content=\"index, follow, max-snippet:-1, max-image-preview:large, max-video-preview:-1\" \/>\n<link rel=\"canonical\" href=\"https:\/\/franja.hr\/es\/producto\/china-green-monkey\/\" \/>\n<meta property=\"og:locale\" content=\"es_ES\" \/>\n<meta property=\"og:type\" content=\"article\" \/>\n<meta property=\"og:title\" content=\"China Green Monkey\" \/>\n<meta property=\"og:description\" content=\"Una hoja viva y arrugada que desarrolla un sabor suavemente armonioso en la infusi\u00f3n. Un delicioso t\u00e9 verde con notas\" \/>\n<meta property=\"og:url\" content=\"https:\/\/franja.hr\/es\/producto\/china-green-monkey\/\" \/>\n<meta property=\"og:site_name\" content=\"Franja Coffe\" \/>\n<meta property=\"article:publisher\" content=\"https:\/\/facebook.com\/franjakava\/\" \/>\n<meta property=\"og:image\" content=\"https:\/\/franja.hr\/wp-content\/uploads\/2023\/09\/4581d6424f63f7d417f3e8d934897ee0.png\" \/>\n\t<meta property=\"og:image:width\" content=\"500\" \/>\n\t<meta property=\"og:image:height\" content=\"500\" \/>\n\t<meta property=\"og:image:type\" content=\"image\/png\" \/>\n<meta name=\"twitter:card\" content=\"summary_large_image\" \/>\n<meta name=\"twitter:label1\" content=\"Availability\" \/>\n\t<meta name=\"twitter:data1\" content=\"In stock\" \/>\n<script type=\"application\/ld+json\" class=\"yoast-schema-graph\">{\"@context\":\"https:\/\/schema.org\",\"@graph\":[{\"@type\":\"WebPage\",\"@id\":\"https:\/\/franja.hr\/es\/producto\/china-green-monkey\/\",\"url\":\"https:\/\/franja.hr\/es\/producto\/china-green-monkey\/\",\"name\":\"China Green Monkey - Franja Coffe\",\"isPartOf\":{\"@id\":\"https:\/\/franja.hr\/#website\"},\"primaryImageOfPage\":{\"@id\":\"https:\/\/franja.hr\/es\/producto\/china-green-monkey\/#primaryimage\"},\"image\":{\"@id\":\"https:\/\/franja.hr\/es\/producto\/china-green-monkey\/#primaryimage\"},\"thumbnailUrl\":\"https:\/\/franja.hr\/wp-content\/uploads\/2023\/09\/4581d6424f63f7d417f3e8d934897ee0.png\",\"datePublished\":\"2023-09-20T09:00:32+00:00\",\"dateModified\":\"2023-09-20T09:00:32+00:00\",\"breadcrumb\":{\"@id\":\"https:\/\/franja.hr\/es\/producto\/china-green-monkey\/#breadcrumb\"},\"inLanguage\":\"es\",\"potentialAction\":[{\"@type\":\"ReadAction\",\"target\":[\"https:\/\/franja.hr\/es\/producto\/china-green-monkey\/\"]}]},{\"@type\":\"ImageObject\",\"inLanguage\":\"es\",\"@id\":\"https:\/\/franja.hr\/es\/producto\/china-green-monkey\/#primaryimage\",\"url\":\"https:\/\/franja.hr\/wp-content\/uploads\/2023\/09\/4581d6424f63f7d417f3e8d934897ee0.png\",\"contentUrl\":\"https:\/\/franja.hr\/wp-content\/uploads\/2023\/09\/4581d6424f63f7d417f3e8d934897ee0.png\",\"width\":500,\"height\":500},{\"@type\":\"BreadcrumbList\",\"@id\":\"https:\/\/franja.hr\/es\/producto\/china-green-monkey\/#breadcrumb\",\"itemListElement\":[{\"@type\":\"ListItem\",\"position\":1,\"name\":\"Home\",\"item\":\"https:\/\/franja.hr\/es\/coffe-tea\/\"},{\"@type\":\"ListItem\",\"position\":2,\"name\":\"Comercio\",\"item\":\"https:\/\/franja.hr\/es\/comercio\/\"},{\"@type\":\"ListItem\",\"position\":3,\"name\":\"China Green Monkey\"}]},{\"@type\":\"WebSite\",\"@id\":\"https:\/\/franja.hr\/#website\",\"url\":\"https:\/\/franja.hr\/\",\"name\":\"Franja Coffe\",\"description\":\"Franja coffe &amp; teahouse\",\"publisher\":{\"@id\":\"https:\/\/franja.hr\/#organization\"},\"potentialAction\":[{\"@type\":\"SearchAction\",\"target\":{\"@type\":\"EntryPoint\",\"urlTemplate\":\"https:\/\/franja.hr\/?s={search_term_string}\"},\"query-input\":{\"@type\":\"PropertyValueSpecification\",\"valueRequired\":true,\"valueName\":\"search_term_string\"}}],\"inLanguage\":\"es\"},{\"@type\":\"Organization\",\"@id\":\"https:\/\/franja.hr\/#organization\",\"name\":\"Franja Coffe\",\"url\":\"https:\/\/franja.hr\/\",\"logo\":{\"@type\":\"ImageObject\",\"inLanguage\":\"es\",\"@id\":\"https:\/\/franja.hr\/#\/schema\/logo\/image\/\",\"url\":\"https:\/\/franja.hr\/wp-content\/uploads\/2024\/03\/logo-franja_box.png\",\"contentUrl\":\"https:\/\/franja.hr\/wp-content\/uploads\/2024\/03\/logo-franja_box.png\",\"width\":150,\"height\":60,\"caption\":\"Franja Coffe\"},\"image\":{\"@id\":\"https:\/\/franja.hr\/#\/schema\/logo\/image\/\"},\"sameAs\":[\"https:\/\/facebook.com\/franjakava\/\",\"https:\/\/www.instagram.com\/franjakava_caj\/\"]}]}<\/script>\n<meta property=\"og:availability\" content=\"instock\" \/>\n<meta property=\"product:availability\" content=\"instock\" \/>\n<meta property=\"product:retailer_item_id\" content=\"0028\" \/>\n<meta property=\"product:condition\" content=\"new\" \/>\n<!-- \/ Yoast SEO Premium plugin. -->","yoast_head_json":{"title":"China Green Monkey - Franja Coffe","robots":{"index":"index","follow":"follow","max-snippet":"max-snippet:-1","max-image-preview":"max-image-preview:large","max-video-preview":"max-video-preview:-1"},"canonical":"https:\/\/franja.hr\/es\/producto\/china-green-monkey\/","og_locale":"es_ES","og_type":"article","og_title":"China Green Monkey","og_description":"Una hoja viva y arrugada que desarrolla un sabor suavemente armonioso en la infusi\u00f3n. Un delicioso t\u00e9 verde con notas","og_url":"https:\/\/franja.hr\/es\/producto\/china-green-monkey\/","og_site_name":"Franja Coffe","article_publisher":"https:\/\/facebook.com\/franjakava\/","og_image":[{"width":500,"height":500,"url":"https:\/\/franja.hr\/wp-content\/uploads\/2023\/09\/4581d6424f63f7d417f3e8d934897ee0.png","type":"image\/png"}],"twitter_card":"summary_large_image","twitter_misc":{"Availability":"In stock"},"schema":{"@context":"https:\/\/schema.org","@graph":[{"@type":"WebPage","@id":"https:\/\/franja.hr\/es\/producto\/china-green-monkey\/","url":"https:\/\/franja.hr\/es\/producto\/china-green-monkey\/","name":"China Green Monkey - Franja Coffe","isPartOf":{"@id":"https:\/\/franja.hr\/#website"},"primaryImageOfPage":{"@id":"https:\/\/franja.hr\/es\/producto\/china-green-monkey\/#primaryimage"},"image":{"@id":"https:\/\/franja.hr\/es\/producto\/china-green-monkey\/#primaryimage"},"thumbnailUrl":"https:\/\/franja.hr\/wp-content\/uploads\/2023\/09\/4581d6424f63f7d417f3e8d934897ee0.png","datePublished":"2023-09-20T09:00:32+00:00","dateModified":"2023-09-20T09:00:32+00:00","breadcrumb":{"@id":"https:\/\/franja.hr\/es\/producto\/china-green-monkey\/#breadcrumb"},"inLanguage":"es","potentialAction":[{"@type":"ReadAction","target":["https:\/\/franja.hr\/es\/producto\/china-green-monkey\/"]}]},{"@type":"ImageObject","inLanguage":"es","@id":"https:\/\/franja.hr\/es\/producto\/china-green-monkey\/#primaryimage","url":"https:\/\/franja.hr\/wp-content\/uploads\/2023\/09\/4581d6424f63f7d417f3e8d934897ee0.png","contentUrl":"https:\/\/franja.hr\/wp-content\/uploads\/2023\/09\/4581d6424f63f7d417f3e8d934897ee0.png","width":500,"height":500},{"@type":"BreadcrumbList","@id":"https:\/\/franja.hr\/es\/producto\/china-green-monkey\/#breadcrumb","itemListElement":[{"@type":"ListItem","position":1,"name":"Home","item":"https:\/\/franja.hr\/es\/coffe-tea\/"},{"@type":"ListItem","position":2,"name":"Comercio","item":"https:\/\/franja.hr\/es\/comercio\/"},{"@type":"ListItem","position":3,"name":"China Green Monkey"}]},{"@type":"WebSite","@id":"https:\/\/franja.hr\/#website","url":"https:\/\/franja.hr\/","name":"Franja Coffe","description":"Franja coffe &amp; teahouse","publisher":{"@id":"https:\/\/franja.hr\/#organization"},"potentialAction":[{"@type":"SearchAction","target":{"@type":"EntryPoint","urlTemplate":"https:\/\/franja.hr\/?s={search_term_string}"},"query-input":{"@type":"PropertyValueSpecification","valueRequired":true,"valueName":"search_term_string"}}],"inLanguage":"es"},{"@type":"Organization","@id":"https:\/\/franja.hr\/#organization","name":"Franja Coffe","url":"https:\/\/franja.hr\/","logo":{"@type":"ImageObject","inLanguage":"es","@id":"https:\/\/franja.hr\/#\/schema\/logo\/image\/","url":"https:\/\/franja.hr\/wp-content\/uploads\/2024\/03\/logo-franja_box.png","contentUrl":"https:\/\/franja.hr\/wp-content\/uploads\/2024\/03\/logo-franja_box.png","width":150,"height":60,"caption":"Franja Coffe"},"image":{"@id":"https:\/\/franja.hr\/#\/schema\/logo\/image\/"},"sameAs":["https:\/\/facebook.com\/franjakava\/","https:\/\/www.instagram.com\/franjakava_caj\/"]}]},"og_availability":"instock","product_availability":"instock","product_retailer_item_id":"0028","product_condition":"new"},"_links":{"self":[{"href":"https:\/\/franja.hr\/es\/wp-json\/wp\/v2\/product\/14048"}],"collection":[{"href":"https:\/\/franja.hr\/es\/wp-json\/wp\/v2\/product"}],"about":[{"href":"https:\/\/franja.hr\/es\/wp-json\/wp\/v2\/types\/product"}],"replies":[{"embeddable":true,"href":"https:\/\/franja.hr\/es\/wp-json\/wp\/v2\/comments?post=14048"}],"wp:featuredmedia":[{"embeddable":true,"href":"https:\/\/franja.hr\/es\/wp-json\/wp\/v2\/media\/14049"}],"wp:attachment":[{"href":"https:\/\/franja.hr\/es\/wp-json\/wp\/v2\/media?parent=14048"}],"wp:term":[{"taxonomy":"product_cat","embeddable":true,"href":"https:\/\/franja.hr\/es\/wp-json\/wp\/v2\/product_cat?post=14048"},{"taxonomy":"product_tag","embeddable":true,"href":"https:\/\/franja.hr\/es\/wp-json\/wp\/v2\/product_tag?post=14048"}],"curies":[{"name":"wp","href":"https:\/\/api.w.org\/{rel}","templated":true}]}}