{"id":13891,"date":"2023-11-15T13:31:21","date_gmt":"2023-11-15T13:31:21","guid":{"rendered":"https:\/\/franjashop.com\/product\/bialetti-moka-express-3\/"},"modified":"2024-03-25T14:18:10","modified_gmt":"2024-03-25T14:18:10","slug":"bialetti-moka-express-3","status":"publish","type":"product","link":"https:\/\/franja.hr\/es\/producto\/bialetti-moka-express-3\/","title":{"rendered":"Bialetti Moka Express"},"content":{"rendered":"<div class=\"wpb-content-wrapper\"><p>[vc_row][vc_column][vc_column_text woodmart_inline=\u00bbno\u00bb text_larger=\u00bbno\u00bb]Bialetti Moka Express: \u00fanica y original desde 1933. Caracter\u00edsticas de la Moka: caldera de aluminio octogonal, v\u00e1lvula exclusiva que se puede inspeccionar y limpiar f\u00e1cilmente, filtro y recolector que contienen una peque\u00f1a cantidad de extracci\u00f3n de caf\u00e9, negro, lleno y caliente.<\/p>\n<p>\u00bfC\u00f3mo usar?<\/p>\n<p>Comience vertiendo agua a temperatura ambiente en la caldera de la Moka y ll\u00e9nela hasta el nivel de la v\u00e1lvula de seguridad. Para evitar que su caf\u00e9 se vuelva demasiado aguado, no lo llene por encima de este nivel.<\/p>\n<p>Ahora seleccione la mezcla de caf\u00e9 con leche deseada. \u00a1Precauci\u00f3n! La mezcla debe estar especialmente molida para la cafetera Moka y no demasiado fina. Llena generosamente el embudo de la cafetera Moka, sin presionar el caf\u00e9.<\/p>\n<p>\u00bfUn peque\u00f1o secreto? Ajusta el calor a bajo y t\u00f3mate todo el tiempo que necesites; vale la pena esperar unos minutos m\u00e1s para poder disfrutar de un excelente caf\u00e9. Cuando el caf\u00e9 haya crecido completamente en la c\u00e1mara de recolecci\u00f3n, apaga el fuego.<\/p>\n<p>Ahora viene el momento clave: la degustaci\u00f3n. Para disfrutar plenamente de los aromas liberados, te recomendamos que bebas el caf\u00e9 tan pronto como se vierta en la taza.[\/vc_column_text][\/vc_column][\/vc_row]<\/p>\n<\/div>","protected":false},"excerpt":{"rendered":"<p>Bialetti Moka Express<\/p>\n","protected":false},"featured_media":13892,"comment_status":"closed","ping_status":"closed","template":"","meta":[],"product_cat":[460,457],"product_tag":[461],"yoast_head":"<!-- This site is optimized with the Yoast SEO Premium plugin v23.5 (Yoast SEO v23.5) - https:\/\/yoast.com\/wordpress\/plugins\/seo\/ -->\n<title>Bialetti Moka Express - Franja Coffe<\/title>\n<meta name=\"robots\" content=\"index, follow, max-snippet:-1, max-image-preview:large, max-video-preview:-1\" \/>\n<link rel=\"canonical\" href=\"https:\/\/franja.hr\/es\/producto\/bialetti-moka-express-3\/\" \/>\n<meta property=\"og:locale\" content=\"es_ES\" \/>\n<meta property=\"og:type\" content=\"article\" \/>\n<meta property=\"og:title\" content=\"Bialetti Moka Express\" \/>\n<meta property=\"og:description\" content=\"Bialetti Moka Express\" \/>\n<meta property=\"og:url\" content=\"https:\/\/franja.hr\/es\/producto\/bialetti-moka-express-3\/\" \/>\n<meta property=\"og:site_name\" content=\"Franja Coffe\" \/>\n<meta property=\"article:publisher\" content=\"https:\/\/facebook.com\/franjakava\/\" \/>\n<meta property=\"article:modified_time\" content=\"2024-03-25T14:18:10+00:00\" \/>\n<meta property=\"og:image\" content=\"https:\/\/franja.hr\/wp-content\/uploads\/2023\/11\/a51e1271883dfd5eb57cf6865d0f9d70.octet-stream\" \/>\n\t<meta property=\"og:image:width\" content=\"1200\" \/>\n\t<meta property=\"og:image:height\" content=\"1200\" \/>\n\t<meta property=\"og:image:type\" content=\"image\/webp\" \/>\n<meta name=\"twitter:card\" content=\"summary_large_image\" \/>\n<meta name=\"twitter:label1\" content=\"Availability\" \/>\n\t<meta name=\"twitter:data1\" content=\"In stock\" \/>\n<script type=\"application\/ld+json\" class=\"yoast-schema-graph\">{\"@context\":\"https:\/\/schema.org\",\"@graph\":[{\"@type\":\"WebPage\",\"@id\":\"https:\/\/franja.hr\/es\/producto\/bialetti-moka-express-3\/\",\"url\":\"https:\/\/franja.hr\/es\/producto\/bialetti-moka-express-3\/\",\"name\":\"Bialetti Moka Express - Franja Coffe\",\"isPartOf\":{\"@id\":\"https:\/\/franja.hr\/#website\"},\"primaryImageOfPage\":{\"@id\":\"https:\/\/franja.hr\/es\/producto\/bialetti-moka-express-3\/#primaryimage\"},\"image\":{\"@id\":\"https:\/\/franja.hr\/es\/producto\/bialetti-moka-express-3\/#primaryimage\"},\"thumbnailUrl\":\"https:\/\/franja.hr\/wp-content\/uploads\/2023\/11\/a51e1271883dfd5eb57cf6865d0f9d70.octet-stream\",\"datePublished\":\"2023-11-15T13:31:21+00:00\",\"dateModified\":\"2024-03-25T14:18:10+00:00\",\"breadcrumb\":{\"@id\":\"https:\/\/franja.hr\/es\/producto\/bialetti-moka-express-3\/#breadcrumb\"},\"inLanguage\":\"es\",\"potentialAction\":[{\"@type\":\"ReadAction\",\"target\":[\"https:\/\/franja.hr\/es\/producto\/bialetti-moka-express-3\/\"]}]},{\"@type\":\"ImageObject\",\"inLanguage\":\"es\",\"@id\":\"https:\/\/franja.hr\/es\/producto\/bialetti-moka-express-3\/#primaryimage\",\"url\":\"https:\/\/franja.hr\/wp-content\/uploads\/2023\/11\/a51e1271883dfd5eb57cf6865d0f9d70.octet-stream\",\"contentUrl\":\"https:\/\/franja.hr\/wp-content\/uploads\/2023\/11\/a51e1271883dfd5eb57cf6865d0f9d70.octet-stream\",\"width\":1200,\"height\":1200},{\"@type\":\"BreadcrumbList\",\"@id\":\"https:\/\/franja.hr\/es\/producto\/bialetti-moka-express-3\/#breadcrumb\",\"itemListElement\":[{\"@type\":\"ListItem\",\"position\":1,\"name\":\"Home\",\"item\":\"https:\/\/franja.hr\/es\/coffe-tea\/\"},{\"@type\":\"ListItem\",\"position\":2,\"name\":\"Comercio\",\"item\":\"https:\/\/franja.hr\/es\/comercio\/\"},{\"@type\":\"ListItem\",\"position\":3,\"name\":\"Bialetti Moka Express\"}]},{\"@type\":\"WebSite\",\"@id\":\"https:\/\/franja.hr\/#website\",\"url\":\"https:\/\/franja.hr\/\",\"name\":\"Franja Coffe\",\"description\":\"Franja coffe &amp; teahouse\",\"publisher\":{\"@id\":\"https:\/\/franja.hr\/#organization\"},\"potentialAction\":[{\"@type\":\"SearchAction\",\"target\":{\"@type\":\"EntryPoint\",\"urlTemplate\":\"https:\/\/franja.hr\/?s={search_term_string}\"},\"query-input\":{\"@type\":\"PropertyValueSpecification\",\"valueRequired\":true,\"valueName\":\"search_term_string\"}}],\"inLanguage\":\"es\"},{\"@type\":\"Organization\",\"@id\":\"https:\/\/franja.hr\/#organization\",\"name\":\"Franja Coffe\",\"url\":\"https:\/\/franja.hr\/\",\"logo\":{\"@type\":\"ImageObject\",\"inLanguage\":\"es\",\"@id\":\"https:\/\/franja.hr\/#\/schema\/logo\/image\/\",\"url\":\"https:\/\/franja.hr\/wp-content\/uploads\/2024\/03\/logo-franja_box.png\",\"contentUrl\":\"https:\/\/franja.hr\/wp-content\/uploads\/2024\/03\/logo-franja_box.png\",\"width\":150,\"height\":60,\"caption\":\"Franja Coffe\"},\"image\":{\"@id\":\"https:\/\/franja.hr\/#\/schema\/logo\/image\/\"},\"sameAs\":[\"https:\/\/facebook.com\/franjakava\/\",\"https:\/\/www.instagram.com\/franjakava_caj\/\"]}]}<\/script>\n<meta property=\"og:availability\" content=\"instock\" \/>\n<meta property=\"product:availability\" content=\"instock\" \/>\n<meta property=\"product:retailer_item_id\" content=\"0198\" \/>\n<meta property=\"product:condition\" content=\"new\" \/>\n<!-- \/ Yoast SEO Premium plugin. -->","yoast_head_json":{"title":"Bialetti Moka Express - Franja Coffe","robots":{"index":"index","follow":"follow","max-snippet":"max-snippet:-1","max-image-preview":"max-image-preview:large","max-video-preview":"max-video-preview:-1"},"canonical":"https:\/\/franja.hr\/es\/producto\/bialetti-moka-express-3\/","og_locale":"es_ES","og_type":"article","og_title":"Bialetti Moka Express","og_description":"Bialetti Moka Express","og_url":"https:\/\/franja.hr\/es\/producto\/bialetti-moka-express-3\/","og_site_name":"Franja Coffe","article_publisher":"https:\/\/facebook.com\/franjakava\/","article_modified_time":"2024-03-25T14:18:10+00:00","og_image":[{"width":1200,"height":1200,"url":"https:\/\/franja.hr\/wp-content\/uploads\/2023\/11\/a51e1271883dfd5eb57cf6865d0f9d70.octet-stream","type":"image\/webp"}],"twitter_card":"summary_large_image","twitter_misc":{"Availability":"In stock"},"schema":{"@context":"https:\/\/schema.org","@graph":[{"@type":"WebPage","@id":"https:\/\/franja.hr\/es\/producto\/bialetti-moka-express-3\/","url":"https:\/\/franja.hr\/es\/producto\/bialetti-moka-express-3\/","name":"Bialetti Moka Express - Franja Coffe","isPartOf":{"@id":"https:\/\/franja.hr\/#website"},"primaryImageOfPage":{"@id":"https:\/\/franja.hr\/es\/producto\/bialetti-moka-express-3\/#primaryimage"},"image":{"@id":"https:\/\/franja.hr\/es\/producto\/bialetti-moka-express-3\/#primaryimage"},"thumbnailUrl":"https:\/\/franja.hr\/wp-content\/uploads\/2023\/11\/a51e1271883dfd5eb57cf6865d0f9d70.octet-stream","datePublished":"2023-11-15T13:31:21+00:00","dateModified":"2024-03-25T14:18:10+00:00","breadcrumb":{"@id":"https:\/\/franja.hr\/es\/producto\/bialetti-moka-express-3\/#breadcrumb"},"inLanguage":"es","potentialAction":[{"@type":"ReadAction","target":["https:\/\/franja.hr\/es\/producto\/bialetti-moka-express-3\/"]}]},{"@type":"ImageObject","inLanguage":"es","@id":"https:\/\/franja.hr\/es\/producto\/bialetti-moka-express-3\/#primaryimage","url":"https:\/\/franja.hr\/wp-content\/uploads\/2023\/11\/a51e1271883dfd5eb57cf6865d0f9d70.octet-stream","contentUrl":"https:\/\/franja.hr\/wp-content\/uploads\/2023\/11\/a51e1271883dfd5eb57cf6865d0f9d70.octet-stream","width":1200,"height":1200},{"@type":"BreadcrumbList","@id":"https:\/\/franja.hr\/es\/producto\/bialetti-moka-express-3\/#breadcrumb","itemListElement":[{"@type":"ListItem","position":1,"name":"Home","item":"https:\/\/franja.hr\/es\/coffe-tea\/"},{"@type":"ListItem","position":2,"name":"Comercio","item":"https:\/\/franja.hr\/es\/comercio\/"},{"@type":"ListItem","position":3,"name":"Bialetti Moka Express"}]},{"@type":"WebSite","@id":"https:\/\/franja.hr\/#website","url":"https:\/\/franja.hr\/","name":"Franja Coffe","description":"Franja coffe &amp; teahouse","publisher":{"@id":"https:\/\/franja.hr\/#organization"},"potentialAction":[{"@type":"SearchAction","target":{"@type":"EntryPoint","urlTemplate":"https:\/\/franja.hr\/?s={search_term_string}"},"query-input":{"@type":"PropertyValueSpecification","valueRequired":true,"valueName":"search_term_string"}}],"inLanguage":"es"},{"@type":"Organization","@id":"https:\/\/franja.hr\/#organization","name":"Franja Coffe","url":"https:\/\/franja.hr\/","logo":{"@type":"ImageObject","inLanguage":"es","@id":"https:\/\/franja.hr\/#\/schema\/logo\/image\/","url":"https:\/\/franja.hr\/wp-content\/uploads\/2024\/03\/logo-franja_box.png","contentUrl":"https:\/\/franja.hr\/wp-content\/uploads\/2024\/03\/logo-franja_box.png","width":150,"height":60,"caption":"Franja Coffe"},"image":{"@id":"https:\/\/franja.hr\/#\/schema\/logo\/image\/"},"sameAs":["https:\/\/facebook.com\/franjakava\/","https:\/\/www.instagram.com\/franjakava_caj\/"]}]},"og_availability":"instock","product_availability":"instock","product_retailer_item_id":"0198","product_condition":"new"},"_links":{"self":[{"href":"https:\/\/franja.hr\/es\/wp-json\/wp\/v2\/product\/13891"}],"collection":[{"href":"https:\/\/franja.hr\/es\/wp-json\/wp\/v2\/product"}],"about":[{"href":"https:\/\/franja.hr\/es\/wp-json\/wp\/v2\/types\/product"}],"replies":[{"embeddable":true,"href":"https:\/\/franja.hr\/es\/wp-json\/wp\/v2\/comments?post=13891"}],"wp:featuredmedia":[{"embeddable":true,"href":"https:\/\/franja.hr\/es\/wp-json\/wp\/v2\/media\/13892"}],"wp:attachment":[{"href":"https:\/\/franja.hr\/es\/wp-json\/wp\/v2\/media?parent=13891"}],"wp:term":[{"taxonomy":"product_cat","embeddable":true,"href":"https:\/\/franja.hr\/es\/wp-json\/wp\/v2\/product_cat?post=13891"},{"taxonomy":"product_tag","embeddable":true,"href":"https:\/\/franja.hr\/es\/wp-json\/wp\/v2\/product_tag?post=13891"}],"curies":[{"name":"wp","href":"https:\/\/api.w.org\/{rel}","templated":true}]}}