{"id":13769,"date":"2024-02-05T10:09:36","date_gmt":"2024-02-05T10:09:36","guid":{"rendered":"https:\/\/franjashop.com\/product\/citrus-bliss\/"},"modified":"2024-02-05T10:09:36","modified_gmt":"2024-02-05T10:09:36","slug":"citrus-bliss","status":"publish","type":"product","link":"https:\/\/franja.hr\/es\/producto\/citrus-bliss\/","title":{"rendered":"Citrus Bliss"},"content":{"rendered":"<p>T\u00e9 negro de Ceil\u00e1n compuesto por hojas de Pekoe cuidadosamente seleccionadas de la regi\u00f3n de alta monta\u00f1a de Nuwara Eliya con la adici\u00f3n de flores de manzanilla y aroma natural de mandarina. Produce una infusi\u00f3n suave y calmante que puedes disfrutar en cualquier momento. Una variaci\u00f3n maravillosamente equilibrada: las notas florales se combinan con notas c\u00edtricas agrias para crear una bebida relajante. La impresionante regi\u00f3n m\u00e1s alta de Ceil\u00e1n permite el cultivo de t\u00e9 \u00fanico. Debe su ramillete \u00fanico a las condiciones clim\u00e1ticas \u00fanicas que caracterizan al distrito.<\/p>\n<p>El t\u00e9 es suave y refrescante, con un color p\u00e1lido y ligeramente pajizo y un sabor dulce y vegetal que recuerda al vino de Moscatel.<\/p>\n<p>Debido a que el t\u00e9 negro de la regi\u00f3n de Nuwara Eliya es extremadamente delicado, tambi\u00e9n se le llama \u00abDelicadamente Fragante\u00bb &#8211; delicadamente arom\u00e1tico. Apreciado por conocedores de todo el mundo, no es sin raz\u00f3n que se le llame el champagne de los t\u00e9s.<\/p>\n<p>Peso neto: 75 g<\/p>\n<p>Ingredientes: t\u00e9 negro de Ceil\u00e1n (89.5%) con la adici\u00f3n de flores de manzanilla (8%) y aroma natural de mandarina (2.5%).<\/p>\n<p>Pa\u00eds de origen: Sri Lanka (Ceil\u00e1n).<\/p>\n","protected":false},"excerpt":{"rendered":"<p>T\u00e9 negro de Ceil\u00e1n compuesto por hojas de Pekoe cuidadosamente seleccionadas de la regi\u00f3n de alta monta\u00f1a de Nuwara Eliya<\/p>\n","protected":false},"featured_media":13770,"comment_status":"closed","ping_status":"closed","template":"","meta":[],"product_cat":[442,445,441],"product_tag":[],"yoast_head":"<!-- This site is optimized with the Yoast SEO Premium plugin v23.5 (Yoast SEO v23.5) - https:\/\/yoast.com\/wordpress\/plugins\/seo\/ -->\n<title>Citrus Bliss - Franja Coffe<\/title>\n<meta name=\"robots\" content=\"index, follow, max-snippet:-1, max-image-preview:large, max-video-preview:-1\" \/>\n<link rel=\"canonical\" href=\"https:\/\/franja.hr\/es\/producto\/citrus-bliss\/\" \/>\n<meta property=\"og:locale\" content=\"es_ES\" \/>\n<meta property=\"og:type\" content=\"article\" \/>\n<meta property=\"og:title\" content=\"Citrus Bliss\" \/>\n<meta property=\"og:description\" content=\"T\u00e9 negro de Ceil\u00e1n compuesto por hojas de Pekoe cuidadosamente seleccionadas de la regi\u00f3n de alta monta\u00f1a de Nuwara Eliya\" \/>\n<meta property=\"og:url\" content=\"https:\/\/franja.hr\/es\/producto\/citrus-bliss\/\" \/>\n<meta property=\"og:site_name\" content=\"Franja Coffe\" \/>\n<meta property=\"article:publisher\" content=\"https:\/\/facebook.com\/franjakava\/\" \/>\n<meta property=\"og:image\" content=\"https:\/\/franja.hr\/wp-content\/uploads\/2024\/02\/Basilur31.jpg\" \/>\n\t<meta property=\"og:image:width\" content=\"786\" \/>\n\t<meta property=\"og:image:height\" content=\"786\" \/>\n\t<meta property=\"og:image:type\" content=\"image\/jpeg\" \/>\n<meta name=\"twitter:card\" content=\"summary_large_image\" \/>\n<meta name=\"twitter:label1\" content=\"Price\" \/>\n\t<meta name=\"twitter:data1\" content=\"10.99&nbsp;&euro; inc. VAT\" \/>\n\t<meta name=\"twitter:label2\" content=\"Availability\" \/>\n\t<meta name=\"twitter:data2\" content=\"In stock\" \/>\n<script type=\"application\/ld+json\" class=\"yoast-schema-graph\">{\"@context\":\"https:\/\/schema.org\",\"@graph\":[{\"@type\":\"WebPage\",\"@id\":\"https:\/\/franja.hr\/es\/producto\/citrus-bliss\/\",\"url\":\"https:\/\/franja.hr\/es\/producto\/citrus-bliss\/\",\"name\":\"Citrus Bliss - Franja Coffe\",\"isPartOf\":{\"@id\":\"https:\/\/franja.hr\/#website\"},\"primaryImageOfPage\":{\"@id\":\"https:\/\/franja.hr\/es\/producto\/citrus-bliss\/#primaryimage\"},\"image\":{\"@id\":\"https:\/\/franja.hr\/es\/producto\/citrus-bliss\/#primaryimage\"},\"thumbnailUrl\":\"https:\/\/franja.hr\/wp-content\/uploads\/2024\/02\/Basilur31.jpg\",\"datePublished\":\"2024-02-05T10:09:36+00:00\",\"dateModified\":\"2024-02-05T10:09:36+00:00\",\"breadcrumb\":{\"@id\":\"https:\/\/franja.hr\/es\/producto\/citrus-bliss\/#breadcrumb\"},\"inLanguage\":\"es\",\"potentialAction\":[{\"@type\":\"ReadAction\",\"target\":[\"https:\/\/franja.hr\/es\/producto\/citrus-bliss\/\"]}]},{\"@type\":\"ImageObject\",\"inLanguage\":\"es\",\"@id\":\"https:\/\/franja.hr\/es\/producto\/citrus-bliss\/#primaryimage\",\"url\":\"https:\/\/franja.hr\/wp-content\/uploads\/2024\/02\/Basilur31.jpg\",\"contentUrl\":\"https:\/\/franja.hr\/wp-content\/uploads\/2024\/02\/Basilur31.jpg\",\"width\":786,\"height\":786},{\"@type\":\"BreadcrumbList\",\"@id\":\"https:\/\/franja.hr\/es\/producto\/citrus-bliss\/#breadcrumb\",\"itemListElement\":[{\"@type\":\"ListItem\",\"position\":1,\"name\":\"Home\",\"item\":\"https:\/\/franja.hr\/es\/coffe-tea\/\"},{\"@type\":\"ListItem\",\"position\":2,\"name\":\"Comercio\",\"item\":\"https:\/\/franja.hr\/es\/comercio\/\"},{\"@type\":\"ListItem\",\"position\":3,\"name\":\"Citrus Bliss\"}]},{\"@type\":\"WebSite\",\"@id\":\"https:\/\/franja.hr\/#website\",\"url\":\"https:\/\/franja.hr\/\",\"name\":\"Franja Coffe\",\"description\":\"Franja coffe &amp; teahouse\",\"publisher\":{\"@id\":\"https:\/\/franja.hr\/#organization\"},\"potentialAction\":[{\"@type\":\"SearchAction\",\"target\":{\"@type\":\"EntryPoint\",\"urlTemplate\":\"https:\/\/franja.hr\/?s={search_term_string}\"},\"query-input\":{\"@type\":\"PropertyValueSpecification\",\"valueRequired\":true,\"valueName\":\"search_term_string\"}}],\"inLanguage\":\"es\"},{\"@type\":\"Organization\",\"@id\":\"https:\/\/franja.hr\/#organization\",\"name\":\"Franja Coffe\",\"url\":\"https:\/\/franja.hr\/\",\"logo\":{\"@type\":\"ImageObject\",\"inLanguage\":\"es\",\"@id\":\"https:\/\/franja.hr\/#\/schema\/logo\/image\/\",\"url\":\"https:\/\/franja.hr\/wp-content\/uploads\/2024\/03\/logo-franja_box.png\",\"contentUrl\":\"https:\/\/franja.hr\/wp-content\/uploads\/2024\/03\/logo-franja_box.png\",\"width\":150,\"height\":60,\"caption\":\"Franja Coffe\"},\"image\":{\"@id\":\"https:\/\/franja.hr\/#\/schema\/logo\/image\/\"},\"sameAs\":[\"https:\/\/facebook.com\/franjakava\/\",\"https:\/\/www.instagram.com\/franjakava_caj\/\"]}]}<\/script>\n<meta property=\"product:price:amount\" content=\"10.99\" \/>\n<meta property=\"product:price:currency\" content=\"EUR\" \/>\n<meta property=\"og:availability\" content=\"instock\" \/>\n<meta property=\"product:availability\" content=\"instock\" \/>\n<meta property=\"product:retailer_item_id\" content=\"0393\" \/>\n<meta property=\"product:condition\" content=\"new\" \/>\n<!-- \/ Yoast SEO Premium plugin. -->","yoast_head_json":{"title":"Citrus Bliss - Franja Coffe","robots":{"index":"index","follow":"follow","max-snippet":"max-snippet:-1","max-image-preview":"max-image-preview:large","max-video-preview":"max-video-preview:-1"},"canonical":"https:\/\/franja.hr\/es\/producto\/citrus-bliss\/","og_locale":"es_ES","og_type":"article","og_title":"Citrus Bliss","og_description":"T\u00e9 negro de Ceil\u00e1n compuesto por hojas de Pekoe cuidadosamente seleccionadas de la regi\u00f3n de alta monta\u00f1a de Nuwara Eliya","og_url":"https:\/\/franja.hr\/es\/producto\/citrus-bliss\/","og_site_name":"Franja Coffe","article_publisher":"https:\/\/facebook.com\/franjakava\/","og_image":[{"width":786,"height":786,"url":"https:\/\/franja.hr\/wp-content\/uploads\/2024\/02\/Basilur31.jpg","type":"image\/jpeg"}],"twitter_card":"summary_large_image","twitter_misc":{"Price":"10.99&nbsp;&euro; inc. VAT","Availability":"In stock"},"schema":{"@context":"https:\/\/schema.org","@graph":[{"@type":"WebPage","@id":"https:\/\/franja.hr\/es\/producto\/citrus-bliss\/","url":"https:\/\/franja.hr\/es\/producto\/citrus-bliss\/","name":"Citrus Bliss - Franja Coffe","isPartOf":{"@id":"https:\/\/franja.hr\/#website"},"primaryImageOfPage":{"@id":"https:\/\/franja.hr\/es\/producto\/citrus-bliss\/#primaryimage"},"image":{"@id":"https:\/\/franja.hr\/es\/producto\/citrus-bliss\/#primaryimage"},"thumbnailUrl":"https:\/\/franja.hr\/wp-content\/uploads\/2024\/02\/Basilur31.jpg","datePublished":"2024-02-05T10:09:36+00:00","dateModified":"2024-02-05T10:09:36+00:00","breadcrumb":{"@id":"https:\/\/franja.hr\/es\/producto\/citrus-bliss\/#breadcrumb"},"inLanguage":"es","potentialAction":[{"@type":"ReadAction","target":["https:\/\/franja.hr\/es\/producto\/citrus-bliss\/"]}]},{"@type":"ImageObject","inLanguage":"es","@id":"https:\/\/franja.hr\/es\/producto\/citrus-bliss\/#primaryimage","url":"https:\/\/franja.hr\/wp-content\/uploads\/2024\/02\/Basilur31.jpg","contentUrl":"https:\/\/franja.hr\/wp-content\/uploads\/2024\/02\/Basilur31.jpg","width":786,"height":786},{"@type":"BreadcrumbList","@id":"https:\/\/franja.hr\/es\/producto\/citrus-bliss\/#breadcrumb","itemListElement":[{"@type":"ListItem","position":1,"name":"Home","item":"https:\/\/franja.hr\/es\/coffe-tea\/"},{"@type":"ListItem","position":2,"name":"Comercio","item":"https:\/\/franja.hr\/es\/comercio\/"},{"@type":"ListItem","position":3,"name":"Citrus Bliss"}]},{"@type":"WebSite","@id":"https:\/\/franja.hr\/#website","url":"https:\/\/franja.hr\/","name":"Franja Coffe","description":"Franja coffe &amp; teahouse","publisher":{"@id":"https:\/\/franja.hr\/#organization"},"potentialAction":[{"@type":"SearchAction","target":{"@type":"EntryPoint","urlTemplate":"https:\/\/franja.hr\/?s={search_term_string}"},"query-input":{"@type":"PropertyValueSpecification","valueRequired":true,"valueName":"search_term_string"}}],"inLanguage":"es"},{"@type":"Organization","@id":"https:\/\/franja.hr\/#organization","name":"Franja Coffe","url":"https:\/\/franja.hr\/","logo":{"@type":"ImageObject","inLanguage":"es","@id":"https:\/\/franja.hr\/#\/schema\/logo\/image\/","url":"https:\/\/franja.hr\/wp-content\/uploads\/2024\/03\/logo-franja_box.png","contentUrl":"https:\/\/franja.hr\/wp-content\/uploads\/2024\/03\/logo-franja_box.png","width":150,"height":60,"caption":"Franja Coffe"},"image":{"@id":"https:\/\/franja.hr\/#\/schema\/logo\/image\/"},"sameAs":["https:\/\/facebook.com\/franjakava\/","https:\/\/www.instagram.com\/franjakava_caj\/"]}]},"product_price_amount":"10.99","product_price_currency":"EUR","og_availability":"instock","product_availability":"instock","product_retailer_item_id":"0393","product_condition":"new"},"_links":{"self":[{"href":"https:\/\/franja.hr\/es\/wp-json\/wp\/v2\/product\/13769"}],"collection":[{"href":"https:\/\/franja.hr\/es\/wp-json\/wp\/v2\/product"}],"about":[{"href":"https:\/\/franja.hr\/es\/wp-json\/wp\/v2\/types\/product"}],"replies":[{"embeddable":true,"href":"https:\/\/franja.hr\/es\/wp-json\/wp\/v2\/comments?post=13769"}],"wp:featuredmedia":[{"embeddable":true,"href":"https:\/\/franja.hr\/es\/wp-json\/wp\/v2\/media\/13770"}],"wp:attachment":[{"href":"https:\/\/franja.hr\/es\/wp-json\/wp\/v2\/media?parent=13769"}],"wp:term":[{"taxonomy":"product_cat","embeddable":true,"href":"https:\/\/franja.hr\/es\/wp-json\/wp\/v2\/product_cat?post=13769"},{"taxonomy":"product_tag","embeddable":true,"href":"https:\/\/franja.hr\/es\/wp-json\/wp\/v2\/product_tag?post=13769"}],"curies":[{"name":"wp","href":"https:\/\/api.w.org\/{rel}","templated":true}]}}