{"id":13660,"date":"2024-02-06T12:37:56","date_gmt":"2024-02-06T12:37:56","guid":{"rendered":"https:\/\/franjashop.com\/product\/cinnamon-2\/"},"modified":"2024-02-06T12:37:56","modified_gmt":"2024-02-06T12:37:56","slug":"cinnamon-2","status":"publish","type":"product","link":"https:\/\/franja.hr\/es\/producto\/cinnamon-2\/","title":{"rendered":"Cinnamon"},"content":{"rendered":"<p>El t\u00edpico t\u00e9 suave de Ceil\u00e1n se refina con una nota natural de canela. Al agregar un chorrito de leche o crema, este t\u00e9 se convierte en una experiencia excepcional.<\/p>\n<p>Dosis: 1 1\/2 cucharaditas colmadas (por cada 250 ml)<br \/>\nTiempo de infusi\u00f3n: 3-5 min<br \/>\nTemperatura de infusi\u00f3n: 100\u00b0C<br \/>\nSaborizante: especiado<br \/>\nSabor: Canela<\/p>\n","protected":false},"excerpt":{"rendered":"<p>El t\u00edpico t\u00e9 suave de Ceil\u00e1n se refina con una nota natural de canela. Al agregar un chorrito de leche<\/p>\n","protected":false},"featured_media":13661,"comment_status":"closed","ping_status":"closed","template":"","meta":[],"product_cat":[441,449,450],"product_tag":[],"yoast_head":"<!-- This site is optimized with the Yoast SEO Premium plugin v23.5 (Yoast SEO v23.5) - https:\/\/yoast.com\/wordpress\/plugins\/seo\/ -->\n<title>Cinnamon - Franja Coffe<\/title>\n<meta name=\"robots\" content=\"index, follow, max-snippet:-1, max-image-preview:large, max-video-preview:-1\" \/>\n<link rel=\"canonical\" href=\"https:\/\/franja.hr\/es\/producto\/cinnamon-2\/\" \/>\n<meta property=\"og:locale\" content=\"es_ES\" \/>\n<meta property=\"og:type\" content=\"article\" \/>\n<meta property=\"og:title\" content=\"Cinnamon\" \/>\n<meta property=\"og:description\" content=\"El t\u00edpico t\u00e9 suave de Ceil\u00e1n se refina con una nota natural de canela. Al agregar un chorrito de leche\" \/>\n<meta property=\"og:url\" content=\"https:\/\/franja.hr\/es\/producto\/cinnamon-2\/\" \/>\n<meta property=\"og:site_name\" content=\"Franja Coffe\" \/>\n<meta property=\"article:publisher\" content=\"https:\/\/facebook.com\/franjakava\/\" \/>\n<meta property=\"og:image\" content=\"https:\/\/franja.hr\/wp-content\/uploads\/2024\/02\/10823_Kaneel.jpg\" \/>\n\t<meta property=\"og:image:width\" content=\"1280\" \/>\n\t<meta property=\"og:image:height\" content=\"1280\" \/>\n\t<meta property=\"og:image:type\" content=\"image\/jpeg\" \/>\n<meta name=\"twitter:card\" content=\"summary_large_image\" \/>\n<meta name=\"twitter:label1\" content=\"Price\" \/>\n\t<meta name=\"twitter:data1\" content=\"5.30&nbsp;&euro; inc. VAT\" \/>\n\t<meta name=\"twitter:label2\" content=\"Availability\" \/>\n\t<meta name=\"twitter:data2\" content=\"In stock\" \/>\n<script type=\"application\/ld+json\" class=\"yoast-schema-graph\">{\"@context\":\"https:\/\/schema.org\",\"@graph\":[{\"@type\":\"WebPage\",\"@id\":\"https:\/\/franja.hr\/es\/producto\/cinnamon-2\/\",\"url\":\"https:\/\/franja.hr\/es\/producto\/cinnamon-2\/\",\"name\":\"Cinnamon - Franja Coffe\",\"isPartOf\":{\"@id\":\"https:\/\/franja.hr\/#website\"},\"primaryImageOfPage\":{\"@id\":\"https:\/\/franja.hr\/es\/producto\/cinnamon-2\/#primaryimage\"},\"image\":{\"@id\":\"https:\/\/franja.hr\/es\/producto\/cinnamon-2\/#primaryimage\"},\"thumbnailUrl\":\"https:\/\/franja.hr\/wp-content\/uploads\/2024\/02\/10823_Kaneel.jpg\",\"datePublished\":\"2024-02-06T12:37:56+00:00\",\"dateModified\":\"2024-02-06T12:37:56+00:00\",\"breadcrumb\":{\"@id\":\"https:\/\/franja.hr\/es\/producto\/cinnamon-2\/#breadcrumb\"},\"inLanguage\":\"es\",\"potentialAction\":[{\"@type\":\"ReadAction\",\"target\":[\"https:\/\/franja.hr\/es\/producto\/cinnamon-2\/\"]}]},{\"@type\":\"ImageObject\",\"inLanguage\":\"es\",\"@id\":\"https:\/\/franja.hr\/es\/producto\/cinnamon-2\/#primaryimage\",\"url\":\"https:\/\/franja.hr\/wp-content\/uploads\/2024\/02\/10823_Kaneel.jpg\",\"contentUrl\":\"https:\/\/franja.hr\/wp-content\/uploads\/2024\/02\/10823_Kaneel.jpg\",\"width\":1280,\"height\":1280},{\"@type\":\"BreadcrumbList\",\"@id\":\"https:\/\/franja.hr\/es\/producto\/cinnamon-2\/#breadcrumb\",\"itemListElement\":[{\"@type\":\"ListItem\",\"position\":1,\"name\":\"Home\",\"item\":\"https:\/\/franja.hr\/es\/coffe-tea\/\"},{\"@type\":\"ListItem\",\"position\":2,\"name\":\"Comercio\",\"item\":\"https:\/\/franja.hr\/es\/comercio\/\"},{\"@type\":\"ListItem\",\"position\":3,\"name\":\"Cinnamon\"}]},{\"@type\":\"WebSite\",\"@id\":\"https:\/\/franja.hr\/#website\",\"url\":\"https:\/\/franja.hr\/\",\"name\":\"Franja Coffe\",\"description\":\"Franja coffe &amp; teahouse\",\"publisher\":{\"@id\":\"https:\/\/franja.hr\/#organization\"},\"potentialAction\":[{\"@type\":\"SearchAction\",\"target\":{\"@type\":\"EntryPoint\",\"urlTemplate\":\"https:\/\/franja.hr\/?s={search_term_string}\"},\"query-input\":{\"@type\":\"PropertyValueSpecification\",\"valueRequired\":true,\"valueName\":\"search_term_string\"}}],\"inLanguage\":\"es\"},{\"@type\":\"Organization\",\"@id\":\"https:\/\/franja.hr\/#organization\",\"name\":\"Franja Coffe\",\"url\":\"https:\/\/franja.hr\/\",\"logo\":{\"@type\":\"ImageObject\",\"inLanguage\":\"es\",\"@id\":\"https:\/\/franja.hr\/#\/schema\/logo\/image\/\",\"url\":\"https:\/\/franja.hr\/wp-content\/uploads\/2024\/03\/logo-franja_box.png\",\"contentUrl\":\"https:\/\/franja.hr\/wp-content\/uploads\/2024\/03\/logo-franja_box.png\",\"width\":150,\"height\":60,\"caption\":\"Franja Coffe\"},\"image\":{\"@id\":\"https:\/\/franja.hr\/#\/schema\/logo\/image\/\"},\"sameAs\":[\"https:\/\/facebook.com\/franjakava\/\",\"https:\/\/www.instagram.com\/franjakava_caj\/\"]}]}<\/script>\n<meta property=\"product:price:amount\" content=\"5.30\" \/>\n<meta property=\"product:price:currency\" content=\"EUR\" \/>\n<meta property=\"og:availability\" content=\"instock\" \/>\n<meta property=\"product:availability\" content=\"instock\" \/>\n<meta property=\"product:retailer_item_id\" content=\"0372\" \/>\n<meta property=\"product:condition\" content=\"new\" \/>\n<!-- \/ Yoast SEO Premium plugin. -->","yoast_head_json":{"title":"Cinnamon - Franja Coffe","robots":{"index":"index","follow":"follow","max-snippet":"max-snippet:-1","max-image-preview":"max-image-preview:large","max-video-preview":"max-video-preview:-1"},"canonical":"https:\/\/franja.hr\/es\/producto\/cinnamon-2\/","og_locale":"es_ES","og_type":"article","og_title":"Cinnamon","og_description":"El t\u00edpico t\u00e9 suave de Ceil\u00e1n se refina con una nota natural de canela. Al agregar un chorrito de leche","og_url":"https:\/\/franja.hr\/es\/producto\/cinnamon-2\/","og_site_name":"Franja Coffe","article_publisher":"https:\/\/facebook.com\/franjakava\/","og_image":[{"width":1280,"height":1280,"url":"https:\/\/franja.hr\/wp-content\/uploads\/2024\/02\/10823_Kaneel.jpg","type":"image\/jpeg"}],"twitter_card":"summary_large_image","twitter_misc":{"Price":"5.30&nbsp;&euro; inc. VAT","Availability":"In stock"},"schema":{"@context":"https:\/\/schema.org","@graph":[{"@type":"WebPage","@id":"https:\/\/franja.hr\/es\/producto\/cinnamon-2\/","url":"https:\/\/franja.hr\/es\/producto\/cinnamon-2\/","name":"Cinnamon - Franja Coffe","isPartOf":{"@id":"https:\/\/franja.hr\/#website"},"primaryImageOfPage":{"@id":"https:\/\/franja.hr\/es\/producto\/cinnamon-2\/#primaryimage"},"image":{"@id":"https:\/\/franja.hr\/es\/producto\/cinnamon-2\/#primaryimage"},"thumbnailUrl":"https:\/\/franja.hr\/wp-content\/uploads\/2024\/02\/10823_Kaneel.jpg","datePublished":"2024-02-06T12:37:56+00:00","dateModified":"2024-02-06T12:37:56+00:00","breadcrumb":{"@id":"https:\/\/franja.hr\/es\/producto\/cinnamon-2\/#breadcrumb"},"inLanguage":"es","potentialAction":[{"@type":"ReadAction","target":["https:\/\/franja.hr\/es\/producto\/cinnamon-2\/"]}]},{"@type":"ImageObject","inLanguage":"es","@id":"https:\/\/franja.hr\/es\/producto\/cinnamon-2\/#primaryimage","url":"https:\/\/franja.hr\/wp-content\/uploads\/2024\/02\/10823_Kaneel.jpg","contentUrl":"https:\/\/franja.hr\/wp-content\/uploads\/2024\/02\/10823_Kaneel.jpg","width":1280,"height":1280},{"@type":"BreadcrumbList","@id":"https:\/\/franja.hr\/es\/producto\/cinnamon-2\/#breadcrumb","itemListElement":[{"@type":"ListItem","position":1,"name":"Home","item":"https:\/\/franja.hr\/es\/coffe-tea\/"},{"@type":"ListItem","position":2,"name":"Comercio","item":"https:\/\/franja.hr\/es\/comercio\/"},{"@type":"ListItem","position":3,"name":"Cinnamon"}]},{"@type":"WebSite","@id":"https:\/\/franja.hr\/#website","url":"https:\/\/franja.hr\/","name":"Franja Coffe","description":"Franja coffe &amp; teahouse","publisher":{"@id":"https:\/\/franja.hr\/#organization"},"potentialAction":[{"@type":"SearchAction","target":{"@type":"EntryPoint","urlTemplate":"https:\/\/franja.hr\/?s={search_term_string}"},"query-input":{"@type":"PropertyValueSpecification","valueRequired":true,"valueName":"search_term_string"}}],"inLanguage":"es"},{"@type":"Organization","@id":"https:\/\/franja.hr\/#organization","name":"Franja Coffe","url":"https:\/\/franja.hr\/","logo":{"@type":"ImageObject","inLanguage":"es","@id":"https:\/\/franja.hr\/#\/schema\/logo\/image\/","url":"https:\/\/franja.hr\/wp-content\/uploads\/2024\/03\/logo-franja_box.png","contentUrl":"https:\/\/franja.hr\/wp-content\/uploads\/2024\/03\/logo-franja_box.png","width":150,"height":60,"caption":"Franja Coffe"},"image":{"@id":"https:\/\/franja.hr\/#\/schema\/logo\/image\/"},"sameAs":["https:\/\/facebook.com\/franjakava\/","https:\/\/www.instagram.com\/franjakava_caj\/"]}]},"product_price_amount":"5.30","product_price_currency":"EUR","og_availability":"instock","product_availability":"instock","product_retailer_item_id":"0372","product_condition":"new"},"_links":{"self":[{"href":"https:\/\/franja.hr\/es\/wp-json\/wp\/v2\/product\/13660"}],"collection":[{"href":"https:\/\/franja.hr\/es\/wp-json\/wp\/v2\/product"}],"about":[{"href":"https:\/\/franja.hr\/es\/wp-json\/wp\/v2\/types\/product"}],"replies":[{"embeddable":true,"href":"https:\/\/franja.hr\/es\/wp-json\/wp\/v2\/comments?post=13660"}],"wp:featuredmedia":[{"embeddable":true,"href":"https:\/\/franja.hr\/es\/wp-json\/wp\/v2\/media\/13661"}],"wp:attachment":[{"href":"https:\/\/franja.hr\/es\/wp-json\/wp\/v2\/media?parent=13660"}],"wp:term":[{"taxonomy":"product_cat","embeddable":true,"href":"https:\/\/franja.hr\/es\/wp-json\/wp\/v2\/product_cat?post=13660"},{"taxonomy":"product_tag","embeddable":true,"href":"https:\/\/franja.hr\/es\/wp-json\/wp\/v2\/product_tag?post=13660"}],"curies":[{"name":"wp","href":"https:\/\/api.w.org\/{rel}","templated":true}]}}