{"id":13568,"date":"2024-02-08T17:27:16","date_gmt":"2024-02-08T17:27:16","guid":{"rendered":"https:\/\/franjashop.com\/product\/cocoa-nibs-sal-negra-de-hawai\/"},"modified":"2024-02-08T17:27:16","modified_gmt":"2024-02-08T17:27:16","slug":"cocoa-nibs-sal-negra-de-hawai","status":"publish","type":"product","link":"https:\/\/franja.hr\/es\/producto\/cocoa-nibs-sal-negra-de-hawai\/","title":{"rendered":"Cocoa Nibs &amp; Sal Negra de Haw\u00e1i"},"content":{"rendered":"<p>30g<\/p>\n<p>Descubre la armoniosa mezcla del delicioso chocolate con leche, trocitos de cacao y el sabor delicado y equilibrado de la sal negra de Haw\u00e1i, reconocida por sus propiedades desintoxicantes.<\/p>\n<p>Ingredientes: Az\u00facar, masa de cacao, manteca de cacao, leche entera en polvo, nibs de cacao 4%, emulsionante: lecitina de soja, sal negra de Haw\u00e1i 0.2%, aroma natural de vainilla. Cacao: m\u00ednimo 37%. Puede contener trazas de frutos secos, trigo, huevo y s\u00e9samo.<\/p>\n","protected":false},"excerpt":{"rendered":"<p>30g Descubre la armoniosa mezcla del delicioso chocolate con leche, trocitos de cacao y el sabor delicado y equilibrado de<\/p>\n","protected":false},"featured_media":13569,"comment_status":"closed","ping_status":"closed","template":"","meta":[],"product_cat":[438,439],"product_tag":[],"yoast_head":"<!-- This site is optimized with the Yoast SEO Premium plugin v23.5 (Yoast SEO v23.5) - https:\/\/yoast.com\/wordpress\/plugins\/seo\/ -->\n<title>Cocoa Nibs &amp; Sal Negra de Haw\u00e1i - Franja Coffe<\/title>\n<meta name=\"robots\" content=\"index, follow, max-snippet:-1, max-image-preview:large, max-video-preview:-1\" \/>\n<link rel=\"canonical\" href=\"https:\/\/franja.hr\/es\/producto\/cocoa-nibs-sal-negra-de-hawai\/\" \/>\n<meta property=\"og:locale\" content=\"es_ES\" \/>\n<meta property=\"og:type\" content=\"article\" \/>\n<meta property=\"og:title\" content=\"Cocoa Nibs &amp; Sal Negra de Haw\u00e1i\" \/>\n<meta property=\"og:description\" content=\"30g Descubre la armoniosa mezcla del delicioso chocolate con leche, trocitos de cacao y el sabor delicado y equilibrado de\" \/>\n<meta property=\"og:url\" content=\"https:\/\/franja.hr\/es\/producto\/cocoa-nibs-sal-negra-de-hawai\/\" \/>\n<meta property=\"og:site_name\" content=\"Franja Coffe\" \/>\n<meta property=\"article:publisher\" content=\"https:\/\/facebook.com\/franjakava\/\" \/>\n<meta property=\"og:image\" content=\"https:\/\/franja.hr\/wp-content\/uploads\/2024\/02\/franja_0079.jpeg\" \/>\n\t<meta property=\"og:image:width\" content=\"1615\" \/>\n\t<meta property=\"og:image:height\" content=\"1615\" \/>\n\t<meta property=\"og:image:type\" content=\"image\/jpeg\" \/>\n<meta name=\"twitter:card\" content=\"summary_large_image\" \/>\n<meta name=\"twitter:label1\" content=\"Price\" \/>\n\t<meta name=\"twitter:data1\" content=\"1.99&nbsp;&euro; inc. VAT\" \/>\n\t<meta name=\"twitter:label2\" content=\"Availability\" \/>\n\t<meta name=\"twitter:data2\" content=\"In stock\" \/>\n<script type=\"application\/ld+json\" class=\"yoast-schema-graph\">{\"@context\":\"https:\/\/schema.org\",\"@graph\":[{\"@type\":\"WebPage\",\"@id\":\"https:\/\/franja.hr\/es\/producto\/cocoa-nibs-sal-negra-de-hawai\/\",\"url\":\"https:\/\/franja.hr\/es\/producto\/cocoa-nibs-sal-negra-de-hawai\/\",\"name\":\"Cocoa Nibs &amp; Sal Negra de Haw\u00e1i - Franja Coffe\",\"isPartOf\":{\"@id\":\"https:\/\/franja.hr\/#website\"},\"primaryImageOfPage\":{\"@id\":\"https:\/\/franja.hr\/es\/producto\/cocoa-nibs-sal-negra-de-hawai\/#primaryimage\"},\"image\":{\"@id\":\"https:\/\/franja.hr\/es\/producto\/cocoa-nibs-sal-negra-de-hawai\/#primaryimage\"},\"thumbnailUrl\":\"https:\/\/franja.hr\/wp-content\/uploads\/2024\/02\/franja_0079.jpeg\",\"datePublished\":\"2024-02-08T17:27:16+00:00\",\"dateModified\":\"2024-02-08T17:27:16+00:00\",\"breadcrumb\":{\"@id\":\"https:\/\/franja.hr\/es\/producto\/cocoa-nibs-sal-negra-de-hawai\/#breadcrumb\"},\"inLanguage\":\"es\",\"potentialAction\":[{\"@type\":\"ReadAction\",\"target\":[\"https:\/\/franja.hr\/es\/producto\/cocoa-nibs-sal-negra-de-hawai\/\"]}]},{\"@type\":\"ImageObject\",\"inLanguage\":\"es\",\"@id\":\"https:\/\/franja.hr\/es\/producto\/cocoa-nibs-sal-negra-de-hawai\/#primaryimage\",\"url\":\"https:\/\/franja.hr\/wp-content\/uploads\/2024\/02\/franja_0079.jpeg\",\"contentUrl\":\"https:\/\/franja.hr\/wp-content\/uploads\/2024\/02\/franja_0079.jpeg\",\"width\":1615,\"height\":1615},{\"@type\":\"BreadcrumbList\",\"@id\":\"https:\/\/franja.hr\/es\/producto\/cocoa-nibs-sal-negra-de-hawai\/#breadcrumb\",\"itemListElement\":[{\"@type\":\"ListItem\",\"position\":1,\"name\":\"Home\",\"item\":\"https:\/\/franja.hr\/es\/coffe-tea\/\"},{\"@type\":\"ListItem\",\"position\":2,\"name\":\"Comercio\",\"item\":\"https:\/\/franja.hr\/es\/comercio\/\"},{\"@type\":\"ListItem\",\"position\":3,\"name\":\"Cocoa Nibs &amp; Sal Negra de Haw\u00e1i\"}]},{\"@type\":\"WebSite\",\"@id\":\"https:\/\/franja.hr\/#website\",\"url\":\"https:\/\/franja.hr\/\",\"name\":\"Franja Coffe\",\"description\":\"Franja coffe &amp; teahouse\",\"publisher\":{\"@id\":\"https:\/\/franja.hr\/#organization\"},\"potentialAction\":[{\"@type\":\"SearchAction\",\"target\":{\"@type\":\"EntryPoint\",\"urlTemplate\":\"https:\/\/franja.hr\/?s={search_term_string}\"},\"query-input\":{\"@type\":\"PropertyValueSpecification\",\"valueRequired\":true,\"valueName\":\"search_term_string\"}}],\"inLanguage\":\"es\"},{\"@type\":\"Organization\",\"@id\":\"https:\/\/franja.hr\/#organization\",\"name\":\"Franja Coffe\",\"url\":\"https:\/\/franja.hr\/\",\"logo\":{\"@type\":\"ImageObject\",\"inLanguage\":\"es\",\"@id\":\"https:\/\/franja.hr\/#\/schema\/logo\/image\/\",\"url\":\"https:\/\/franja.hr\/wp-content\/uploads\/2024\/03\/logo-franja_box.png\",\"contentUrl\":\"https:\/\/franja.hr\/wp-content\/uploads\/2024\/03\/logo-franja_box.png\",\"width\":150,\"height\":60,\"caption\":\"Franja Coffe\"},\"image\":{\"@id\":\"https:\/\/franja.hr\/#\/schema\/logo\/image\/\"},\"sameAs\":[\"https:\/\/facebook.com\/franjakava\/\",\"https:\/\/www.instagram.com\/franjakava_caj\/\"]}]}<\/script>\n<meta property=\"product:price:amount\" content=\"1.99\" \/>\n<meta property=\"product:price:currency\" content=\"EUR\" \/>\n<meta property=\"og:availability\" content=\"instock\" \/>\n<meta property=\"product:availability\" content=\"instock\" \/>\n<meta property=\"product:retailer_item_id\" content=\"0344\" \/>\n<meta property=\"product:condition\" content=\"new\" \/>\n<!-- \/ Yoast SEO Premium plugin. -->","yoast_head_json":{"title":"Cocoa Nibs &amp; Sal Negra de Haw\u00e1i - Franja Coffe","robots":{"index":"index","follow":"follow","max-snippet":"max-snippet:-1","max-image-preview":"max-image-preview:large","max-video-preview":"max-video-preview:-1"},"canonical":"https:\/\/franja.hr\/es\/producto\/cocoa-nibs-sal-negra-de-hawai\/","og_locale":"es_ES","og_type":"article","og_title":"Cocoa Nibs &amp; Sal Negra de Haw\u00e1i","og_description":"30g Descubre la armoniosa mezcla del delicioso chocolate con leche, trocitos de cacao y el sabor delicado y equilibrado de","og_url":"https:\/\/franja.hr\/es\/producto\/cocoa-nibs-sal-negra-de-hawai\/","og_site_name":"Franja Coffe","article_publisher":"https:\/\/facebook.com\/franjakava\/","og_image":[{"width":1615,"height":1615,"url":"https:\/\/franja.hr\/wp-content\/uploads\/2024\/02\/franja_0079.jpeg","type":"image\/jpeg"}],"twitter_card":"summary_large_image","twitter_misc":{"Price":"1.99&nbsp;&euro; inc. VAT","Availability":"In stock"},"schema":{"@context":"https:\/\/schema.org","@graph":[{"@type":"WebPage","@id":"https:\/\/franja.hr\/es\/producto\/cocoa-nibs-sal-negra-de-hawai\/","url":"https:\/\/franja.hr\/es\/producto\/cocoa-nibs-sal-negra-de-hawai\/","name":"Cocoa Nibs &amp; Sal Negra de Haw\u00e1i - Franja Coffe","isPartOf":{"@id":"https:\/\/franja.hr\/#website"},"primaryImageOfPage":{"@id":"https:\/\/franja.hr\/es\/producto\/cocoa-nibs-sal-negra-de-hawai\/#primaryimage"},"image":{"@id":"https:\/\/franja.hr\/es\/producto\/cocoa-nibs-sal-negra-de-hawai\/#primaryimage"},"thumbnailUrl":"https:\/\/franja.hr\/wp-content\/uploads\/2024\/02\/franja_0079.jpeg","datePublished":"2024-02-08T17:27:16+00:00","dateModified":"2024-02-08T17:27:16+00:00","breadcrumb":{"@id":"https:\/\/franja.hr\/es\/producto\/cocoa-nibs-sal-negra-de-hawai\/#breadcrumb"},"inLanguage":"es","potentialAction":[{"@type":"ReadAction","target":["https:\/\/franja.hr\/es\/producto\/cocoa-nibs-sal-negra-de-hawai\/"]}]},{"@type":"ImageObject","inLanguage":"es","@id":"https:\/\/franja.hr\/es\/producto\/cocoa-nibs-sal-negra-de-hawai\/#primaryimage","url":"https:\/\/franja.hr\/wp-content\/uploads\/2024\/02\/franja_0079.jpeg","contentUrl":"https:\/\/franja.hr\/wp-content\/uploads\/2024\/02\/franja_0079.jpeg","width":1615,"height":1615},{"@type":"BreadcrumbList","@id":"https:\/\/franja.hr\/es\/producto\/cocoa-nibs-sal-negra-de-hawai\/#breadcrumb","itemListElement":[{"@type":"ListItem","position":1,"name":"Home","item":"https:\/\/franja.hr\/es\/coffe-tea\/"},{"@type":"ListItem","position":2,"name":"Comercio","item":"https:\/\/franja.hr\/es\/comercio\/"},{"@type":"ListItem","position":3,"name":"Cocoa Nibs &amp; Sal Negra de Haw\u00e1i"}]},{"@type":"WebSite","@id":"https:\/\/franja.hr\/#website","url":"https:\/\/franja.hr\/","name":"Franja Coffe","description":"Franja coffe &amp; teahouse","publisher":{"@id":"https:\/\/franja.hr\/#organization"},"potentialAction":[{"@type":"SearchAction","target":{"@type":"EntryPoint","urlTemplate":"https:\/\/franja.hr\/?s={search_term_string}"},"query-input":{"@type":"PropertyValueSpecification","valueRequired":true,"valueName":"search_term_string"}}],"inLanguage":"es"},{"@type":"Organization","@id":"https:\/\/franja.hr\/#organization","name":"Franja Coffe","url":"https:\/\/franja.hr\/","logo":{"@type":"ImageObject","inLanguage":"es","@id":"https:\/\/franja.hr\/#\/schema\/logo\/image\/","url":"https:\/\/franja.hr\/wp-content\/uploads\/2024\/03\/logo-franja_box.png","contentUrl":"https:\/\/franja.hr\/wp-content\/uploads\/2024\/03\/logo-franja_box.png","width":150,"height":60,"caption":"Franja Coffe"},"image":{"@id":"https:\/\/franja.hr\/#\/schema\/logo\/image\/"},"sameAs":["https:\/\/facebook.com\/franjakava\/","https:\/\/www.instagram.com\/franjakava_caj\/"]}]},"product_price_amount":"1.99","product_price_currency":"EUR","og_availability":"instock","product_availability":"instock","product_retailer_item_id":"0344","product_condition":"new"},"_links":{"self":[{"href":"https:\/\/franja.hr\/es\/wp-json\/wp\/v2\/product\/13568"}],"collection":[{"href":"https:\/\/franja.hr\/es\/wp-json\/wp\/v2\/product"}],"about":[{"href":"https:\/\/franja.hr\/es\/wp-json\/wp\/v2\/types\/product"}],"replies":[{"embeddable":true,"href":"https:\/\/franja.hr\/es\/wp-json\/wp\/v2\/comments?post=13568"}],"wp:featuredmedia":[{"embeddable":true,"href":"https:\/\/franja.hr\/es\/wp-json\/wp\/v2\/media\/13569"}],"wp:attachment":[{"href":"https:\/\/franja.hr\/es\/wp-json\/wp\/v2\/media?parent=13568"}],"wp:term":[{"taxonomy":"product_cat","embeddable":true,"href":"https:\/\/franja.hr\/es\/wp-json\/wp\/v2\/product_cat?post=13568"},{"taxonomy":"product_tag","embeddable":true,"href":"https:\/\/franja.hr\/es\/wp-json\/wp\/v2\/product_tag?post=13568"}],"curies":[{"name":"wp","href":"https:\/\/api.w.org\/{rel}","templated":true}]}}