{"id":13506,"date":"2024-02-09T08:19:02","date_gmt":"2024-02-09T08:19:02","guid":{"rendered":"https:\/\/franjashop.com\/product\/stracciatella-de-avellanas-en-chocolate-blanco\/"},"modified":"2024-02-09T08:19:02","modified_gmt":"2024-02-09T08:19:02","slug":"stracciatella-de-avellanas-en-chocolate-blanco","status":"publish","type":"product","link":"https:\/\/franja.hr\/es\/producto\/stracciatella-de-avellanas-en-chocolate-blanco\/","title":{"rendered":"Stracciatella de avellanas en chocolate blanco."},"content":{"rendered":"<p>100g<\/p>\n<p>\u00a1Mezcla las cosas un poco en un momento de relajaci\u00f3n! \u00bfQu\u00e9 tal un poco de chocolate blanco con la adici\u00f3n de chocolate de postre? \u00a1Y esto en combinaci\u00f3n con una avellana crujiente! El aroma a vainilla, un toque de chocolate negro y estar\u00e1s en dulce \u00e9xtasis. Siente el clima de la soleada Italia con stracciatella de avellanas de Doti.<\/p>\n<p>Descripci\u00f3n: Avellanas stracciatella, chocolate blanco, fabricaci\u00f3n tradicional.<\/p>\n","protected":false},"excerpt":{"rendered":"<p>100g \u00a1Mezcla las cosas un poco en un momento de relajaci\u00f3n! \u00bfQu\u00e9 tal un poco de chocolate blanco con la<\/p>\n","protected":false},"featured_media":13507,"comment_status":"closed","ping_status":"closed","template":"","meta":[],"product_cat":[440,438],"product_tag":[],"yoast_head":"<!-- This site is optimized with the Yoast SEO Premium plugin v23.5 (Yoast SEO v23.5) - https:\/\/yoast.com\/wordpress\/plugins\/seo\/ -->\n<title>Stracciatella de avellanas en chocolate blanco. - Franja Coffe<\/title>\n<meta name=\"robots\" content=\"index, follow, max-snippet:-1, max-image-preview:large, max-video-preview:-1\" \/>\n<link rel=\"canonical\" href=\"https:\/\/franja.hr\/es\/producto\/stracciatella-de-avellanas-en-chocolate-blanco\/\" \/>\n<meta property=\"og:locale\" content=\"es_ES\" \/>\n<meta property=\"og:type\" content=\"article\" \/>\n<meta property=\"og:title\" content=\"Stracciatella de avellanas en chocolate blanco.\" \/>\n<meta property=\"og:description\" content=\"100g \u00a1Mezcla las cosas un poco en un momento de relajaci\u00f3n! \u00bfQu\u00e9 tal un poco de chocolate blanco con la\" \/>\n<meta property=\"og:url\" content=\"https:\/\/franja.hr\/es\/producto\/stracciatella-de-avellanas-en-chocolate-blanco\/\" \/>\n<meta property=\"og:site_name\" content=\"Franja Coffe\" \/>\n<meta property=\"article:publisher\" content=\"https:\/\/facebook.com\/franjakava\/\" \/>\n<meta property=\"og:image\" content=\"https:\/\/franja.hr\/wp-content\/uploads\/2024\/02\/franja_0089.jpeg\" \/>\n\t<meta property=\"og:image:width\" content=\"376\" \/>\n\t<meta property=\"og:image:height\" content=\"376\" \/>\n\t<meta property=\"og:image:type\" content=\"image\/jpeg\" \/>\n<meta name=\"twitter:card\" content=\"summary_large_image\" \/>\n<meta name=\"twitter:label1\" content=\"Price\" \/>\n\t<meta name=\"twitter:data1\" content=\"4.99&nbsp;&euro; inc. VAT\" \/>\n\t<meta name=\"twitter:label2\" content=\"Availability\" \/>\n\t<meta name=\"twitter:data2\" content=\"In stock\" \/>\n<script type=\"application\/ld+json\" class=\"yoast-schema-graph\">{\"@context\":\"https:\/\/schema.org\",\"@graph\":[{\"@type\":\"WebPage\",\"@id\":\"https:\/\/franja.hr\/es\/producto\/stracciatella-de-avellanas-en-chocolate-blanco\/\",\"url\":\"https:\/\/franja.hr\/es\/producto\/stracciatella-de-avellanas-en-chocolate-blanco\/\",\"name\":\"Stracciatella de avellanas en chocolate blanco. - Franja Coffe\",\"isPartOf\":{\"@id\":\"https:\/\/franja.hr\/#website\"},\"primaryImageOfPage\":{\"@id\":\"https:\/\/franja.hr\/es\/producto\/stracciatella-de-avellanas-en-chocolate-blanco\/#primaryimage\"},\"image\":{\"@id\":\"https:\/\/franja.hr\/es\/producto\/stracciatella-de-avellanas-en-chocolate-blanco\/#primaryimage\"},\"thumbnailUrl\":\"https:\/\/franja.hr\/wp-content\/uploads\/2024\/02\/franja_0089.jpeg\",\"datePublished\":\"2024-02-09T08:19:02+00:00\",\"dateModified\":\"2024-02-09T08:19:02+00:00\",\"breadcrumb\":{\"@id\":\"https:\/\/franja.hr\/es\/producto\/stracciatella-de-avellanas-en-chocolate-blanco\/#breadcrumb\"},\"inLanguage\":\"es\",\"potentialAction\":[{\"@type\":\"ReadAction\",\"target\":[\"https:\/\/franja.hr\/es\/producto\/stracciatella-de-avellanas-en-chocolate-blanco\/\"]}]},{\"@type\":\"ImageObject\",\"inLanguage\":\"es\",\"@id\":\"https:\/\/franja.hr\/es\/producto\/stracciatella-de-avellanas-en-chocolate-blanco\/#primaryimage\",\"url\":\"https:\/\/franja.hr\/wp-content\/uploads\/2024\/02\/franja_0089.jpeg\",\"contentUrl\":\"https:\/\/franja.hr\/wp-content\/uploads\/2024\/02\/franja_0089.jpeg\",\"width\":376,\"height\":376},{\"@type\":\"BreadcrumbList\",\"@id\":\"https:\/\/franja.hr\/es\/producto\/stracciatella-de-avellanas-en-chocolate-blanco\/#breadcrumb\",\"itemListElement\":[{\"@type\":\"ListItem\",\"position\":1,\"name\":\"Home\",\"item\":\"https:\/\/franja.hr\/es\/coffe-tea\/\"},{\"@type\":\"ListItem\",\"position\":2,\"name\":\"Comercio\",\"item\":\"https:\/\/franja.hr\/es\/comercio\/\"},{\"@type\":\"ListItem\",\"position\":3,\"name\":\"Stracciatella de avellanas en chocolate blanco.\"}]},{\"@type\":\"WebSite\",\"@id\":\"https:\/\/franja.hr\/#website\",\"url\":\"https:\/\/franja.hr\/\",\"name\":\"Franja Coffe\",\"description\":\"Franja coffe &amp; teahouse\",\"publisher\":{\"@id\":\"https:\/\/franja.hr\/#organization\"},\"potentialAction\":[{\"@type\":\"SearchAction\",\"target\":{\"@type\":\"EntryPoint\",\"urlTemplate\":\"https:\/\/franja.hr\/?s={search_term_string}\"},\"query-input\":{\"@type\":\"PropertyValueSpecification\",\"valueRequired\":true,\"valueName\":\"search_term_string\"}}],\"inLanguage\":\"es\"},{\"@type\":\"Organization\",\"@id\":\"https:\/\/franja.hr\/#organization\",\"name\":\"Franja Coffe\",\"url\":\"https:\/\/franja.hr\/\",\"logo\":{\"@type\":\"ImageObject\",\"inLanguage\":\"es\",\"@id\":\"https:\/\/franja.hr\/#\/schema\/logo\/image\/\",\"url\":\"https:\/\/franja.hr\/wp-content\/uploads\/2024\/03\/logo-franja_box.png\",\"contentUrl\":\"https:\/\/franja.hr\/wp-content\/uploads\/2024\/03\/logo-franja_box.png\",\"width\":150,\"height\":60,\"caption\":\"Franja Coffe\"},\"image\":{\"@id\":\"https:\/\/franja.hr\/#\/schema\/logo\/image\/\"},\"sameAs\":[\"https:\/\/facebook.com\/franjakava\/\",\"https:\/\/www.instagram.com\/franjakava_caj\/\"]}]}<\/script>\n<meta property=\"product:price:amount\" content=\"4.99\" \/>\n<meta property=\"product:price:currency\" content=\"EUR\" \/>\n<meta property=\"og:availability\" content=\"instock\" \/>\n<meta property=\"product:availability\" content=\"instock\" \/>\n<meta property=\"product:retailer_item_id\" content=\"0313\" \/>\n<meta property=\"product:condition\" content=\"new\" \/>\n<!-- \/ Yoast SEO Premium plugin. -->","yoast_head_json":{"title":"Stracciatella de avellanas en chocolate blanco. - Franja Coffe","robots":{"index":"index","follow":"follow","max-snippet":"max-snippet:-1","max-image-preview":"max-image-preview:large","max-video-preview":"max-video-preview:-1"},"canonical":"https:\/\/franja.hr\/es\/producto\/stracciatella-de-avellanas-en-chocolate-blanco\/","og_locale":"es_ES","og_type":"article","og_title":"Stracciatella de avellanas en chocolate blanco.","og_description":"100g \u00a1Mezcla las cosas un poco en un momento de relajaci\u00f3n! \u00bfQu\u00e9 tal un poco de chocolate blanco con la","og_url":"https:\/\/franja.hr\/es\/producto\/stracciatella-de-avellanas-en-chocolate-blanco\/","og_site_name":"Franja Coffe","article_publisher":"https:\/\/facebook.com\/franjakava\/","og_image":[{"width":376,"height":376,"url":"https:\/\/franja.hr\/wp-content\/uploads\/2024\/02\/franja_0089.jpeg","type":"image\/jpeg"}],"twitter_card":"summary_large_image","twitter_misc":{"Price":"4.99&nbsp;&euro; inc. VAT","Availability":"In stock"},"schema":{"@context":"https:\/\/schema.org","@graph":[{"@type":"WebPage","@id":"https:\/\/franja.hr\/es\/producto\/stracciatella-de-avellanas-en-chocolate-blanco\/","url":"https:\/\/franja.hr\/es\/producto\/stracciatella-de-avellanas-en-chocolate-blanco\/","name":"Stracciatella de avellanas en chocolate blanco. - Franja Coffe","isPartOf":{"@id":"https:\/\/franja.hr\/#website"},"primaryImageOfPage":{"@id":"https:\/\/franja.hr\/es\/producto\/stracciatella-de-avellanas-en-chocolate-blanco\/#primaryimage"},"image":{"@id":"https:\/\/franja.hr\/es\/producto\/stracciatella-de-avellanas-en-chocolate-blanco\/#primaryimage"},"thumbnailUrl":"https:\/\/franja.hr\/wp-content\/uploads\/2024\/02\/franja_0089.jpeg","datePublished":"2024-02-09T08:19:02+00:00","dateModified":"2024-02-09T08:19:02+00:00","breadcrumb":{"@id":"https:\/\/franja.hr\/es\/producto\/stracciatella-de-avellanas-en-chocolate-blanco\/#breadcrumb"},"inLanguage":"es","potentialAction":[{"@type":"ReadAction","target":["https:\/\/franja.hr\/es\/producto\/stracciatella-de-avellanas-en-chocolate-blanco\/"]}]},{"@type":"ImageObject","inLanguage":"es","@id":"https:\/\/franja.hr\/es\/producto\/stracciatella-de-avellanas-en-chocolate-blanco\/#primaryimage","url":"https:\/\/franja.hr\/wp-content\/uploads\/2024\/02\/franja_0089.jpeg","contentUrl":"https:\/\/franja.hr\/wp-content\/uploads\/2024\/02\/franja_0089.jpeg","width":376,"height":376},{"@type":"BreadcrumbList","@id":"https:\/\/franja.hr\/es\/producto\/stracciatella-de-avellanas-en-chocolate-blanco\/#breadcrumb","itemListElement":[{"@type":"ListItem","position":1,"name":"Home","item":"https:\/\/franja.hr\/es\/coffe-tea\/"},{"@type":"ListItem","position":2,"name":"Comercio","item":"https:\/\/franja.hr\/es\/comercio\/"},{"@type":"ListItem","position":3,"name":"Stracciatella de avellanas en chocolate blanco."}]},{"@type":"WebSite","@id":"https:\/\/franja.hr\/#website","url":"https:\/\/franja.hr\/","name":"Franja Coffe","description":"Franja coffe &amp; teahouse","publisher":{"@id":"https:\/\/franja.hr\/#organization"},"potentialAction":[{"@type":"SearchAction","target":{"@type":"EntryPoint","urlTemplate":"https:\/\/franja.hr\/?s={search_term_string}"},"query-input":{"@type":"PropertyValueSpecification","valueRequired":true,"valueName":"search_term_string"}}],"inLanguage":"es"},{"@type":"Organization","@id":"https:\/\/franja.hr\/#organization","name":"Franja Coffe","url":"https:\/\/franja.hr\/","logo":{"@type":"ImageObject","inLanguage":"es","@id":"https:\/\/franja.hr\/#\/schema\/logo\/image\/","url":"https:\/\/franja.hr\/wp-content\/uploads\/2024\/03\/logo-franja_box.png","contentUrl":"https:\/\/franja.hr\/wp-content\/uploads\/2024\/03\/logo-franja_box.png","width":150,"height":60,"caption":"Franja Coffe"},"image":{"@id":"https:\/\/franja.hr\/#\/schema\/logo\/image\/"},"sameAs":["https:\/\/facebook.com\/franjakava\/","https:\/\/www.instagram.com\/franjakava_caj\/"]}]},"product_price_amount":"4.99","product_price_currency":"EUR","og_availability":"instock","product_availability":"instock","product_retailer_item_id":"0313","product_condition":"new"},"_links":{"self":[{"href":"https:\/\/franja.hr\/es\/wp-json\/wp\/v2\/product\/13506"}],"collection":[{"href":"https:\/\/franja.hr\/es\/wp-json\/wp\/v2\/product"}],"about":[{"href":"https:\/\/franja.hr\/es\/wp-json\/wp\/v2\/types\/product"}],"replies":[{"embeddable":true,"href":"https:\/\/franja.hr\/es\/wp-json\/wp\/v2\/comments?post=13506"}],"wp:featuredmedia":[{"embeddable":true,"href":"https:\/\/franja.hr\/es\/wp-json\/wp\/v2\/media\/13507"}],"wp:attachment":[{"href":"https:\/\/franja.hr\/es\/wp-json\/wp\/v2\/media?parent=13506"}],"wp:term":[{"taxonomy":"product_cat","embeddable":true,"href":"https:\/\/franja.hr\/es\/wp-json\/wp\/v2\/product_cat?post=13506"},{"taxonomy":"product_tag","embeddable":true,"href":"https:\/\/franja.hr\/es\/wp-json\/wp\/v2\/product_tag?post=13506"}],"curies":[{"name":"wp","href":"https:\/\/api.w.org\/{rel}","templated":true}]}}